{"id":9407,"date":"2025-09-15T14:56:11","date_gmt":"2025-09-15T12:56:11","guid":{"rendered":"https:\/\/boreait.com\/fr\/?post_type=product&#038;p=9407"},"modified":"2025-09-15T14:57:11","modified_gmt":"2025-09-15T12:57:11","slug":"boitier-inferieur-pour-ordinateur-portable-dell-latitude-e5570-c16xc-0c16xc-cn-0c16xc","status":"publish","type":"product","link":"https:\/\/boreait.com\/fr\/produit\/boitier-inferieur-pour-ordinateur-portable-dell-latitude-e5570-c16xc-0c16xc-cn-0c16xc\/","title":{"rendered":"Bo\u00eetier inf\u00e9rieur pour ordinateur portable Dell Latitude E5570 C16XC 0C16XC CN-0C16XC"},"content":{"rendered":"<p>Am\u00e9liorez le ch\u00e2ssis inf\u00e9rieur de votre ordinateur portable Dell Latitude E5570 avec le ch\u00e2ssis inf\u00e9rieur Dell Latitude E5570 (C16XC). Con\u00e7u pour offrir durabilit\u00e9 et protection aux composants internes de votre ordinateur portable, ce ch\u00e2ssis Dell d&rsquo;origine offre un ajustement parfait et des performances fiables.<\/p>\n<p>Fabriqu\u00e9 par Dell, leader reconnu dans le domaine des ordinateurs portables, le ch\u00e2ssis C16XC est con\u00e7u pour r\u00e9pondre aux normes de qualit\u00e9 les plus strictes. Il prot\u00e8ge les composants internes de votre ordinateur portable des \u00e9l\u00e9ments ext\u00e9rieurs, pr\u00e9servant ainsi son int\u00e9grit\u00e9 et sa long\u00e9vit\u00e9.<\/p>\n<p>Que vous remplaciez un ch\u00e2ssis endommag\u00e9 ou que vous cherchiez \u00e0 renforcer la protection de votre ordinateur portable, le C16XC est le choix id\u00e9al. Il est con\u00e7u pour s&rsquo;aligner parfaitement avec les composants d&rsquo;origine de votre ordinateur portable, pour une installation simplifi\u00e9e. <\/p>\n<p>Am\u00e9liorez votre ordinateur portable Dell Latitude E5570 avec le bo\u00eetier inf\u00e9rieur pour ordinateur portable Dell Latitude E5570 (C16XC) et assurez la s\u00e9curit\u00e9 et la durabilit\u00e9 de votre pr\u00e9cieux appareil. Prot\u00e9gez votre investissement et profitez de la tranquillit\u00e9 d&rsquo;esprit offerte par la qualit\u00e9 Dell authentique.<\/p>\n<p>Veuillez v\u00e9rifier la compatibilit\u00e9 avec votre mod\u00e8le d&rsquo;ordinateur portable avant d&rsquo;effectuer votre achat.<\/p>\n","protected":false},"excerpt":{"rendered":"<p>Am\u00e9liorez la protection et la durabilit\u00e9 de votre ordinateur portable Dell Latitude E5570 avec la housse de protection inf\u00e9rieure pour ordinateur portable Dell Latitude E5570 (C16XC). Profitez d&rsquo;un ajustement parfait et de performances fiables.<\/p>\n","protected":false},"featured_media":9477,"template":"","meta":[],"product_brand":[],"product_cat":[52],"product_tag":[53],"class_list":{"0":"post-9407","1":"product","2":"type-product","3":"status-publish","4":"has-post-thumbnail","6":"product_cat-laptop-housing","7":"product_tag-dell","9":"first","10":"instock","11":"taxable","12":"shipping-taxable","13":"purchasable","14":"product-type-simple"},"_links":{"self":[{"href":"https:\/\/boreait.com\/fr\/wp-json\/wp\/v2\/product\/9407","targetHints":{"allow":["GET"]}}],"collection":[{"href":"https:\/\/boreait.com\/fr\/wp-json\/wp\/v2\/product"}],"about":[{"href":"https:\/\/boreait.com\/fr\/wp-json\/wp\/v2\/types\/product"}],"wp:featuredmedia":[{"embeddable":true,"href":"https:\/\/boreait.com\/fr\/wp-json\/wp\/v2\/media\/9477"}],"wp:attachment":[{"href":"https:\/\/boreait.com\/fr\/wp-json\/wp\/v2\/media?parent=9407"}],"wp:term":[{"taxonomy":"product_brand","embeddable":true,"href":"https:\/\/boreait.com\/fr\/wp-json\/wp\/v2\/product_brand?post=9407"},{"taxonomy":"product_cat","embeddable":true,"href":"https:\/\/boreait.com\/fr\/wp-json\/wp\/v2\/product_cat?post=9407"},{"taxonomy":"product_tag","embeddable":true,"href":"https:\/\/boreait.com\/fr\/wp-json\/wp\/v2\/product_tag?post=9407"}],"curies":[{"name":"wp","href":"https:\/\/api.w.org\/{rel}","templated":true}]}}