{"id":9404,"date":"2025-09-15T14:56:11","date_gmt":"2025-09-15T12:56:11","guid":{"rendered":"https:\/\/boreait.com\/fr\/?post_type=product&#038;p=9404"},"modified":"2025-09-15T14:57:05","modified_gmt":"2025-09-15T12:57:05","slug":"repose-mains-pour-ordinateur-portable-hp-elitebook-820-g1-series-783215-001","status":"publish","type":"product","link":"https:\/\/boreait.com\/fr\/produit\/repose-mains-pour-ordinateur-portable-hp-elitebook-820-g1-series-783215-001\/","title":{"rendered":"Repose-mains pour ordinateur portable HP EliteBook 820 G1 Series 783215-001"},"content":{"rendered":"<p>Am\u00e9liorez l&rsquo;apparence et les fonctionnalit\u00e9s de votre ordinateur portable HP EliteBook s\u00e9rie 820 G1 avec le repose-poignets HP 783215-001. Con\u00e7u pour offrir un repose-poignets confortable et prot\u00e9ger les composants internes de votre ordinateur portable, ce repose-poignets HP authentique allie style et durabilit\u00e9.<\/p>\n<p>Fabriqu\u00e9 pour l&rsquo;EliteBook s\u00e9rie 820 G1 par HP, leader reconnu en mati\u00e8re de technologies informatiques, le repose-poignets 783215-001 est con\u00e7u pour une int\u00e9gration parfaite et une parfaite int\u00e9gration \u00e0 votre ordinateur portable. Il rehausse non seulement l&rsquo;esth\u00e9tique de votre ordinateur portable, mais offre \u00e9galement un repose-poignets pratique pour les longues sessions de frappe.<\/p>\n<p>L&rsquo;installation est simple et le repose-poignets est fourni avec tous les composants n\u00e9cessaires pour une mise \u00e0 niveau sans tracas. En choisissant ce repose-poignets HP authentique, vous investissez \u00e0 la fois dans l&rsquo;esth\u00e9tique et la protection de votre ordinateur portable.<\/p>\n<p>Am\u00e9liorez l&rsquo;apparence et la convivialit\u00e9 de votre ordinateur portable avec le repose-poignets pour ordinateur portable HP EliteBook 820 G1 Series 783215-001. Profitez d&rsquo;un repose-poignets confortable et d&rsquo;une protection renforc\u00e9e pour votre ordinateur portable. Optimisez votre exp\u00e9rience informatique avec ce repose-poignets \u00e9l\u00e9gant et fonctionnel.<\/p>\n<p>Veuillez v\u00e9rifier la compatibilit\u00e9 avec votre mod\u00e8le d&rsquo;ordinateur portable avant d&rsquo;effectuer votre achat.<\/p>\n","protected":false},"excerpt":{"rendered":"<p>Optimisez votre ordinateur portable HP EliteBook s\u00e9rie 820 G1 avec le repose-poignets HP 783215-001. Profitez d&rsquo;un repose-poignets confortable et d&rsquo;une protection renforc\u00e9e pour les composants internes de votre ordinateur.<\/p>\n","protected":false},"featured_media":9471,"template":"","meta":[],"product_brand":[],"product_cat":[52],"product_tag":[61],"class_list":{"0":"post-9404","1":"product","2":"type-product","3":"status-publish","4":"has-post-thumbnail","6":"product_cat-laptop-housing","7":"product_tag-hp","9":"first","10":"instock","11":"taxable","12":"shipping-taxable","13":"purchasable","14":"product-type-simple"},"_links":{"self":[{"href":"https:\/\/boreait.com\/fr\/wp-json\/wp\/v2\/product\/9404","targetHints":{"allow":["GET"]}}],"collection":[{"href":"https:\/\/boreait.com\/fr\/wp-json\/wp\/v2\/product"}],"about":[{"href":"https:\/\/boreait.com\/fr\/wp-json\/wp\/v2\/types\/product"}],"wp:featuredmedia":[{"embeddable":true,"href":"https:\/\/boreait.com\/fr\/wp-json\/wp\/v2\/media\/9471"}],"wp:attachment":[{"href":"https:\/\/boreait.com\/fr\/wp-json\/wp\/v2\/media?parent=9404"}],"wp:term":[{"taxonomy":"product_brand","embeddable":true,"href":"https:\/\/boreait.com\/fr\/wp-json\/wp\/v2\/product_brand?post=9404"},{"taxonomy":"product_cat","embeddable":true,"href":"https:\/\/boreait.com\/fr\/wp-json\/wp\/v2\/product_cat?post=9404"},{"taxonomy":"product_tag","embeddable":true,"href":"https:\/\/boreait.com\/fr\/wp-json\/wp\/v2\/product_tag?post=9404"}],"curies":[{"name":"wp","href":"https:\/\/api.w.org\/{rel}","templated":true}]}}