{"id":9395,"date":"2025-09-15T14:56:10","date_gmt":"2025-09-15T12:56:10","guid":{"rendered":"https:\/\/boreait.com\/fr\/?post_type=product&#038;p=9395"},"modified":"2025-09-15T14:56:48","modified_gmt":"2025-09-15T12:56:48","slug":"cache-repose-poignets-superieur-pour-hp-elitebook-840-g1-g2-730964-001","status":"publish","type":"product","link":"https:\/\/boreait.com\/fr\/produit\/cache-repose-poignets-superieur-pour-hp-elitebook-840-g1-g2-730964-001\/","title":{"rendered":"Cache repose-poignets sup\u00e9rieur pour HP Elitebook 840 G1 G2 730964-001"},"content":{"rendered":"<p>Am\u00e9liorez la durabilit\u00e9 et l&rsquo;esth\u00e9tique de votre ordinateur portable HP Elitebook 840 G1 ou G2 avec la housse de repose-poignets pour bo\u00eetier sup\u00e9rieur HP Elitebook 840 G1 G2 (r\u00e9f\u00e9rence\u00a0: 730964-001). Con\u00e7ue pour offrir une protection et un look modernis\u00e9, cette housse de repose-poignets pour bo\u00eetier sup\u00e9rieur d&rsquo;origine s&rsquo;int\u00e8gre parfaitement \u00e0 votre ordinateur portable.<\/p>\n<p>Fabriqu\u00e9e par HP, leader reconnu en mati\u00e8re de technologies informatiques, la housse de repose-poignets 730964-001 assure un ajustement parfait et pr\u00e9serve l&rsquo;esth\u00e9tique d&rsquo;origine de votre Elitebook 840 G1 ou G2. Elle offre une protection suppl\u00e9mentaire contre l&rsquo;usure quotidienne, ce qui la rend id\u00e9ale pour un usage professionnel comme personnel.<\/p>\n<p>L&rsquo;installation est simple gr\u00e2ce \u00e0 sa conception pr\u00e9cise, compatible avec les composants d&rsquo;origine de votre ordinateur portable. En choisissant des pi\u00e8ces HP authentiques, vous investissez dans la qualit\u00e9, la durabilit\u00e9 et l&rsquo;esth\u00e9tique de votre ordinateur portable. <\/p>\n<p>Am\u00e9liorez la durabilit\u00e9 et l&rsquo;esth\u00e9tique de votre ordinateur portable avec la housse repose-poignets pour bo\u00eetier sup\u00e9rieur HP Elitebook 840 G1 G2 (r\u00e9f\u00e9rence\u00a0: 730964-001). B\u00e9n\u00e9ficiez d&rsquo;une protection renforc\u00e9e et d&rsquo;un look modernis\u00e9, pour un ordinateur portable en parfait \u00e9tat.<\/p>\n<p>Veuillez v\u00e9rifier la compatibilit\u00e9 avec votre mod\u00e8le d&rsquo;ordinateur portable avant d&rsquo;effectuer votre achat.<\/p>\n","protected":false},"excerpt":{"rendered":"<p>Am\u00e9liorez la durabilit\u00e9 et l&rsquo;esth\u00e9tique de votre ordinateur portable HP Elitebook 840 G1 ou G2 avec la housse repose-poignets pour bo\u00eetier sup\u00e9rieur HP Elitebook 840 G1 G2 (r\u00e9f\u00e9rence\u00a0: 730964-001). B\u00e9n\u00e9ficiez d&rsquo;une protection renforc\u00e9e et d&rsquo;un look modernis\u00e9 pour votre ordinateur portable.<\/p>\n","protected":false},"featured_media":9448,"template":"","meta":[],"product_brand":[],"product_cat":[52],"product_tag":[61],"class_list":{"0":"post-9395","1":"product","2":"type-product","3":"status-publish","4":"has-post-thumbnail","6":"product_cat-laptop-housing","7":"product_tag-hp","9":"first","10":"instock","11":"taxable","12":"shipping-taxable","13":"purchasable","14":"product-type-simple"},"_links":{"self":[{"href":"https:\/\/boreait.com\/fr\/wp-json\/wp\/v2\/product\/9395","targetHints":{"allow":["GET"]}}],"collection":[{"href":"https:\/\/boreait.com\/fr\/wp-json\/wp\/v2\/product"}],"about":[{"href":"https:\/\/boreait.com\/fr\/wp-json\/wp\/v2\/types\/product"}],"wp:featuredmedia":[{"embeddable":true,"href":"https:\/\/boreait.com\/fr\/wp-json\/wp\/v2\/media\/9448"}],"wp:attachment":[{"href":"https:\/\/boreait.com\/fr\/wp-json\/wp\/v2\/media?parent=9395"}],"wp:term":[{"taxonomy":"product_brand","embeddable":true,"href":"https:\/\/boreait.com\/fr\/wp-json\/wp\/v2\/product_brand?post=9395"},{"taxonomy":"product_cat","embeddable":true,"href":"https:\/\/boreait.com\/fr\/wp-json\/wp\/v2\/product_cat?post=9395"},{"taxonomy":"product_tag","embeddable":true,"href":"https:\/\/boreait.com\/fr\/wp-json\/wp\/v2\/product_tag?post=9395"}],"curies":[{"name":"wp","href":"https:\/\/api.w.org\/{rel}","templated":true}]}}