{"id":9373,"date":"2025-09-15T14:55:46","date_gmt":"2025-09-15T12:55:46","guid":{"rendered":"https:\/\/boreait.com\/fr\/?post_type=product&#038;p=9373"},"modified":"2025-09-15T14:56:40","modified_gmt":"2025-09-15T12:56:40","slug":"repose-poignets-pour-hp-elitebook-840-g1-730964-001","status":"publish","type":"product","link":"https:\/\/boreait.com\/fr\/produit\/repose-poignets-pour-hp-elitebook-840-g1-730964-001\/","title":{"rendered":"Repose-poignets pour HP EliteBook 840 G1 &#8211; 730964-001"},"content":{"rendered":"<p>Optimisez votre ordinateur portable HP EliteBook 840 G1 avec le repose-poignets 14 pouces d&rsquo;origine (r\u00e9f\u00e9rence\u00a0: 730964-001). Con\u00e7u pour optimiser l&rsquo;ergonomie et le confort de votre ordinateur portable.<\/p>\n<p>Fabriqu\u00e9 par HP, leader reconnu en mati\u00e8re de technologies informatiques, ce repose-poignets est sp\u00e9cialement con\u00e7u pour le mod\u00e8le EliteBook 840 G1, garantissant un ajustement et une compatibilit\u00e9 parfaits.<\/p>\n<p>Am\u00e9liorez l&rsquo;esth\u00e9tique et les fonctionnalit\u00e9s de votre ordinateur portable avec ce repose-poignets d&rsquo;origine, qui offre \u00e9galement un appui confortable pour vos poignets lors de la saisie. Il comprend tous les composants n\u00e9cessaires pour une installation simple et rapide, vous permettant de remplacer rapidement votre repose-poignets actuel par l&rsquo;assemblage 730964-001.<\/p>\n<p>Investissez dans la qualit\u00e9 et la fiabilit\u00e9 des pi\u00e8ces HP d&rsquo;origine pour garantir que votre ordinateur portable conserve ses performances et son confort. Am\u00e9liorez votre exp\u00e9rience informatique avec le repose-poignets 14 pouces authentique pour le HP EliteBook 840 G1 et profitez d&rsquo;une navigation am\u00e9lior\u00e9e et d&rsquo;un confort accru lors d&rsquo;une utilisation prolong\u00e9e.<\/p>\n<p>Veuillez v\u00e9rifier la compatibilit\u00e9 avec votre mod\u00e8le d&rsquo;ordinateur portable avant d&rsquo;effectuer un achat.<\/p>\n","protected":false},"excerpt":{"rendered":"<p>Optimisez votre ordinateur portable HP EliteBook 840 G1 avec le repose-poignets 14 pouces d&rsquo;origine (r\u00e9f\u00e9rence\u00a0: 730964-001). Profitez d&rsquo;une navigation am\u00e9lior\u00e9e et d&rsquo;un confort accru lors d&rsquo;une utilisation prolong\u00e9e.<\/p>\n","protected":false},"featured_media":9440,"template":"","meta":[],"product_brand":[],"product_cat":[52],"product_tag":[61],"class_list":{"0":"post-9373","1":"product","2":"type-product","3":"status-publish","4":"has-post-thumbnail","6":"product_cat-laptop-housing","7":"product_tag-hp","9":"first","10":"instock","11":"taxable","12":"shipping-taxable","13":"purchasable","14":"product-type-simple"},"_links":{"self":[{"href":"https:\/\/boreait.com\/fr\/wp-json\/wp\/v2\/product\/9373","targetHints":{"allow":["GET"]}}],"collection":[{"href":"https:\/\/boreait.com\/fr\/wp-json\/wp\/v2\/product"}],"about":[{"href":"https:\/\/boreait.com\/fr\/wp-json\/wp\/v2\/types\/product"}],"wp:featuredmedia":[{"embeddable":true,"href":"https:\/\/boreait.com\/fr\/wp-json\/wp\/v2\/media\/9440"}],"wp:attachment":[{"href":"https:\/\/boreait.com\/fr\/wp-json\/wp\/v2\/media?parent=9373"}],"wp:term":[{"taxonomy":"product_brand","embeddable":true,"href":"https:\/\/boreait.com\/fr\/wp-json\/wp\/v2\/product_brand?post=9373"},{"taxonomy":"product_cat","embeddable":true,"href":"https:\/\/boreait.com\/fr\/wp-json\/wp\/v2\/product_cat?post=9373"},{"taxonomy":"product_tag","embeddable":true,"href":"https:\/\/boreait.com\/fr\/wp-json\/wp\/v2\/product_tag?post=9373"}],"curies":[{"name":"wp","href":"https:\/\/api.w.org\/{rel}","templated":true}]}}