{"id":9370,"date":"2025-09-15T14:55:46","date_gmt":"2025-09-15T12:55:46","guid":{"rendered":"https:\/\/boreait.com\/fr\/?post_type=product&#038;p=9370"},"modified":"2025-09-15T14:56:30","modified_gmt":"2025-09-15T12:56:30","slug":"repose-poignets-pour-ordinateur-portable-hp-zbook-15-g2-156-pouces-ap0tj000100-734281-001","status":"publish","type":"product","link":"https:\/\/boreait.com\/fr\/produit\/repose-poignets-pour-ordinateur-portable-hp-zbook-15-g2-156-pouces-ap0tj000100-734281-001\/","title":{"rendered":"Repose-poignets pour ordinateur portable HP ZBook 15 G2 15,6 pouces AP0TJ000100 734281-001"},"content":{"rendered":"<p>Am\u00e9liorez les fonctionnalit\u00e9s et la s\u00e9curit\u00e9 de votre ordinateur portable HP ZBook 15 G2 avec le repose-poignets pour ordinateur portable HP ZBook 15 G2 15,6&Prime; AP0TJ000100 734281-001.<\/p>\n<p>L&rsquo;installation est simple gr\u00e2ce \u00e0 la conception OEM qui s&rsquo;adapte parfaitement aux composants d&rsquo;origine de votre ordinateur portable. En choisissant des pi\u00e8ces HP authentiques, vous investissez dans la qualit\u00e9, les fonctionnalit\u00e9s et la s\u00e9curit\u00e9 de votre ordinateur portable.<\/p>\n<p>Am\u00e9liorez les fonctionnalit\u00e9s et la s\u00e9curit\u00e9 de votre ordinateur portable avec le repose-poignets pour ordinateur portable HP ZBook 15 G2 15,6&Prime; AP0TJ000100 734281-001. Optimisez votre exp\u00e9rience informatique gr\u00e2ce \u00e0 ce repose-poignets fiable et efficace.<\/p>\n<p>Veuillez v\u00e9rifier la compatibilit\u00e9 avec votre mod\u00e8le d&rsquo;ordinateur portable avant d&rsquo;effectuer un achat.<\/p>\n","protected":false},"excerpt":{"rendered":"<p>Am\u00e9liorez votre ordinateur portable HP ZBook 15 G2 avec le repose-poignets pour ordinateur portable HP ZBook 15 G2 15,6&Prime; AP0TJ000100 734281-001.<\/p>\n","protected":false},"featured_media":9422,"template":"","meta":[],"product_brand":[],"product_cat":[52],"product_tag":[61],"class_list":{"0":"post-9370","1":"product","2":"type-product","3":"status-publish","4":"has-post-thumbnail","6":"product_cat-laptop-housing","7":"product_tag-hp","9":"first","10":"instock","11":"taxable","12":"shipping-taxable","13":"purchasable","14":"product-type-simple"},"_links":{"self":[{"href":"https:\/\/boreait.com\/fr\/wp-json\/wp\/v2\/product\/9370","targetHints":{"allow":["GET"]}}],"collection":[{"href":"https:\/\/boreait.com\/fr\/wp-json\/wp\/v2\/product"}],"about":[{"href":"https:\/\/boreait.com\/fr\/wp-json\/wp\/v2\/types\/product"}],"wp:featuredmedia":[{"embeddable":true,"href":"https:\/\/boreait.com\/fr\/wp-json\/wp\/v2\/media\/9422"}],"wp:attachment":[{"href":"https:\/\/boreait.com\/fr\/wp-json\/wp\/v2\/media?parent=9370"}],"wp:term":[{"taxonomy":"product_brand","embeddable":true,"href":"https:\/\/boreait.com\/fr\/wp-json\/wp\/v2\/product_brand?post=9370"},{"taxonomy":"product_cat","embeddable":true,"href":"https:\/\/boreait.com\/fr\/wp-json\/wp\/v2\/product_cat?post=9370"},{"taxonomy":"product_tag","embeddable":true,"href":"https:\/\/boreait.com\/fr\/wp-json\/wp\/v2\/product_tag?post=9370"}],"curies":[{"name":"wp","href":"https:\/\/api.w.org\/{rel}","templated":true}]}}