{"id":9368,"date":"2025-09-15T14:55:46","date_gmt":"2025-09-15T12:55:46","guid":{"rendered":"https:\/\/boreait.com\/fr\/?post_type=product&#038;p=9368"},"modified":"2025-09-15T14:56:26","modified_gmt":"2025-09-15T12:56:26","slug":"ventilateur-de-refroidissement-pour-processeur-lenovo-g50-45-dorigine-sunon-eg75080s2-c011-s9a-dc28000cgs0","status":"publish","type":"product","link":"https:\/\/boreait.com\/fr\/produit\/ventilateur-de-refroidissement-pour-processeur-lenovo-g50-45-dorigine-sunon-eg75080s2-c011-s9a-dc28000cgs0\/","title":{"rendered":"Ventilateur de refroidissement pour processeur Lenovo G50-45 d&rsquo;origine Sunon EG75080S2-C011-S9A DC28000CGS0"},"content":{"rendered":"<p>Am\u00e9liorez les performances de refroidissement de votre ordinateur portable Lenovo G50-45 avec le ventilateur de refroidissement pour processeur Lenovo G50-45 Sunon EG75080S2-C011-S9A DC28000CGS0 d&rsquo;origine. Con\u00e7u pour am\u00e9liorer la gestion thermique de votre ordinateur portable, ce ventilateur d&rsquo;origine assure une dissipation thermique efficace pour des performances fiables et stables.<\/p>\n<p>Fabriqu\u00e9 par Lenovo, une marque de confiance dans le domaine des ordinateurs portables, le ventilateur de refroidissement Sunon EG75080S2-C011-S9A DC28000CGS0 est con\u00e7u pour assurer un refroidissement fiable. Une chaleur excessive peut entra\u00eener des probl\u00e8mes de performances et r\u00e9duire la dur\u00e9e de vie des composants de votre ordinateur portable. Ce ventilateur maintient des temp\u00e9ratures de fonctionnement optimales, permettant \u00e0 votre ordinateur portable d&rsquo;optimiser ses performances.<\/p>\n<p>L&rsquo;installation est simple gr\u00e2ce \u00e0 sa conception originale, compatible avec le syst\u00e8me de refroidissement d&rsquo;origine de votre ordinateur portable. En choisissant des pi\u00e8ces Lenovo authentiques, vous investissez dans la qualit\u00e9 et la fiabilit\u00e9 de la gestion thermique de votre ordinateur portable. <\/p>\n<p>Am\u00e9liorez les performances de refroidissement de votre ordinateur portable avec le ventilateur de refroidissement pour processeur Lenovo G50-45 Sunon EG75080S2-C011-S9A DC28000CGS0 d&rsquo;origine. Profitez de performances r\u00e9duites li\u00e9es \u00e0 la chaleur, d&rsquo;une dur\u00e9e de vie prolong\u00e9e des composants et d&rsquo;une fiabilit\u00e9 accrue. Gardez votre ordinateur portable au frais et performant.<\/p>\n<p>Veuillez v\u00e9rifier la compatibilit\u00e9 avec votre mod\u00e8le d&rsquo;ordinateur portable avant d&rsquo;effectuer votre achat.<\/p>\n","protected":false},"excerpt":{"rendered":"<p>Am\u00e9liorez les performances de refroidissement de votre ordinateur portable Lenovo G50-45 avec le ventilateur de processeur d&rsquo;origine Lenovo G50-45 Sunon EG75080S2-C011-S9A DC28000CGS0. Gardez votre ordinateur portable au frais et performant.<\/p>\n","protected":false},"featured_media":9420,"template":"","meta":[],"product_brand":[],"product_cat":[69],"product_tag":[62],"class_list":{"0":"post-9368","1":"product","2":"type-product","3":"status-publish","4":"has-post-thumbnail","6":"product_cat-cpu-fans-heatsinks","7":"product_tag-lenovo","9":"first","10":"instock","11":"taxable","12":"shipping-taxable","13":"purchasable","14":"product-type-simple"},"_links":{"self":[{"href":"https:\/\/boreait.com\/fr\/wp-json\/wp\/v2\/product\/9368","targetHints":{"allow":["GET"]}}],"collection":[{"href":"https:\/\/boreait.com\/fr\/wp-json\/wp\/v2\/product"}],"about":[{"href":"https:\/\/boreait.com\/fr\/wp-json\/wp\/v2\/types\/product"}],"wp:featuredmedia":[{"embeddable":true,"href":"https:\/\/boreait.com\/fr\/wp-json\/wp\/v2\/media\/9420"}],"wp:attachment":[{"href":"https:\/\/boreait.com\/fr\/wp-json\/wp\/v2\/media?parent=9368"}],"wp:term":[{"taxonomy":"product_brand","embeddable":true,"href":"https:\/\/boreait.com\/fr\/wp-json\/wp\/v2\/product_brand?post=9368"},{"taxonomy":"product_cat","embeddable":true,"href":"https:\/\/boreait.com\/fr\/wp-json\/wp\/v2\/product_cat?post=9368"},{"taxonomy":"product_tag","embeddable":true,"href":"https:\/\/boreait.com\/fr\/wp-json\/wp\/v2\/product_tag?post=9368"}],"curies":[{"name":"wp","href":"https:\/\/api.w.org\/{rel}","templated":true}]}}