{"id":9340,"date":"2025-09-15T14:55:23","date_gmt":"2025-09-15T12:55:23","guid":{"rendered":"https:\/\/boreait.com\/fr\/?post_type=product&#038;p=9340"},"modified":"2026-01-09T13:47:02","modified_gmt":"2026-01-09T12:47:02","slug":"couvercle-arriere-de-lecran-lcd-hp-pavilion-dv6-3000-154-pouces-argente-3jlx6lctp40","status":"publish","type":"product","link":"https:\/\/boreait.com\/fr\/produit\/couvercle-arriere-de-lecran-lcd-hp-pavilion-dv6-3000-154-pouces-argente-3jlx6lctp40\/","title":{"rendered":"Couvercle arri\u00e8re de l&rsquo;\u00e9cran LCD HP Pavilion DV6-3000 15,4 pouces, argent\u00e9, 3JLX6LCTP40"},"content":{"rendered":"<p>Am\u00e9liorez l&rsquo;esth\u00e9tique et la protection de votre ordinateur portable HP Pavilion DV6-3000 gr\u00e2ce au couvercle sup\u00e9rieur arri\u00e8re pour \u00e9cran LCD HP Pavilion DV6-3000 15,4 pouces, couleur argent \u00e9l\u00e9gant (3JLX6LCTP40). Con\u00e7u pour am\u00e9liorer l&rsquo;esth\u00e9tique et la durabilit\u00e9 de votre ordinateur portable, ce couvercle sup\u00e9rieur d&rsquo;origine offre une protection optimale et fiable.<\/p>\n<p>Fabriqu\u00e9 pour la s\u00e9rie HP Pavilion DV6-3000, ce couvercle sup\u00e9rieur est con\u00e7u pour correspondre parfaitement aux sp\u00e9cifications de votre mod\u00e8le d&rsquo;ordinateur portable. Sa finition argent\u00e9e ajoute une touche d&rsquo;\u00e9l\u00e9gance et prot\u00e8ge \u00e9galement l&rsquo;\u00e9cran de votre ordinateur portable de la poussi\u00e8re, des rayures et des chocs mineurs.<\/p>\n<p>L&rsquo;installation est simple gr\u00e2ce \u00e0 sa conception pr\u00e9cise qui s&rsquo;adapte parfaitement aux composants d&rsquo;origine de votre ordinateur portable. En choisissant des pi\u00e8ces HP authentiques, vous investissez dans la qualit\u00e9, l&rsquo;esth\u00e9tique et la durabilit\u00e9 de votre ordinateur portable. <\/p>\n<p>Am\u00e9liorez l&rsquo;apparence et la protection de votre ordinateur portable avec le couvercle arri\u00e8re argent\u00e9 pour \u00e9cran LCD HP Pavilion DV6-3000 15,4&Prime; (3JLX6LCTP40). Profitez d&rsquo;une exp\u00e9rience visuelle am\u00e9lior\u00e9e et prot\u00e9gez l&rsquo;\u00e9cran de votre ordinateur portable avec style.<\/p>\n<p>Veuillez v\u00e9rifier la compatibilit\u00e9 avec votre mod\u00e8le d&rsquo;ordinateur portable avant d&rsquo;effectuer votre achat.<\/p>\n","protected":false},"excerpt":{"rendered":"<p>Am\u00e9liorez l&rsquo;esth\u00e9tique et la protection de votre ordinateur portable HP Pavilion DV6-3000 avec le couvercle arri\u00e8re sup\u00e9rieur de l&rsquo;\u00e9cran LCD HP Pavilion DV6-3000 15,4 pouces en argent (3JLX6LCTP40).<\/p>\n","protected":false},"featured_media":9408,"template":"","meta":[],"product_brand":[],"product_cat":[52],"product_tag":[61],"class_list":{"0":"post-9340","1":"product","2":"type-product","3":"status-publish","4":"has-post-thumbnail","6":"product_cat-laptop-housing","7":"product_tag-hp","9":"first","10":"instock","11":"taxable","12":"shipping-taxable","13":"purchasable","14":"product-type-simple"},"_links":{"self":[{"href":"https:\/\/boreait.com\/fr\/wp-json\/wp\/v2\/product\/9340","targetHints":{"allow":["GET"]}}],"collection":[{"href":"https:\/\/boreait.com\/fr\/wp-json\/wp\/v2\/product"}],"about":[{"href":"https:\/\/boreait.com\/fr\/wp-json\/wp\/v2\/types\/product"}],"wp:featuredmedia":[{"embeddable":true,"href":"https:\/\/boreait.com\/fr\/wp-json\/wp\/v2\/media\/9408"}],"wp:attachment":[{"href":"https:\/\/boreait.com\/fr\/wp-json\/wp\/v2\/media?parent=9340"}],"wp:term":[{"taxonomy":"product_brand","embeddable":true,"href":"https:\/\/boreait.com\/fr\/wp-json\/wp\/v2\/product_brand?post=9340"},{"taxonomy":"product_cat","embeddable":true,"href":"https:\/\/boreait.com\/fr\/wp-json\/wp\/v2\/product_cat?post=9340"},{"taxonomy":"product_tag","embeddable":true,"href":"https:\/\/boreait.com\/fr\/wp-json\/wp\/v2\/product_tag?post=9340"}],"curies":[{"name":"wp","href":"https:\/\/api.w.org\/{rel}","templated":true}]}}