{"id":9339,"date":"2025-09-15T14:55:23","date_gmt":"2025-09-15T12:55:23","guid":{"rendered":"https:\/\/boreait.com\/fr\/?post_type=product&#038;p=9339"},"modified":"2026-01-09T13:46:42","modified_gmt":"2026-01-09T12:46:42","slug":"3aax6lc00s0-couvercle-arriere-de-lecran-lcd-hp-pavilion-g4-1000","status":"publish","type":"product","link":"https:\/\/boreait.com\/fr\/produit\/3aax6lc00s0-couvercle-arriere-de-lecran-lcd-hp-pavilion-g4-1000\/","title":{"rendered":"3AAX6LC00S0 COUVERCLE ARRI\u00c8RE DE L&rsquo;\u00c9CRAN LCD HP PAVILION G4-1000-"},"content":{"rendered":"<p>Am\u00e9liorez l&rsquo;apparence et la protection de votre ordinateur portable HP Pavilion G4-1000 avec le cache arri\u00e8re LCD 3AAX6LC00S0. Con\u00e7u pour s&rsquo;adapter parfaitement, ce cache arri\u00e8re HP d&rsquo;origine assure un remplacement s\u00fbr et efficace de votre ordinateur portable endommag\u00e9 ou us\u00e9.<\/p>\n<p>Fabriqu\u00e9 par HP, une marque de confiance dans le domaine des technologies informatiques, le cache arri\u00e8re LCD 3AAX6LC00S0 est con\u00e7u pour r\u00e9pondre aux normes de qualit\u00e9 les plus strictes. Il am\u00e9liore non seulement l&rsquo;esth\u00e9tique de votre ordinateur portable, mais offre \u00e9galement une protection essentielle \u00e0 l&rsquo;\u00e9cran LCD et aux composants internes.<\/p>\n<p>L&rsquo;installation est simple gr\u00e2ce \u00e0 une ing\u00e9nierie de pr\u00e9cision identique aux composants d&rsquo;origine de votre ordinateur portable. En choisissant des pi\u00e8ces HP authentiques, vous investissez dans la qualit\u00e9, la durabilit\u00e9 et un ajustement parfait pour votre ordinateur portable.<\/p>\n<p>Am\u00e9liorez l&rsquo;apparence et la protection de votre ordinateur portable avec le cache arri\u00e8re LCD 3AAX6LC00S0 pour HP Pavilion G4-1000. Profitez d&rsquo;un look rafra\u00eechi et d&rsquo;une protection fiable pour l&rsquo;\u00e9cran et les composants internes de votre ordinateur portable.<\/p>\n<p>Veuillez v\u00e9rifier la compatibilit\u00e9 avec votre mod\u00e8le d&rsquo;ordinateur portable avant d&rsquo;effectuer un achat.<\/p>\n","protected":false},"excerpt":{"rendered":"<p>Am\u00e9liorez l&rsquo;apparence et la protection de votre ordinateur portable HP Pavilion G4-1000 avec la coque arri\u00e8re de l&rsquo;\u00e9cran LCD 3AAX6LC00S0. Profitez d&rsquo;un look rafra\u00eechi et d&rsquo;une protection fiable pour l&rsquo;\u00e9cran et les composants internes de votre ordinateur portable.<\/p>\n","protected":false},"featured_media":9392,"template":"","meta":[],"product_brand":[],"product_cat":[52],"product_tag":[61],"class_list":{"0":"post-9339","1":"product","2":"type-product","3":"status-publish","4":"has-post-thumbnail","6":"product_cat-laptop-housing","7":"product_tag-hp","9":"first","10":"instock","11":"taxable","12":"shipping-taxable","13":"purchasable","14":"product-type-simple"},"_links":{"self":[{"href":"https:\/\/boreait.com\/fr\/wp-json\/wp\/v2\/product\/9339","targetHints":{"allow":["GET"]}}],"collection":[{"href":"https:\/\/boreait.com\/fr\/wp-json\/wp\/v2\/product"}],"about":[{"href":"https:\/\/boreait.com\/fr\/wp-json\/wp\/v2\/types\/product"}],"wp:featuredmedia":[{"embeddable":true,"href":"https:\/\/boreait.com\/fr\/wp-json\/wp\/v2\/media\/9392"}],"wp:attachment":[{"href":"https:\/\/boreait.com\/fr\/wp-json\/wp\/v2\/media?parent=9339"}],"wp:term":[{"taxonomy":"product_brand","embeddable":true,"href":"https:\/\/boreait.com\/fr\/wp-json\/wp\/v2\/product_brand?post=9339"},{"taxonomy":"product_cat","embeddable":true,"href":"https:\/\/boreait.com\/fr\/wp-json\/wp\/v2\/product_cat?post=9339"},{"taxonomy":"product_tag","embeddable":true,"href":"https:\/\/boreait.com\/fr\/wp-json\/wp\/v2\/product_tag?post=9339"}],"curies":[{"name":"wp","href":"https:\/\/api.w.org\/{rel}","templated":true}]}}