{"id":9318,"date":"2025-09-15T14:54:59","date_gmt":"2025-09-15T12:54:59","guid":{"rendered":"https:\/\/boreait.com\/fr\/?post_type=product&#038;p=9318"},"modified":"2025-09-15T14:55:53","modified_gmt":"2025-09-15T12:55:53","slug":"haut-parleurs-samsung-galaxy-note-10-1-edition-p600-antenne-wifi","status":"publish","type":"product","link":"https:\/\/boreait.com\/fr\/produit\/haut-parleurs-samsung-galaxy-note-10-1-edition-p600-antenne-wifi\/","title":{"rendered":"Haut-parleurs Samsung Galaxy Note 10.1 Edition P600 + antenne WIFI"},"content":{"rendered":"<p>Am\u00e9liorez l&rsquo;exp\u00e9rience audio de votre tablette Samsung Galaxy Note 10.1 \u00c9dition P600 gr\u00e2ce au haut-parleur Samsung Galaxy Note 10.1 \u00c9dition P600. Con\u00e7u pour optimiser la qualit\u00e9 sonore de votre tablette, ce haut-parleur d&rsquo;origine garantit un son clair et vibrant pour une exp\u00e9rience multim\u00e9dia optimis\u00e9e. Il comprend \u00e9galement une antenne Wi-Fi.<\/p>\n<p>Fabriqu\u00e9 par Samsung, leader technologique reconnu, le haut-parleur Galaxy Note 10.1 \u00c9dition P600 est con\u00e7u pour offrir une performance audio fiable et immersive. Que vous regardiez des vid\u00e9os, jouiez \u00e0 des jeux ou \u00e9coutiez votre musique pr\u00e9f\u00e9r\u00e9e, ce haut-parleur optimise les capacit\u00e9s audio de votre tablette.<\/p>\n<p>L&rsquo;installation est simple et vous permet de remplacer facilement le haut-parleur existant. Am\u00e9liorez l&rsquo;exp\u00e9rience audio de votre tablette avec le haut-parleur Samsung Galaxy Note 10.1 \u00c9dition P600. Profitez d&rsquo;une clart\u00e9 sonore am\u00e9lior\u00e9e, d&rsquo;un son immersif et d&rsquo;une exp\u00e9rience multim\u00e9dia optimis\u00e9e sur votre tablette Galaxy Note 10.1 \u00c9dition P600.<\/p>\n<p>Veuillez v\u00e9rifier la compatibilit\u00e9 avec votre mod\u00e8le de tablette avant d&rsquo;effectuer un achat.<\/p>\n","protected":false},"excerpt":{"rendered":"<p>Am\u00e9liorez la qualit\u00e9 audio de votre tablette Samsung Galaxy Note 10.1 \u00c9dition P600 gr\u00e2ce au haut-parleur Samsung Galaxy Note 10.1 \u00c9dition P600. Profitez d&rsquo;une clart\u00e9 sonore am\u00e9lior\u00e9e pour vos contenus multim\u00e9dias.<\/p>\n","protected":false},"featured_media":9380,"template":"","meta":[],"product_brand":[],"product_cat":[54],"product_tag":[84],"class_list":{"0":"post-9318","1":"product","2":"type-product","3":"status-publish","4":"has-post-thumbnail","6":"product_cat-laptop-speakers","7":"product_tag-samsung","9":"first","10":"instock","11":"taxable","12":"shipping-taxable","13":"purchasable","14":"product-type-simple"},"_links":{"self":[{"href":"https:\/\/boreait.com\/fr\/wp-json\/wp\/v2\/product\/9318","targetHints":{"allow":["GET"]}}],"collection":[{"href":"https:\/\/boreait.com\/fr\/wp-json\/wp\/v2\/product"}],"about":[{"href":"https:\/\/boreait.com\/fr\/wp-json\/wp\/v2\/types\/product"}],"wp:featuredmedia":[{"embeddable":true,"href":"https:\/\/boreait.com\/fr\/wp-json\/wp\/v2\/media\/9380"}],"wp:attachment":[{"href":"https:\/\/boreait.com\/fr\/wp-json\/wp\/v2\/media?parent=9318"}],"wp:term":[{"taxonomy":"product_brand","embeddable":true,"href":"https:\/\/boreait.com\/fr\/wp-json\/wp\/v2\/product_brand?post=9318"},{"taxonomy":"product_cat","embeddable":true,"href":"https:\/\/boreait.com\/fr\/wp-json\/wp\/v2\/product_cat?post=9318"},{"taxonomy":"product_tag","embeddable":true,"href":"https:\/\/boreait.com\/fr\/wp-json\/wp\/v2\/product_tag?post=9318"}],"curies":[{"name":"wp","href":"https:\/\/api.w.org\/{rel}","templated":true}]}}