{"id":9312,"date":"2025-09-15T14:54:58","date_gmt":"2025-09-15T12:54:58","guid":{"rendered":"https:\/\/boreait.com\/fr\/?post_type=product&#038;p=9312"},"modified":"2025-09-15T14:55:38","modified_gmt":"2025-09-15T12:55:38","slug":"boitier-de-chassis-pour-ecran-lcd-dell-latitude-e5450-0cyj3r-cyj3r","status":"publish","type":"product","link":"https:\/\/boreait.com\/fr\/produit\/boitier-de-chassis-pour-ecran-lcd-dell-latitude-e5450-0cyj3r-cyj3r\/","title":{"rendered":"Bo\u00eetier de ch\u00e2ssis pour \u00e9cran LCD Dell Latitude E5450 0CYJ3R CYJ3R"},"content":{"rendered":"<p>Am\u00e9liorez l&rsquo;\u00e9cran de votre ordinateur portable Dell Latitude E5450 avec le ch\u00e2ssis de bo\u00eetier d&rsquo;\u00e9cran LCD 0CYJ3R CYJ3R. Con\u00e7u pour soutenir et prot\u00e9ger l&rsquo;\u00e9cran LCD de votre ordinateur portable, ce ch\u00e2ssis d&rsquo;origine garantit un remplacement d&rsquo;\u00e9cran s\u00fbr et simple.<\/p>\n<p>Fabriqu\u00e9 par Dell, leader reconnu dans le domaine des ordinateurs portables, le ch\u00e2ssis de bo\u00eetier d&rsquo;\u00e9cran 0CYJ3R CYJ3R s&rsquo;adapte parfaitement \u00e0 l&rsquo;\u00e9cran de votre ordinateur portable Latitude E5450. Il offre un soutien essentiel, garantissant que votre \u00e9cran LCD reste bien en place tout en minimisant les risques de dommages.<\/p>\n<p>Que vous remplaciez un ch\u00e2ssis de bo\u00eetier d&rsquo;\u00e9cran endommag\u00e9 ou que vous mettiez \u00e0 niveau l&rsquo;\u00e9cran de votre ordinateur portable, cette pi\u00e8ce Dell d&rsquo;origine offre l&rsquo;int\u00e9grit\u00e9 structurelle et la durabilit\u00e9 dont votre ordinateur portable a besoin.<\/p>\n<p>Am\u00e9liorez et prot\u00e9gez l&rsquo;\u00e9cran de votre ordinateur portable Dell Latitude E5450 avec le ch\u00e2ssis de bo\u00eetier d&rsquo;\u00e9cran LCD 0CYJ3R CYJ3R. B\u00e9n\u00e9ficiez d&rsquo;un bo\u00eetier s\u00fbr et fiable pour votre \u00e9cran LCD, garantissant un affichage optimal.<\/p>\n<p>Veuillez v\u00e9rifier la compatibilit\u00e9 avec votre mod\u00e8le d&rsquo;ordinateur portable avant d&rsquo;effectuer un achat.<\/p>\n","protected":false},"excerpt":{"rendered":"<p>Am\u00e9liorez et prot\u00e9gez l&rsquo;\u00e9cran de votre ordinateur portable Dell Latitude E5450 avec l&rsquo;\u00e9cran LCD 0CYJ3R. Assurez un remplacement d&rsquo;\u00e9cran s\u00fbr et efficace.<\/p>\n","protected":false},"featured_media":9356,"template":"","meta":[],"product_brand":[],"product_cat":[52],"product_tag":[53],"class_list":{"0":"post-9312","1":"product","2":"type-product","3":"status-publish","4":"has-post-thumbnail","6":"product_cat-laptop-housing","7":"product_tag-dell","9":"first","10":"instock","11":"taxable","12":"shipping-taxable","13":"purchasable","14":"product-type-simple"},"_links":{"self":[{"href":"https:\/\/boreait.com\/fr\/wp-json\/wp\/v2\/product\/9312","targetHints":{"allow":["GET"]}}],"collection":[{"href":"https:\/\/boreait.com\/fr\/wp-json\/wp\/v2\/product"}],"about":[{"href":"https:\/\/boreait.com\/fr\/wp-json\/wp\/v2\/types\/product"}],"wp:featuredmedia":[{"embeddable":true,"href":"https:\/\/boreait.com\/fr\/wp-json\/wp\/v2\/media\/9356"}],"wp:attachment":[{"href":"https:\/\/boreait.com\/fr\/wp-json\/wp\/v2\/media?parent=9312"}],"wp:term":[{"taxonomy":"product_brand","embeddable":true,"href":"https:\/\/boreait.com\/fr\/wp-json\/wp\/v2\/product_brand?post=9312"},{"taxonomy":"product_cat","embeddable":true,"href":"https:\/\/boreait.com\/fr\/wp-json\/wp\/v2\/product_cat?post=9312"},{"taxonomy":"product_tag","embeddable":true,"href":"https:\/\/boreait.com\/fr\/wp-json\/wp\/v2\/product_tag?post=9312"}],"curies":[{"name":"wp","href":"https:\/\/api.w.org\/{rel}","templated":true}]}}