{"id":9296,"date":"2025-09-15T14:54:36","date_gmt":"2025-09-15T12:54:36","guid":{"rendered":"https:\/\/boreait.com\/fr\/?post_type=product&#038;p=9296"},"modified":"2026-01-09T13:44:23","modified_gmt":"2026-01-09T12:44:23","slug":"couvercle-de-plaque-arriere-oem-pour-hp-elitebook-820-g1-761780-001-781836-001","status":"publish","type":"product","link":"https:\/\/boreait.com\/fr\/produit\/couvercle-de-plaque-arriere-oem-pour-hp-elitebook-820-g1-761780-001-781836-001\/","title":{"rendered":"Couvercle de plaque arri\u00e8re OEM pour HP EliteBook 820 G1 761780-001 781836-001"},"content":{"rendered":"<p>Am\u00e9liorez l&rsquo;apparence et la protection de votre ordinateur portable HP EliteBook 820 G1 gr\u00e2ce au cache arri\u00e8re OEM pour HP EliteBook 820 G1 &#8211; HP SPS\u00a0: 761780-001 781836-001. Con\u00e7u pour offrir un look \u00e9l\u00e9gant et professionnel tout en prot\u00e9geant les composants internes de votre ordinateur portable, ce cache arri\u00e8re d&rsquo;origine est le compl\u00e9ment id\u00e9al de votre EliteBook.<\/p>\n<p>Fabriqu\u00e9 par HP, leader reconnu en mati\u00e8re de technologies informatiques, ce cache arri\u00e8re OEM est sp\u00e9cialement con\u00e7u pour le mod\u00e8le EliteBook 820 G1. Il garantit un ajustement pr\u00e9cis et une installation facile, s&rsquo;alignant parfaitement avec les composants d&rsquo;origine de votre ordinateur portable.<\/p>\n<p>Ce cache arri\u00e8re conf\u00e8re non seulement un aspect soign\u00e9 \u00e0 votre ordinateur portable, mais prot\u00e8ge \u00e9galement ses composants internes. Il emp\u00eache la poussi\u00e8re, les d\u00e9bris et les chocs mineurs d&rsquo;affecter les performances de votre ordinateur portable.<\/p>\n<p>L&rsquo;installation est simple. En choisissant des composants HP authentiques, vous investissez dans la qualit\u00e9, la compatibilit\u00e9 et la durabilit\u00e9 de votre EliteBook.<\/p>\n<p>Am\u00e9liorez l&rsquo;esth\u00e9tique et la protection de votre HP EliteBook 820 G1 gr\u00e2ce au cache arri\u00e8re OEM pour HP EliteBook 820 G1. B\u00e9n\u00e9ficiez d&rsquo;une apparence \u00e9l\u00e9gante et professionnelle tout en prot\u00e9geant les composants internes de votre ordinateur portable.<\/p>\n<p>Veuillez v\u00e9rifier la compatibilit\u00e9 avec votre mod\u00e8le d&rsquo;ordinateur portable avant d&rsquo;effectuer un achat.<\/p>\n","protected":false},"excerpt":{"rendered":"<p>Am\u00e9liorez l&rsquo;apparence et la protection de votre ordinateur portable HP EliteBook 820 G1 gr\u00e2ce \u00e0 la plaque arri\u00e8re OEM. B\u00e9n\u00e9ficiez d&rsquo;un look \u00e9l\u00e9gant et professionnel tout en prot\u00e9geant les composants internes de votre ordinateur portable.<\/p>\n","protected":false},"featured_media":9349,"template":"","meta":[],"product_brand":[],"product_cat":[52],"product_tag":[61],"class_list":{"0":"post-9296","1":"product","2":"type-product","3":"status-publish","4":"has-post-thumbnail","6":"product_cat-laptop-housing","7":"product_tag-hp","9":"first","10":"instock","11":"taxable","12":"shipping-taxable","13":"purchasable","14":"product-type-simple"},"_links":{"self":[{"href":"https:\/\/boreait.com\/fr\/wp-json\/wp\/v2\/product\/9296","targetHints":{"allow":["GET"]}}],"collection":[{"href":"https:\/\/boreait.com\/fr\/wp-json\/wp\/v2\/product"}],"about":[{"href":"https:\/\/boreait.com\/fr\/wp-json\/wp\/v2\/types\/product"}],"wp:featuredmedia":[{"embeddable":true,"href":"https:\/\/boreait.com\/fr\/wp-json\/wp\/v2\/media\/9349"}],"wp:attachment":[{"href":"https:\/\/boreait.com\/fr\/wp-json\/wp\/v2\/media?parent=9296"}],"wp:term":[{"taxonomy":"product_brand","embeddable":true,"href":"https:\/\/boreait.com\/fr\/wp-json\/wp\/v2\/product_brand?post=9296"},{"taxonomy":"product_cat","embeddable":true,"href":"https:\/\/boreait.com\/fr\/wp-json\/wp\/v2\/product_cat?post=9296"},{"taxonomy":"product_tag","embeddable":true,"href":"https:\/\/boreait.com\/fr\/wp-json\/wp\/v2\/product_tag?post=9296"}],"curies":[{"name":"wp","href":"https:\/\/api.w.org\/{rel}","templated":true}]}}