{"id":9295,"date":"2025-09-15T14:54:36","date_gmt":"2025-09-15T12:54:36","guid":{"rendered":"https:\/\/boreait.com\/fr\/?post_type=product&#038;p=9295"},"modified":"2025-09-15T14:55:29","modified_gmt":"2025-09-15T12:55:29","slug":"kit-8-go-micron-mt18jsf25672pdz-1g4f1dd-pc3-10600r-ddr3-2rx8","status":"publish","type":"product","link":"https:\/\/boreait.com\/fr\/produit\/kit-8-go-micron-mt18jsf25672pdz-1g4f1dd-pc3-10600r-ddr3-2rx8\/","title":{"rendered":"Kit 8 Go Micron MT18JSF25672PDZ-1G4F1DD PC3-10600R DDR3 2Rx8"},"content":{"rendered":"<p>Am\u00e9liorez les performances de votre ordinateur de bureau avec le kit de m\u00e9moire RAM Micron MT18JSF25672PDZ-1G4F1DD PC3-10600R DDR3 2Rx8 de 8 Go. Con\u00e7u pour am\u00e9liorer la vitesse et la r\u00e9activit\u00e9 de votre ordinateur, ce kit RAM Micron authentique offre un multit\u00e2che fluide et une exp\u00e9rience informatique plus fluide.<\/p>\n<p>Fabriqu\u00e9 par Micron, une marque de confiance en mati\u00e8re de technologie m\u00e9moire, ce kit RAM se compose de deux modules de 4 Go conformes \u00e0 la norme DDR3 PC3-10600R. Avec une capacit\u00e9 totale de 8 Go, ce kit offre un gain de performances substantiel, vous permettant d&rsquo;ex\u00e9cuter vos applications plus efficacement et de g\u00e9rer le multit\u00e2che en toute simplicit\u00e9.<\/p>\n<p>L&rsquo;installation est simple gr\u00e2ce au format DIMM standard. En optant pour ce kit RAM Micron authentique, vous investissez dans une meilleure r\u00e9activit\u00e9 du syst\u00e8me, un acc\u00e8s plus rapide aux donn\u00e9es et des capacit\u00e9s multit\u00e2ches optimis\u00e9es. <\/p>\n<p>Am\u00e9liorez les performances de votre ordinateur de bureau avec le kit de m\u00e9moire RAM Micron MT18JSF25672PDZ-1G4F1DD PC3-10600R DDR3 2Rx8 de 8 Go. D\u00e9couvrez un niveau de vitesse et de fiabilit\u00e9 in\u00e9gal\u00e9 pour vos t\u00e2ches informatiques. Boostez votre productivit\u00e9, optimisez vos flux de travail et profitez des avantages des technologies de m\u00e9moire modernes pour votre ordinateur de bureau.<\/p>\n<p>Veuillez v\u00e9rifier la compatibilit\u00e9 avec votre mod\u00e8le de carte m\u00e8re d&rsquo;ordinateur de bureau avant d&rsquo;effectuer votre achat.<\/p>\n","protected":false},"excerpt":{"rendered":"<p>Am\u00e9liorez les performances de votre ordinateur de bureau avec la m\u00e9moire RAM Micron MT18JSF25672PDZ-1G4F1DD PC3-10600R DDR3 2Rx8 de 8 Go. Profitez d&rsquo;un acc\u00e8s aux donn\u00e9es plus rapide et de capacit\u00e9s multit\u00e2ches am\u00e9lior\u00e9es.<\/p>\n","protected":false},"featured_media":9348,"template":"","meta":[],"product_brand":[],"product_cat":[73,72],"product_tag":[],"class_list":{"0":"post-9295","1":"product","2":"type-product","3":"status-publish","4":"has-post-thumbnail","6":"product_cat-ddr3-ddr3l","7":"product_cat-ram-memory","9":"first","10":"instock","11":"taxable","12":"shipping-taxable","13":"purchasable","14":"product-type-simple"},"_links":{"self":[{"href":"https:\/\/boreait.com\/fr\/wp-json\/wp\/v2\/product\/9295","targetHints":{"allow":["GET"]}}],"collection":[{"href":"https:\/\/boreait.com\/fr\/wp-json\/wp\/v2\/product"}],"about":[{"href":"https:\/\/boreait.com\/fr\/wp-json\/wp\/v2\/types\/product"}],"wp:featuredmedia":[{"embeddable":true,"href":"https:\/\/boreait.com\/fr\/wp-json\/wp\/v2\/media\/9348"}],"wp:attachment":[{"href":"https:\/\/boreait.com\/fr\/wp-json\/wp\/v2\/media?parent=9295"}],"wp:term":[{"taxonomy":"product_brand","embeddable":true,"href":"https:\/\/boreait.com\/fr\/wp-json\/wp\/v2\/product_brand?post=9295"},{"taxonomy":"product_cat","embeddable":true,"href":"https:\/\/boreait.com\/fr\/wp-json\/wp\/v2\/product_cat?post=9295"},{"taxonomy":"product_tag","embeddable":true,"href":"https:\/\/boreait.com\/fr\/wp-json\/wp\/v2\/product_tag?post=9295"}],"curies":[{"name":"wp","href":"https:\/\/api.w.org\/{rel}","templated":true}]}}