{"id":9201,"date":"2025-09-15T14:53:04","date_gmt":"2025-09-15T12:53:04","guid":{"rendered":"https:\/\/boreait.com\/fr\/?post_type=product&#038;p=9201"},"modified":"2025-09-15T14:54:20","modified_gmt":"2025-09-15T12:54:20","slug":"lecteur-dvd-rw-sata-cp633788-01-uj8e2","status":"publish","type":"product","link":"https:\/\/boreait.com\/fr\/produit\/lecteur-dvd-rw-sata-cp633788-01-uj8e2\/","title":{"rendered":"Lecteur DVD-RW SATA cp633788-01 UJ8E2"},"content":{"rendered":"<p>Am\u00e9liorez les capacit\u00e9s de stockage optique de votre ordinateur portable avec le lecteur DVD-RW SATA cp633788-01 UJ8E2. Con\u00e7u pour optimiser la lecture et l&rsquo;\u00e9criture de DVD sur votre ordinateur portable, ce lecteur DVD-RW authentique garantit une int\u00e9gration transparente et des fonctionnalit\u00e9s am\u00e9lior\u00e9es pour une exp\u00e9rience informatique optimis\u00e9e.<\/p>\n<p>Fabriqu\u00e9 par Panasonic, leader reconnu en technologie informatique, le lecteur DVD-RW SATA cp633788-01 UJ8E2 est con\u00e7u pour offrir un stockage optique fiable. Composant essentiel des syst\u00e8mes internes de votre ordinateur portable, ce lecteur joue un r\u00f4le essentiel en vous permettant d&rsquo;acc\u00e9der, de cr\u00e9er et de stocker facilement des donn\u00e9es sur DVD.<\/p>\n<p>Que vous ayez besoin de regarder des DVD, de cr\u00e9er des disques de sauvegarde ou d&rsquo;installer des logiciels, ce lecteur DVD-RW vous offre la commodit\u00e9 et l&rsquo;efficacit\u00e9 dont vous avez besoin. Il lit et \u00e9crit diff\u00e9rents formats de DVD, vous offrant ainsi des options polyvalentes pour la gestion de votre contenu num\u00e9rique.<\/p>\n","protected":false},"excerpt":{"rendered":"<p>Am\u00e9liorez les capacit\u00e9s de stockage optique de votre ordinateur portable avec le lecteur DVD RW SATA cp633788-01 UJ8E2. Profitez d&rsquo;une fonctionnalit\u00e9 DVD polyvalente pour regarder, cr\u00e9er et stocker des donn\u00e9es.<\/p>\n","protected":false},"featured_media":9272,"template":"","meta":[],"product_brand":[],"product_cat":[63],"product_tag":[],"class_list":{"0":"post-9201","1":"product","2":"type-product","3":"status-publish","4":"has-post-thumbnail","6":"product_cat-motherboards-board-parts","8":"first","9":"instock","10":"taxable","11":"shipping-taxable","12":"purchasable","13":"product-type-simple"},"_links":{"self":[{"href":"https:\/\/boreait.com\/fr\/wp-json\/wp\/v2\/product\/9201","targetHints":{"allow":["GET"]}}],"collection":[{"href":"https:\/\/boreait.com\/fr\/wp-json\/wp\/v2\/product"}],"about":[{"href":"https:\/\/boreait.com\/fr\/wp-json\/wp\/v2\/types\/product"}],"wp:featuredmedia":[{"embeddable":true,"href":"https:\/\/boreait.com\/fr\/wp-json\/wp\/v2\/media\/9272"}],"wp:attachment":[{"href":"https:\/\/boreait.com\/fr\/wp-json\/wp\/v2\/media?parent=9201"}],"wp:term":[{"taxonomy":"product_brand","embeddable":true,"href":"https:\/\/boreait.com\/fr\/wp-json\/wp\/v2\/product_brand?post=9201"},{"taxonomy":"product_cat","embeddable":true,"href":"https:\/\/boreait.com\/fr\/wp-json\/wp\/v2\/product_cat?post=9201"},{"taxonomy":"product_tag","embeddable":true,"href":"https:\/\/boreait.com\/fr\/wp-json\/wp\/v2\/product_tag?post=9201"}],"curies":[{"name":"wp","href":"https:\/\/api.w.org\/{rel}","templated":true}]}}