{"id":9198,"date":"2025-09-15T14:53:03","date_gmt":"2025-09-15T12:53:03","guid":{"rendered":"https:\/\/boreait.com\/fr\/?post_type=product&#038;p=9198"},"modified":"2025-09-15T14:54:09","modified_gmt":"2025-09-15T12:54:09","slug":"603677-001-hp-sps-drv-dvd-sata-rw-12-7-gt30l","status":"publish","type":"product","link":"https:\/\/boreait.com\/fr\/produit\/603677-001-hp-sps-drv-dvd-sata-rw-12-7-gt30l\/","title":{"rendered":"603677-001 HP Sps-Drv DVD SATA RW 12.7 Gt30L"},"content":{"rendered":"<p>Am\u00e9liorez votre exp\u00e9rience informatique avec le lecteur DVD HP Sps-Drv SATA RW 12,7 Gt30L (603677-001). Con\u00e7u pour optimiser les fonctionnalit\u00e9s du lecteur optique de votre ordinateur portable, ce lecteur DVD HP authentique assure une int\u00e9gration transparente et des capacit\u00e9s de lecture et d&rsquo;\u00e9criture de donn\u00e9es am\u00e9lior\u00e9es pour une exp\u00e9rience informatique optimis\u00e9e. Le cadre en plastique est compatible avec le DV6-3000.<\/p>\n<p>Fabriqu\u00e9 par HP, leader reconnu en mati\u00e8re de technologies informatiques, le lecteur DVD HP Sps-Drv SATA RW 12,7 Gt30L (603677-001) est con\u00e7u pour une lecture et une \u00e9criture de DVD et de CD fiables et efficaces. Composant essentiel des syst\u00e8mes internes de votre ordinateur portable, ce lecteur DVD joue un r\u00f4le essentiel dans l&rsquo;extension de vos capacit\u00e9s multim\u00e9dias.<\/p>\n<p>Que vous ayez besoin de regarder des DVD, d&rsquo;installer des logiciels ou de cr\u00e9er vos propres CD et DVD, ce lecteur offre la commodit\u00e9 et l&rsquo;efficacit\u00e9 dont vous avez besoin. L&rsquo;interface SATA garantit des taux de transfert de donn\u00e9es \u00e9lev\u00e9s, vous permettant de lire et d&rsquo;\u00e9crire des donn\u00e9es rapidement et efficacement. <\/p>\n<p>L&rsquo;installation est simple gr\u00e2ce \u00e0 sa conception compatible avec les composants d&rsquo;origine de votre ordinateur portable. En choisissant des pi\u00e8ces HP authentiques, vous investissez dans la qualit\u00e9 et la fiabilit\u00e9 du lecteur optique de votre ordinateur portable.<\/p>\n<p>Mettez \u00e0 niveau le lecteur optique de votre ordinateur portable avec le lecteur DVD HP Sps-Drv SATA RW 12,7 Gt30L (603677-001). Profitez de capacit\u00e9s multim\u00e9dia am\u00e9lior\u00e9es, d&rsquo;une lecture et d&rsquo;une \u00e9criture fluides et de taux de transfert de donn\u00e9es rapides sur votre ordinateur portable HP compatible. Optimisez votre exp\u00e9rience informatique avec ce lecteur DVD fiable et performant.<\/p>\n<p>Veuillez v\u00e9rifier la compatibilit\u00e9 avec votre mod\u00e8le d&rsquo;ordinateur portable avant d&rsquo;effectuer un achat.<\/p>\n","protected":false},"excerpt":{"rendered":"<p>Am\u00e9liorez le lecteur optique de votre ordinateur portable avec le lecteur DVD Sata RW 12,7 pouces HP Sps-Drv (603677-001). Profitez de capacit\u00e9s multim\u00e9dia am\u00e9lior\u00e9es et d&rsquo;une lecture et d&rsquo;une \u00e9criture rapides.<\/p>\n","protected":false},"featured_media":9259,"template":"","meta":[],"product_brand":[],"product_cat":[63],"product_tag":[61],"class_list":{"0":"post-9198","1":"product","2":"type-product","3":"status-publish","4":"has-post-thumbnail","6":"product_cat-motherboards-board-parts","7":"product_tag-hp","9":"first","10":"instock","11":"taxable","12":"shipping-taxable","13":"purchasable","14":"product-type-simple"},"_links":{"self":[{"href":"https:\/\/boreait.com\/fr\/wp-json\/wp\/v2\/product\/9198","targetHints":{"allow":["GET"]}}],"collection":[{"href":"https:\/\/boreait.com\/fr\/wp-json\/wp\/v2\/product"}],"about":[{"href":"https:\/\/boreait.com\/fr\/wp-json\/wp\/v2\/types\/product"}],"wp:featuredmedia":[{"embeddable":true,"href":"https:\/\/boreait.com\/fr\/wp-json\/wp\/v2\/media\/9259"}],"wp:attachment":[{"href":"https:\/\/boreait.com\/fr\/wp-json\/wp\/v2\/media?parent=9198"}],"wp:term":[{"taxonomy":"product_brand","embeddable":true,"href":"https:\/\/boreait.com\/fr\/wp-json\/wp\/v2\/product_brand?post=9198"},{"taxonomy":"product_cat","embeddable":true,"href":"https:\/\/boreait.com\/fr\/wp-json\/wp\/v2\/product_cat?post=9198"},{"taxonomy":"product_tag","embeddable":true,"href":"https:\/\/boreait.com\/fr\/wp-json\/wp\/v2\/product_tag?post=9198"}],"curies":[{"name":"wp","href":"https:\/\/api.w.org\/{rel}","templated":true}]}}