{"id":8929,"date":"2025-09-15T14:47:08","date_gmt":"2025-09-15T12:47:08","guid":{"rendered":"https:\/\/boreait.com\/fr\/?post_type=product&#038;p=8929"},"modified":"2025-09-15T14:49:22","modified_gmt":"2025-09-15T12:49:22","slug":"couvercle-du-boitier-daffichage-du-lenovo-g50-70-ap0th000140","status":"publish","type":"product","link":"https:\/\/boreait.com\/fr\/produit\/couvercle-du-boitier-daffichage-du-lenovo-g50-70-ap0th000140\/","title":{"rendered":"Couvercle du bo\u00eetier d&rsquo;affichage du Lenovo G50-70 AP0TH000140"},"content":{"rendered":"<p>Am\u00e9liorez l&rsquo;esth\u00e9tique et la protection de votre ordinateur portable Lenovo G50-70 gr\u00e2ce au couvercle d&rsquo;\u00e9cran pour Lenovo G50-70 (r\u00e9f\u00e9rence\u00a0: AP0TH000140). Fabriqu\u00e9 avec pr\u00e9cision et con\u00e7u pour s&rsquo;adapter parfaitement \u00e0 votre ordinateur portable, ce composant de remplacement d&rsquo;origine allie \u00e0 la perfection style et fonctionnalit\u00e9.<\/p>\n<p>Le couvercle d&rsquo;\u00e9cran pour Lenovo G50-70 ajoute non seulement une touche d&rsquo;\u00e9l\u00e9gance \u00e0 votre ordinateur portable, mais offre \u00e9galement une protection essentielle \u00e0 l&rsquo;\u00e9cran. Il prot\u00e8ge votre \u00e9cran de la poussi\u00e8re, des rayures et autres dommages potentiels, garantissant ainsi un \u00e9cran clair et impeccable.<\/p>\n<p>Con\u00e7u avec des ouvertures et des d\u00e9coupes parfaitement positionn\u00e9es, le couvercle d&rsquo;\u00e9cran pour Lenovo G50-70 permet un acc\u00e8s facile \u00e0 la cam\u00e9ra, aux haut-parleurs et aux ports de l&rsquo;ordinateur portable. Son ajustement pr\u00e9cis assure une int\u00e9gration parfaite, pr\u00e9servant ainsi l&rsquo;\u00e9l\u00e9gance de l&rsquo;ordinateur portable.<\/p>\n<p>L&rsquo;installation du couvercle d&rsquo;\u00e9cran pour Lenovo G50-70 est simple et vous permet de redonner un nouveau look \u00e0 votre ordinateur portable. Choisissez ce composant de remplacement Lenovo d&rsquo;origine pour restaurer l&rsquo;esth\u00e9tique et la protection d&rsquo;origine de votre ordinateur portable.<\/p>\n<p>Am\u00e9liorez le style, la protection et les fonctionnalit\u00e9s de votre ordinateur portable Lenovo G50-70 avec le couvercle d&rsquo;\u00e9cran Lenovo G50-70 (r\u00e9f\u00e9rence\u00a0: AP0TH000140). Optimisez votre exp\u00e9rience utilisateur en pr\u00e9servant son \u00e9l\u00e9gance et sa protection contre l&rsquo;usure quotidienne.<\/p>\n","protected":false},"excerpt":{"rendered":"<p>Am\u00e9liorez l&rsquo;esth\u00e9tique et la protection de votre ordinateur portable avec le couvercle d&rsquo;\u00e9cran d&rsquo;origine pour Lenovo G50-70 (r\u00e9f\u00e9rence\u00a0: AP0TH000140). Con\u00e7u pour une int\u00e9gration parfaite et pour am\u00e9liorer le style et la protection de l&rsquo;\u00e9cran, ce composant de remplacement est indispensable pour pr\u00e9server l&rsquo;\u00e9l\u00e9gance de votre ordinateur portable.<\/p>\n","protected":false},"featured_media":9015,"template":"","meta":[],"product_brand":[],"product_cat":[52],"product_tag":[],"class_list":{"0":"post-8929","1":"product","2":"type-product","3":"status-publish","4":"has-post-thumbnail","6":"product_cat-laptop-housing","8":"first","9":"instock","10":"taxable","11":"shipping-taxable","12":"purchasable","13":"product-type-simple"},"_links":{"self":[{"href":"https:\/\/boreait.com\/fr\/wp-json\/wp\/v2\/product\/8929","targetHints":{"allow":["GET"]}}],"collection":[{"href":"https:\/\/boreait.com\/fr\/wp-json\/wp\/v2\/product"}],"about":[{"href":"https:\/\/boreait.com\/fr\/wp-json\/wp\/v2\/types\/product"}],"wp:featuredmedia":[{"embeddable":true,"href":"https:\/\/boreait.com\/fr\/wp-json\/wp\/v2\/media\/9015"}],"wp:attachment":[{"href":"https:\/\/boreait.com\/fr\/wp-json\/wp\/v2\/media?parent=8929"}],"wp:term":[{"taxonomy":"product_brand","embeddable":true,"href":"https:\/\/boreait.com\/fr\/wp-json\/wp\/v2\/product_brand?post=8929"},{"taxonomy":"product_cat","embeddable":true,"href":"https:\/\/boreait.com\/fr\/wp-json\/wp\/v2\/product_cat?post=8929"},{"taxonomy":"product_tag","embeddable":true,"href":"https:\/\/boreait.com\/fr\/wp-json\/wp\/v2\/product_tag?post=8929"}],"curies":[{"name":"wp","href":"https:\/\/api.w.org\/{rel}","templated":true}]}}