{"id":8928,"date":"2025-09-15T14:47:08","date_gmt":"2025-09-15T12:47:08","guid":{"rendered":"https:\/\/boreait.com\/fr\/?post_type=product&#038;p=8928"},"modified":"2025-09-15T14:49:17","modified_gmt":"2025-09-15T12:49:17","slug":"cache-central-repose-poignets-pour-clavier-eay1700701a-eay1700701r-pour-hp-pavilion-17-f-i5","status":"publish","type":"product","link":"https:\/\/boreait.com\/fr\/produit\/cache-central-repose-poignets-pour-clavier-eay1700701a-eay1700701r-pour-hp-pavilion-17-f-i5\/","title":{"rendered":"Cache central repose-poignets pour clavier (EAY1700701A\/EAY1700701R) pour HP Pavilion 17-F i5"},"content":{"rendered":"<p>Am\u00e9liorez les performances et l&rsquo;esth\u00e9tique de votre ordinateur portable HP Pavilion 17-F avec le cache central repose-poignets pour clavier i5. Con\u00e7u pour s&rsquo;adapter parfaitement au mod\u00e8le HP Pavilion 17-F, ce composant de rechange d&rsquo;origine (r\u00e9f\u00e9rence\u00a0: EAY1700701A \/ EAY1700701R) allie style, protection et fonctionnalit\u00e9.<\/p>\n<p>Fabriqu\u00e9 avec pr\u00e9cision et durabilit\u00e9, le cache central repose-poignets pour clavier i5 prot\u00e8ge le clavier et les composants internes de votre ordinateur portable de la poussi\u00e8re, des \u00e9claboussures et de l&rsquo;usure quotidienne. Ce cache de remplacement garantit le bon fonctionnement et l&rsquo;\u00e9tat impeccable de votre ordinateur portable, prolongeant ainsi sa dur\u00e9e de vie.<\/p>\n<p>Le cache central repose-poignets pour clavier i5 offre non seulement une protection fiable, mais rehausse \u00e9galement l&rsquo;esth\u00e9tique de votre ordinateur portable. Con\u00e7u pour am\u00e9liorer l&rsquo;esth\u00e9tique de votre ordinateur portable, ce composant de rechange pr\u00e9sente des d\u00e9coupes et des ouvertures parfaitement positionn\u00e9es, garantissant un acc\u00e8s facile aux ports, connecteurs et touches essentiels.<\/p>\n<p>L&rsquo;installation du cache central du repose-poignets pour clavier du HP Pavilion 17-F i5 est simple et permet de redonner un nouveau look \u00e0 votre ordinateur portable et de le prot\u00e9ger. Choisissez ce composant de remplacement HP d&rsquo;origine pour restaurer l&rsquo;esth\u00e9tique d&rsquo;origine de votre ordinateur portable et optimiser ses performances.<\/p>\n<p>Am\u00e9liorez la durabilit\u00e9, le style et la protection de votre ordinateur portable HP Pavilion 17-F avec le cache central du repose-poignets pour clavier du HP Pavilion 17-F i5. Assurez-vous que votre appareil continue de fonctionner de mani\u00e8re optimale tout en conservant une apparence \u00e9l\u00e9gante et professionnelle.<\/p>\n","protected":false},"excerpt":{"rendered":"<p>Transformez l&rsquo;apparence et la protection de votre ordinateur portable HP Pavilion 17-F avec le cache central repose-poignets pour clavier (r\u00e9f\u00e9rence\u00a0: EAY1700701A \/ EAY1700701R). Ce composant de remplacement d&rsquo;origine offre une durabilit\u00e9, un style et des fonctionnalit\u00e9s am\u00e9lior\u00e9s. Am\u00e9liorez les performances et l&rsquo;esth\u00e9tique de votre ordinateur portable avec ce cache de remplacement de qualit\u00e9 sup\u00e9rieure.<\/p>\n","protected":false},"featured_media":9011,"template":"","meta":[],"product_brand":[],"product_cat":[52],"product_tag":[],"class_list":{"0":"post-8928","1":"product","2":"type-product","3":"status-publish","4":"has-post-thumbnail","6":"product_cat-laptop-housing","8":"first","9":"instock","10":"taxable","11":"shipping-taxable","12":"purchasable","13":"product-type-simple"},"_links":{"self":[{"href":"https:\/\/boreait.com\/fr\/wp-json\/wp\/v2\/product\/8928","targetHints":{"allow":["GET"]}}],"collection":[{"href":"https:\/\/boreait.com\/fr\/wp-json\/wp\/v2\/product"}],"about":[{"href":"https:\/\/boreait.com\/fr\/wp-json\/wp\/v2\/types\/product"}],"wp:featuredmedia":[{"embeddable":true,"href":"https:\/\/boreait.com\/fr\/wp-json\/wp\/v2\/media\/9011"}],"wp:attachment":[{"href":"https:\/\/boreait.com\/fr\/wp-json\/wp\/v2\/media?parent=8928"}],"wp:term":[{"taxonomy":"product_brand","embeddable":true,"href":"https:\/\/boreait.com\/fr\/wp-json\/wp\/v2\/product_brand?post=8928"},{"taxonomy":"product_cat","embeddable":true,"href":"https:\/\/boreait.com\/fr\/wp-json\/wp\/v2\/product_cat?post=8928"},{"taxonomy":"product_tag","embeddable":true,"href":"https:\/\/boreait.com\/fr\/wp-json\/wp\/v2\/product_tag?post=8928"}],"curies":[{"name":"wp","href":"https:\/\/api.w.org\/{rel}","templated":true}]}}