{"id":8910,"date":"2025-09-15T14:46:42","date_gmt":"2025-09-15T12:46:42","guid":{"rendered":"https:\/\/boreait.com\/fr\/?post_type=product&#038;p=8910"},"modified":"2025-09-15T14:48:38","modified_gmt":"2025-09-15T12:48:38","slug":"cache-du-disque-ram-du-lenovo-thinkpad-l540","status":"publish","type":"product","link":"https:\/\/boreait.com\/fr\/produit\/cache-du-disque-ram-du-lenovo-thinkpad-l540\/","title":{"rendered":"Cache du disque RAM du Lenovo Thinkpad L540"},"content":{"rendered":"<p>Am\u00e9liorez les fonctionnalit\u00e9s et la durabilit\u00e9 de votre ordinateur portable Lenovo ThinkPad L540 gr\u00e2ce au cache-disque RAM Lenovo. Con\u00e7u pour s&rsquo;int\u00e9grer parfaitement \u00e0 votre ordinateur portable, ce cache offre un acc\u00e8s facile au module RAM et vous permet de le mettre \u00e0 niveau ou de le remplacer sans effort.<\/p>\n<p>Le module RAM est un composant essentiel aux performances de votre ordinateur portable, affectant sa vitesse et ses capacit\u00e9s multit\u00e2ches. Le cache-disque RAM Lenovo est con\u00e7u pour assurer une ventilation et un refroidissement ad\u00e9quats du module RAM, optimisant ainsi ses performances et prolongeant sa dur\u00e9e de vie.<\/p>\n<p>Con\u00e7u comme une pi\u00e8ce de rechange Lenovo authentique, ce cache-disque RAM garantit compatibilit\u00e9 et fiabilit\u00e9. Sa construction durable prot\u00e8ge non seulement les composants internes de votre ordinateur portable, mais pr\u00e9serve \u00e9galement l&rsquo;\u00e9l\u00e9gance de votre ThinkPad L540.<\/p>\n<p>L&rsquo;installation est simple, ce qui le rend adapt\u00e9 aussi bien aux bricoleurs qu&rsquo;aux professionnels. En utilisant le cache-disque RAM Lenovo, vous pr\u00e9servez les performances et la fiabilit\u00e9 de votre ThinkPad L540, garantissant ainsi sa long\u00e9vit\u00e9.<br \/>\nAm\u00e9liorez les performances et l&rsquo;apparence de votre ThinkPad L540 gr\u00e2ce au cache disque RAM Lenovo. B\u00e9n\u00e9ficiez de performances optimis\u00e9es, d&rsquo;un refroidissement am\u00e9lior\u00e9 et d&rsquo;un entretien simplifi\u00e9 gr\u00e2ce \u00e0 cette pi\u00e8ce de rechange d&rsquo;origine Lenovo.<\/p>\n","protected":false},"excerpt":{"rendered":"<p>Optimisez les performances et le refroidissement de votre Lenovo ThinkPad L540 gr\u00e2ce au cache-disque RAM Lenovo. Con\u00e7u pour faciliter l&rsquo;acc\u00e8s au module RAM de l&rsquo;ordinateur portable, ce cache-disque d&rsquo;origine Lenovo garantit compatibilit\u00e9, fiabilit\u00e9 et ventilation optimales. Am\u00e9liorez les performances et l&rsquo;esth\u00e9tique de votre ordinateur portable gr\u00e2ce \u00e0 ce composant essentiel.<\/p>\n","protected":false},"featured_media":8985,"template":"","meta":[],"product_brand":[],"product_cat":[52],"product_tag":[62],"class_list":{"0":"post-8910","1":"product","2":"type-product","3":"status-publish","4":"has-post-thumbnail","6":"product_cat-laptop-housing","7":"product_tag-lenovo","9":"first","10":"instock","11":"taxable","12":"shipping-taxable","13":"purchasable","14":"product-type-simple"},"_links":{"self":[{"href":"https:\/\/boreait.com\/fr\/wp-json\/wp\/v2\/product\/8910","targetHints":{"allow":["GET"]}}],"collection":[{"href":"https:\/\/boreait.com\/fr\/wp-json\/wp\/v2\/product"}],"about":[{"href":"https:\/\/boreait.com\/fr\/wp-json\/wp\/v2\/types\/product"}],"wp:featuredmedia":[{"embeddable":true,"href":"https:\/\/boreait.com\/fr\/wp-json\/wp\/v2\/media\/8985"}],"wp:attachment":[{"href":"https:\/\/boreait.com\/fr\/wp-json\/wp\/v2\/media?parent=8910"}],"wp:term":[{"taxonomy":"product_brand","embeddable":true,"href":"https:\/\/boreait.com\/fr\/wp-json\/wp\/v2\/product_brand?post=8910"},{"taxonomy":"product_cat","embeddable":true,"href":"https:\/\/boreait.com\/fr\/wp-json\/wp\/v2\/product_cat?post=8910"},{"taxonomy":"product_tag","embeddable":true,"href":"https:\/\/boreait.com\/fr\/wp-json\/wp\/v2\/product_tag?post=8910"}],"curies":[{"name":"wp","href":"https:\/\/api.w.org\/{rel}","templated":true}]}}