{"id":8909,"date":"2025-09-15T14:46:41","date_gmt":"2025-09-15T12:46:41","guid":{"rendered":"https:\/\/boreait.com\/fr\/?post_type=product&#038;p=8909"},"modified":"2025-09-15T14:48:34","modified_gmt":"2025-09-15T12:48:34","slug":"cache-de-base-ram-wifi-acer-aspire-5742-ap0fo000500","status":"publish","type":"product","link":"https:\/\/boreait.com\/fr\/produit\/cache-de-base-ram-wifi-acer-aspire-5742-ap0fo000500\/","title":{"rendered":"Cache de base RAM WIFI Acer Aspire 5742 (Ap0Fo000500)"},"content":{"rendered":"<p>Ravivez la fonctionnalit\u00e9 et l&rsquo;esth\u00e9tique de votre ordinateur portable Acer Aspire 5742 avec le cache de base AP0FO000500, con\u00e7u pour accueillir parfaitement la RAM et les composants Wi-Fi. Fabriqu\u00e9 par Acer comme pi\u00e8ce de rechange authentique, ce cache de base offre un ajustement parfait et des performances fiables, garantissant le maintien de votre ordinateur portable en parfait \u00e9tat.<\/p>\n<p>Avec le temps, le cache de base d&rsquo;un ordinateur portable peut s&rsquo;user en raison d&rsquo;une utilisation r\u00e9guli\u00e8re. Le cache de base AP0FO000500 est une excellente solution pour non seulement restaurer l&rsquo;apparence d&rsquo;origine de votre ordinateur portable, mais aussi prot\u00e9ger ses composants internes. Fabriqu\u00e9 \u00e0 partir de mat\u00e9riaux de qualit\u00e9, ce cache de remplacement am\u00e9liore l&rsquo;int\u00e9grit\u00e9 structurelle de votre ordinateur portable tout en pr\u00e9servant son aspect soign\u00e9 et professionnel.<\/p>\n<p>Le remplacement du cache de base est simple et n\u00e9cessite peu de connaissances techniques. En utilisant des pi\u00e8ces de rechange Acer d&rsquo;origine comme le cache de base AP0FO000500, vous garantissez la compatibilit\u00e9 et les performances fiables de votre ordinateur portable. <\/p>\n<p>Am\u00e9liorez l&rsquo;apparence et la protection de votre ordinateur portable Acer Aspire 5742 avec la coque de protection AP0FO000500. D\u00e9couvrez un ordinateur portable \u00e0 l&rsquo;esth\u00e9tique renouvel\u00e9e et \u00e0 la protection durable, capable de r\u00e9pondre \u00e0 vos exigences quotidiennes.<\/p>\n","protected":false},"excerpt":{"rendered":"<p>Transformez votre ordinateur portable Acer Aspire 5742 avec le cache de base AP0FO000500, con\u00e7u pour accueillir parfaitement la RAM et les composants Wi-Fi. Pi\u00e8ce de rechange Acer authentique, ce cache restaure non seulement l&rsquo;apparence d&rsquo;origine de votre ordinateur portable, mais offre \u00e9galement une protection et une durabilit\u00e9 accrues. Am\u00e9liorez l&rsquo;esth\u00e9tique et la long\u00e9vit\u00e9 de votre ordinateur portable gr\u00e2ce \u00e0 ce cache de remplacement d&rsquo;origine.<\/p>\n","protected":false},"featured_media":8983,"template":"","meta":[],"product_brand":[],"product_cat":[52],"product_tag":[65],"class_list":{"0":"post-8909","1":"product","2":"type-product","3":"status-publish","4":"has-post-thumbnail","6":"product_cat-laptop-housing","7":"product_tag-acer","9":"first","10":"instock","11":"taxable","12":"shipping-taxable","13":"purchasable","14":"product-type-simple"},"_links":{"self":[{"href":"https:\/\/boreait.com\/fr\/wp-json\/wp\/v2\/product\/8909","targetHints":{"allow":["GET"]}}],"collection":[{"href":"https:\/\/boreait.com\/fr\/wp-json\/wp\/v2\/product"}],"about":[{"href":"https:\/\/boreait.com\/fr\/wp-json\/wp\/v2\/types\/product"}],"wp:featuredmedia":[{"embeddable":true,"href":"https:\/\/boreait.com\/fr\/wp-json\/wp\/v2\/media\/8983"}],"wp:attachment":[{"href":"https:\/\/boreait.com\/fr\/wp-json\/wp\/v2\/media?parent=8909"}],"wp:term":[{"taxonomy":"product_brand","embeddable":true,"href":"https:\/\/boreait.com\/fr\/wp-json\/wp\/v2\/product_brand?post=8909"},{"taxonomy":"product_cat","embeddable":true,"href":"https:\/\/boreait.com\/fr\/wp-json\/wp\/v2\/product_cat?post=8909"},{"taxonomy":"product_tag","embeddable":true,"href":"https:\/\/boreait.com\/fr\/wp-json\/wp\/v2\/product_tag?post=8909"}],"curies":[{"name":"wp","href":"https:\/\/api.w.org\/{rel}","templated":true}]}}