{"id":8908,"date":"2025-09-15T14:46:41","date_gmt":"2025-09-15T12:46:41","guid":{"rendered":"https:\/\/boreait.com\/fr\/?post_type=product&#038;p=8908"},"modified":"2025-09-15T14:48:31","modified_gmt":"2025-09-15T12:48:31","slug":"coque-inferieure-du-chassis-asus-x54h-s0165v-13gn7udap021-1","status":"publish","type":"product","link":"https:\/\/boreait.com\/fr\/produit\/coque-inferieure-du-chassis-asus-x54h-s0165v-13gn7udap021-1\/","title":{"rendered":"Coque inf\u00e9rieure du ch\u00e2ssis ASUS X54H-S0165V 13GN7UDAP021-1"},"content":{"rendered":"<p>Sublimez l&rsquo;apparence et l&rsquo;int\u00e9grit\u00e9 structurelle de votre ordinateur portable ASUS X54H-S0165V avec la coque inf\u00e9rieure du ch\u00e2ssis 13GN7UDAP021-1. Pi\u00e8ce de rechange d&rsquo;origine ASUS, cette coque inf\u00e9rieure s&rsquo;adapte parfaitement \u00e0 votre mod\u00e8le d&rsquo;ordinateur portable et lui redonne son \u00e9l\u00e9gance et sa protection d&rsquo;origine.<\/p>\n<p>Avec le temps, le ch\u00e2ssis d&rsquo;un ordinateur portable peut s&rsquo;user, se rayer ou s&rsquo;ab\u00eemer en raison d&rsquo;une utilisation quotidienne. La coque inf\u00e9rieure du ch\u00e2ssis 13GN7UDAP021-1 est la solution id\u00e9ale pour rafra\u00eechir l&rsquo;apparence et le confort de votre ordinateur portable. Fabriqu\u00e9e avec des mat\u00e9riaux durables, cette coque de remplacement am\u00e9liore non seulement l&rsquo;esth\u00e9tique, mais renforce \u00e9galement l&rsquo;int\u00e9grit\u00e9 structurelle de votre appareil.<\/p>\n<p>Le remplacement de la coque inf\u00e9rieure du ch\u00e2ssis est simple et ne n\u00e9cessite aucune comp\u00e9tence technique particuli\u00e8re. Avec les pi\u00e8ces de rechange d&rsquo;origine ASUS, vous avez confiance en la compatibilit\u00e9 et la qualit\u00e9 des composants que vous utilisez. <\/p>\n<p>Am\u00e9liorez l&rsquo;apparence et la protection de votre ordinateur portable ASUS X54H-S0165V avec la coque inf\u00e9rieure du ch\u00e2ssis 13GN7UDAP021-1. Profitez d&rsquo;un ordinateur portable comme neuf, tout en garantissant sa durabilit\u00e9 et ses performances \u00e0 long terme.<\/p>\n","protected":false},"excerpt":{"rendered":"<p>Offrez une nouvelle jeunesse \u00e0 votre ordinateur portable ASUS X54H-S0165V avec la coque inf\u00e9rieure du ch\u00e2ssis 13GN7UDAP021-1. Con\u00e7ue comme pi\u00e8ce de rechange d&rsquo;origine ASUS, cette coque restaure l&rsquo;apparence et l&rsquo;int\u00e9grit\u00e9 structurelle de votre ordinateur portable. Dites adieu aux rayures et \u00e0 l&rsquo;usure, et profitez d&rsquo;un appareil comme neuf.<\/p>\n","protected":false},"featured_media":8981,"template":"","meta":[],"product_brand":[],"product_cat":[52],"product_tag":[66],"class_list":{"0":"post-8908","1":"product","2":"type-product","3":"status-publish","4":"has-post-thumbnail","6":"product_cat-laptop-housing","7":"product_tag-asus","9":"first","10":"instock","11":"taxable","12":"shipping-taxable","13":"purchasable","14":"product-type-simple"},"_links":{"self":[{"href":"https:\/\/boreait.com\/fr\/wp-json\/wp\/v2\/product\/8908","targetHints":{"allow":["GET"]}}],"collection":[{"href":"https:\/\/boreait.com\/fr\/wp-json\/wp\/v2\/product"}],"about":[{"href":"https:\/\/boreait.com\/fr\/wp-json\/wp\/v2\/types\/product"}],"wp:featuredmedia":[{"embeddable":true,"href":"https:\/\/boreait.com\/fr\/wp-json\/wp\/v2\/media\/8981"}],"wp:attachment":[{"href":"https:\/\/boreait.com\/fr\/wp-json\/wp\/v2\/media?parent=8908"}],"wp:term":[{"taxonomy":"product_brand","embeddable":true,"href":"https:\/\/boreait.com\/fr\/wp-json\/wp\/v2\/product_brand?post=8908"},{"taxonomy":"product_cat","embeddable":true,"href":"https:\/\/boreait.com\/fr\/wp-json\/wp\/v2\/product_cat?post=8908"},{"taxonomy":"product_tag","embeddable":true,"href":"https:\/\/boreait.com\/fr\/wp-json\/wp\/v2\/product_tag?post=8908"}],"curies":[{"name":"wp","href":"https:\/\/api.w.org\/{rel}","templated":true}]}}