{"id":8892,"date":"2025-09-15T14:46:19","date_gmt":"2025-09-15T12:46:19","guid":{"rendered":"https:\/\/boreait.com\/fr\/?post_type=product&#038;p=8892"},"modified":"2025-09-15T14:48:03","modified_gmt":"2025-09-15T12:48:03","slug":"ap01k000400-authentique-couvercle-arriere-lcd-acer-aspire-5315","status":"publish","type":"product","link":"https:\/\/boreait.com\/fr\/produit\/ap01k000400-authentique-couvercle-arriere-lcd-acer-aspire-5315\/","title":{"rendered":"AP01K000400 AUTHENTIQUE COUVERCLE ARRI\u00c8RE LCD ACER ASPIRE 5315"},"content":{"rendered":"<p>Am\u00e9liorez l&rsquo;esth\u00e9tique et la durabilit\u00e9 de votre ordinateur portable Acer Aspire 5315 gr\u00e2ce \u00e0 la coque arri\u00e8re de l&rsquo;\u00e9cran LCD Acer AP01K000400. Con\u00e7ue pour s&rsquo;adapter parfaitement aux sp\u00e9cifications du mod\u00e8le Aspire 5315, cette pi\u00e8ce de rechange Acer authentique offre un ajustement parfait et des performances exceptionnelles.<\/p>\n<p>Fabriqu\u00e9e avec pr\u00e9cision et souci du d\u00e9tail, la coque arri\u00e8re de l&rsquo;\u00e9cran LCD Acer AP01K000400 arbore un design \u00e9l\u00e9gant et moderne qui sublime l&rsquo;esth\u00e9tique g\u00e9n\u00e9rale de votre ordinateur portable. Cette coque de remplacement ajoute non seulement une touche d&rsquo;\u00e9l\u00e9gance \u00e0 votre appareil, mais le prot\u00e8ge \u00e9galement des petites \u00e9raflures, des rayures et de l&rsquo;usure quotidienne.<\/p>\n<p>Remplacer la coque arri\u00e8re de votre ordinateur portable est simple, et la pi\u00e8ce de rechange AP01K000400 pr\u00e9serve l&rsquo;esth\u00e9tique et la construction d&rsquo;origine de votre Acer Aspire 5315. Cette pi\u00e8ce Acer authentique garantit compatibilit\u00e9 et int\u00e9grit\u00e9, offrant la haute qualit\u00e9 qui fait la r\u00e9putation d&rsquo;Acer.<br \/>\nInvestissez dans le cache arri\u00e8re LCD Acer AP01K000400 d&rsquo;origine pour am\u00e9liorer l&rsquo;esth\u00e9tique et la long\u00e9vit\u00e9 de votre ordinateur portable Acer Aspire 5315. Choisissez l&rsquo;authenticit\u00e9 et profitez de la satisfaction d&rsquo;utiliser une pi\u00e8ce de rechange conforme aux normes d&rsquo;excellence d&rsquo;Acer.<\/p>\n","protected":false},"excerpt":{"rendered":"<p>Am\u00e9liorez l&rsquo;apparence et la protection de votre ordinateur portable Acer Aspire 5315 avec l&rsquo;authentique coque arri\u00e8re de l&rsquo;\u00e9cran LCD Acer AP01K000400. Con\u00e7ue pour une int\u00e9gration parfaite et des performances exceptionnelles, cette pi\u00e8ce de rechange Acer d&rsquo;origine ajoute une touche d&rsquo;\u00e9l\u00e9gance \u00e0 votre ordinateur portable tout en le prot\u00e9geant de l&rsquo;usure quotidienne.<\/p>\n","protected":false},"featured_media":8964,"template":"","meta":[],"product_brand":[],"product_cat":[52],"product_tag":[65],"class_list":{"0":"post-8892","1":"product","2":"type-product","3":"status-publish","4":"has-post-thumbnail","6":"product_cat-laptop-housing","7":"product_tag-acer","9":"first","10":"instock","11":"taxable","12":"shipping-taxable","13":"purchasable","14":"product-type-simple"},"_links":{"self":[{"href":"https:\/\/boreait.com\/fr\/wp-json\/wp\/v2\/product\/8892","targetHints":{"allow":["GET"]}}],"collection":[{"href":"https:\/\/boreait.com\/fr\/wp-json\/wp\/v2\/product"}],"about":[{"href":"https:\/\/boreait.com\/fr\/wp-json\/wp\/v2\/types\/product"}],"wp:featuredmedia":[{"embeddable":true,"href":"https:\/\/boreait.com\/fr\/wp-json\/wp\/v2\/media\/8964"}],"wp:attachment":[{"href":"https:\/\/boreait.com\/fr\/wp-json\/wp\/v2\/media?parent=8892"}],"wp:term":[{"taxonomy":"product_brand","embeddable":true,"href":"https:\/\/boreait.com\/fr\/wp-json\/wp\/v2\/product_brand?post=8892"},{"taxonomy":"product_cat","embeddable":true,"href":"https:\/\/boreait.com\/fr\/wp-json\/wp\/v2\/product_cat?post=8892"},{"taxonomy":"product_tag","embeddable":true,"href":"https:\/\/boreait.com\/fr\/wp-json\/wp\/v2\/product_tag?post=8892"}],"curies":[{"name":"wp","href":"https:\/\/api.w.org\/{rel}","templated":true}]}}