{"id":8891,"date":"2025-09-15T14:46:19","date_gmt":"2025-09-15T12:46:19","guid":{"rendered":"https:\/\/boreait.com\/fr\/?post_type=product&#038;p=8891"},"modified":"2025-09-15T14:47:58","modified_gmt":"2025-09-15T12:47:58","slug":"coque-arriere-pour-hp-elitebook-720-725-820-g1-g2-a-730561-001","status":"publish","type":"product","link":"https:\/\/boreait.com\/fr\/produit\/coque-arriere-pour-hp-elitebook-720-725-820-g1-g2-a-730561-001\/","title":{"rendered":"Coque arri\u00e8re pour HP EliteBook 720 725 820 G1 G2 A 730561-001"},"content":{"rendered":"<p>Am\u00e9liorez l&rsquo;esth\u00e9tique et la protection de votre ordinateur portable HP EliteBook 720, 725 ou 820 G1\/G2 avec la coque arri\u00e8re d&rsquo;\u00e9cran HP 730561-001 d&rsquo;origine. Con\u00e7ue pour s&rsquo;adapter parfaitement \u00e0 ces mod\u00e8les EliteBook, cette coque arri\u00e8re de remplacement am\u00e9liore \u00e0 la fois l&rsquo;esth\u00e9tique et la durabilit\u00e9 de votre ordinateur portable.<\/p>\n<p>Avec son design \u00e9l\u00e9gant et moderne, la coque arri\u00e8re d&rsquo;\u00e9cran HP 730561-001 ajoute une touche d&rsquo;\u00e9l\u00e9gance \u00e0 votre ordinateur portable et le prot\u00e8ge des rayures, \u00e9raflures et autres dommages du quotidien. Gr\u00e2ce \u00e0 son ajustement pr\u00e9cis, cette coque arri\u00e8re pr\u00e9serve l&rsquo;esth\u00e9tique d&rsquo;origine de l&rsquo;ordinateur portable tout en ajoutant une couche de protection.<\/p>\n<p>Le remplacement de la coque arri\u00e8re est simple et vous permet de remplacer facilement la coque existante de votre ordinateur portable EliteBook. Cette pi\u00e8ce de rechange HP d&rsquo;origine garantit la compatibilit\u00e9 et pr\u00e9serve l&rsquo;\u00e9l\u00e9gance de l&rsquo;ordinateur portable, ainsi que l&rsquo;int\u00e9grit\u00e9 de sa construction.<br \/>\nInvestissez dans la coque arri\u00e8re d&rsquo;\u00e9cran HP 730561-001 d&rsquo;origine pour am\u00e9liorer l&rsquo;apparence et la r\u00e9sistance de votre ordinateur portable EliteBook 720, 725 ou 820 G1\/G2. Profitez de la satisfaction d&rsquo;utiliser une pi\u00e8ce de rechange authentique HP, une marque reconnue pour son engagement envers la qualit\u00e9 et l&rsquo;innovation.<\/p>\n","protected":false},"excerpt":{"rendered":"<p>Am\u00e9liorez l&rsquo;apparence et la protection de votre ordinateur portable HP EliteBook 720, 725 ou 820 G1\/G2 avec la coque arri\u00e8re d&rsquo;\u00e9cran HP 730561-001 d&rsquo;origine. Con\u00e7ue pour un ajustement pr\u00e9cis, cette coque de remplacement am\u00e9liore l&rsquo;esth\u00e9tique et prot\u00e8ge votre ordinateur portable de l&rsquo;usure quotidienne.<\/p>\n","protected":false},"featured_media":8962,"template":"","meta":[],"product_brand":[],"product_cat":[52],"product_tag":[61],"class_list":{"0":"post-8891","1":"product","2":"type-product","3":"status-publish","4":"has-post-thumbnail","6":"product_cat-laptop-housing","7":"product_tag-hp","9":"first","10":"instock","11":"taxable","12":"shipping-taxable","13":"purchasable","14":"product-type-simple"},"_links":{"self":[{"href":"https:\/\/boreait.com\/fr\/wp-json\/wp\/v2\/product\/8891","targetHints":{"allow":["GET"]}}],"collection":[{"href":"https:\/\/boreait.com\/fr\/wp-json\/wp\/v2\/product"}],"about":[{"href":"https:\/\/boreait.com\/fr\/wp-json\/wp\/v2\/types\/product"}],"wp:featuredmedia":[{"embeddable":true,"href":"https:\/\/boreait.com\/fr\/wp-json\/wp\/v2\/media\/8962"}],"wp:attachment":[{"href":"https:\/\/boreait.com\/fr\/wp-json\/wp\/v2\/media?parent=8891"}],"wp:term":[{"taxonomy":"product_brand","embeddable":true,"href":"https:\/\/boreait.com\/fr\/wp-json\/wp\/v2\/product_brand?post=8891"},{"taxonomy":"product_cat","embeddable":true,"href":"https:\/\/boreait.com\/fr\/wp-json\/wp\/v2\/product_cat?post=8891"},{"taxonomy":"product_tag","embeddable":true,"href":"https:\/\/boreait.com\/fr\/wp-json\/wp\/v2\/product_tag?post=8891"}],"curies":[{"name":"wp","href":"https:\/\/api.w.org\/{rel}","templated":true}]}}