{"id":8890,"date":"2025-09-15T14:46:19","date_gmt":"2025-09-15T12:46:19","guid":{"rendered":"https:\/\/boreait.com\/fr\/?post_type=product&#038;p=8890"},"modified":"2025-09-15T14:47:52","modified_gmt":"2025-09-15T12:47:52","slug":"repose-poignets-dorigine-avec-pave-tactile-asus-k52j-36kj3tcjn00","status":"publish","type":"product","link":"https:\/\/boreait.com\/fr\/produit\/repose-poignets-dorigine-avec-pave-tactile-asus-k52j-36kj3tcjn00\/","title":{"rendered":"Repose-poignets d&rsquo;origine avec pav\u00e9 tactile &#8211; Asus K52J &#8211; 36KJ3TCJN00"},"content":{"rendered":"<p>Am\u00e9liorez les fonctionnalit\u00e9s et le confort de votre ordinateur portable Asus K52J gr\u00e2ce au repose-poignets Asus 36KJ3TCJN00 d&rsquo;origine, dot\u00e9 d&rsquo;un pav\u00e9 tactile. Con\u00e7u sp\u00e9cifiquement pour le mod\u00e8le Asus K52J, ce repose-poignets de remplacement int\u00e8gre parfaitement les composants essentiels, vous permettant de profiter d&rsquo;une exp\u00e9rience de frappe confortable et d&rsquo;un contr\u00f4le pr\u00e9cis du pav\u00e9 tactile.<\/p>\n<p>Fabriqu\u00e9 avec le plus grand soin, le repose-poignets 36KJ3TCJN00 t\u00e9moigne de l&rsquo;engagement d&rsquo;Asus pour la qualit\u00e9 et le design. L&rsquo;installation du repose-poignets Asus 36KJ3TCJN00 d&rsquo;origine est simple et vous permet de remplacer facilement le repose-poignets existant sur votre ordinateur portable Asus K52J. En choisissant cette pi\u00e8ce de rechange d&rsquo;origine, vous garantissez la compatibilit\u00e9 et pr\u00e9servez l&rsquo;esth\u00e9tique et les fonctionnalit\u00e9s d&rsquo;origine de votre ordinateur portable.<\/p>\n<p>Am\u00e9liorez l&rsquo;ergonomie et l&rsquo;apparence de votre ordinateur portable gr\u00e2ce au repose-poignets Asus 36KJ3TCJN00 d&rsquo;origine. D\u00e9couvrez la satisfaction d&rsquo;utiliser une pi\u00e8ce de rechange de haute qualit\u00e9 qui correspond \u00e0 l&rsquo;engagement d&rsquo;Asus \u00e0 fournir des solutions informatiques innovantes et fiables.<\/p>\n","protected":false},"excerpt":{"rendered":"<p>Am\u00e9liorez votre ordinateur portable Asus K52J avec le repose-poignets Asus 36KJ3TCJN00 d&rsquo;origine, dot\u00e9 d&rsquo;un clavier et d&rsquo;un pav\u00e9 tactile int\u00e9gr\u00e9s. Ce remplacement authentique garantit une exp\u00e9rience de frappe confortable et un contr\u00f4le pr\u00e9cis du pav\u00e9 tactile, fid\u00e8le \u00e0 l&rsquo;engagement d&rsquo;Asus en mati\u00e8re de qualit\u00e9 et de design.<\/p>\n","protected":false},"featured_media":8954,"template":"","meta":[],"product_brand":[],"product_cat":[52],"product_tag":[66],"class_list":{"0":"post-8890","1":"product","2":"type-product","3":"status-publish","4":"has-post-thumbnail","6":"product_cat-laptop-housing","7":"product_tag-asus","9":"first","10":"instock","11":"taxable","12":"shipping-taxable","13":"purchasable","14":"product-type-simple"},"_links":{"self":[{"href":"https:\/\/boreait.com\/fr\/wp-json\/wp\/v2\/product\/8890","targetHints":{"allow":["GET"]}}],"collection":[{"href":"https:\/\/boreait.com\/fr\/wp-json\/wp\/v2\/product"}],"about":[{"href":"https:\/\/boreait.com\/fr\/wp-json\/wp\/v2\/types\/product"}],"wp:featuredmedia":[{"embeddable":true,"href":"https:\/\/boreait.com\/fr\/wp-json\/wp\/v2\/media\/8954"}],"wp:attachment":[{"href":"https:\/\/boreait.com\/fr\/wp-json\/wp\/v2\/media?parent=8890"}],"wp:term":[{"taxonomy":"product_brand","embeddable":true,"href":"https:\/\/boreait.com\/fr\/wp-json\/wp\/v2\/product_brand?post=8890"},{"taxonomy":"product_cat","embeddable":true,"href":"https:\/\/boreait.com\/fr\/wp-json\/wp\/v2\/product_cat?post=8890"},{"taxonomy":"product_tag","embeddable":true,"href":"https:\/\/boreait.com\/fr\/wp-json\/wp\/v2\/product_tag?post=8890"}],"curies":[{"name":"wp","href":"https:\/\/api.w.org\/{rel}","templated":true}]}}