{"id":8880,"date":"2025-09-15T14:45:58","date_gmt":"2025-09-15T12:45:58","guid":{"rendered":"https:\/\/boreait.com\/fr\/?post_type=product&#038;p=8880"},"modified":"2025-09-15T14:47:47","modified_gmt":"2025-09-15T12:47:47","slug":"coque-superieure-du-chassis-hp-probook-470-g2-repose-poignets-768390-001","status":"publish","type":"product","link":"https:\/\/boreait.com\/fr\/produit\/coque-superieure-du-chassis-hp-probook-470-g2-repose-poignets-768390-001\/","title":{"rendered":"Coque sup\u00e9rieure du ch\u00e2ssis HP ProBook 470 G2 &#8211; Repose-poignets 768390-001"},"content":{"rendered":"<p>Am\u00e9liorez l&rsquo;apparence et la protection de votre ordinateur portable HP ProBook 470 G2 avec le repose-poignets HP 768390-001 d&rsquo;origine. Con\u00e7ue pour s&rsquo;adapter parfaitement \u00e0 votre mod\u00e8le d&rsquo;ordinateur portable, cette coque sup\u00e9rieure de remplacement allie esth\u00e9tique \u00e9l\u00e9gante et construction durable, garantissant \u00e0 la fois attrait visuel et r\u00e9sistance accrue.<\/p>\n<p>La coque sup\u00e9rieure de ch\u00e2ssis 768390-001 est sp\u00e9cialement con\u00e7ue pour s&rsquo;adapter parfaitement et pr\u00e9cis\u00e9ment \u00e0 votre HP ProBook 470 G2, offrant une couche protectrice qui prot\u00e8ge les composants internes de la poussi\u00e8re, des d\u00e9bris et des dommages potentiels. En rempla\u00e7ant la coque sup\u00e9rieure, vous rafra\u00eechissez instantan\u00e9ment l&rsquo;apparence de votre ordinateur portable et conservez son aspect professionnel.<\/p>\n<p>L&rsquo;installation de la coque sup\u00e9rieure de ch\u00e2ssis HP 768390-001 d&rsquo;origine est simple et vous permet d&rsquo;am\u00e9liorer facilement l&rsquo;esth\u00e9tique et la protection de votre ordinateur portable. Gr\u00e2ce \u00e0 sa construction de haute qualit\u00e9, cette coque sup\u00e9rieure est con\u00e7ue pour r\u00e9sister \u00e0 une utilisation quotidienne tout en conservant sa finition haut de gamme. <\/p>\n<p>Profitez de la confiance d&rsquo;une pi\u00e8ce de rechange HP authentique, conforme aux normes de qualit\u00e9 rigoureuses de la marque. Sublimez l&rsquo;apparence de votre ordinateur portable et prot\u00e9gez ses composants internes avec la coque sup\u00e9rieure du ch\u00e2ssis HP 768390-001 d&rsquo;origine, alliant style et durabilit\u00e9.<\/p>\n","protected":false},"excerpt":{"rendered":"<p>Am\u00e9liorez l&rsquo;apparence et la protection de votre ordinateur portable HP ProBook 470 G2 avec la coque sup\u00e9rieure de ch\u00e2ssis HP 768390-001 d&rsquo;origine. Con\u00e7ue pour s&rsquo;adapter parfaitement et am\u00e9liorer \u00e0 la fois l&rsquo;esth\u00e9tique et la r\u00e9sistance, cette coque sup\u00e9rieure de remplacement rafra\u00eechit instantan\u00e9ment l&rsquo;apparence de votre ordinateur portable tout en pr\u00e9servant ses composants internes.<\/p>\n","protected":false},"featured_media":8952,"template":"","meta":[],"product_brand":[],"product_cat":[52],"product_tag":[61],"class_list":{"0":"post-8880","1":"product","2":"type-product","3":"status-publish","4":"has-post-thumbnail","6":"product_cat-laptop-housing","7":"product_tag-hp","9":"first","10":"instock","11":"taxable","12":"shipping-taxable","13":"purchasable","14":"product-type-simple"},"_links":{"self":[{"href":"https:\/\/boreait.com\/fr\/wp-json\/wp\/v2\/product\/8880","targetHints":{"allow":["GET"]}}],"collection":[{"href":"https:\/\/boreait.com\/fr\/wp-json\/wp\/v2\/product"}],"about":[{"href":"https:\/\/boreait.com\/fr\/wp-json\/wp\/v2\/types\/product"}],"wp:featuredmedia":[{"embeddable":true,"href":"https:\/\/boreait.com\/fr\/wp-json\/wp\/v2\/media\/8952"}],"wp:attachment":[{"href":"https:\/\/boreait.com\/fr\/wp-json\/wp\/v2\/media?parent=8880"}],"wp:term":[{"taxonomy":"product_brand","embeddable":true,"href":"https:\/\/boreait.com\/fr\/wp-json\/wp\/v2\/product_brand?post=8880"},{"taxonomy":"product_cat","embeddable":true,"href":"https:\/\/boreait.com\/fr\/wp-json\/wp\/v2\/product_cat?post=8880"},{"taxonomy":"product_tag","embeddable":true,"href":"https:\/\/boreait.com\/fr\/wp-json\/wp\/v2\/product_tag?post=8880"}],"curies":[{"name":"wp","href":"https:\/\/api.w.org\/{rel}","templated":true}]}}