{"id":8831,"date":"2025-09-15T14:44:42","date_gmt":"2025-09-15T12:44:42","guid":{"rendered":"https:\/\/boreait.com\/fr\/?post_type=product&#038;p=8831"},"modified":"2025-09-15T14:46:18","modified_gmt":"2025-09-15T12:46:18","slug":"carte-de-lecteur-de-carte-a-puce-pour-ordinateur-portable-hp-elitebook-840-g1-6050a2560401","status":"publish","type":"product","link":"https:\/\/boreait.com\/fr\/produit\/carte-de-lecteur-de-carte-a-puce-pour-ordinateur-portable-hp-elitebook-840-g1-6050a2560401\/","title":{"rendered":"Carte de lecteur de carte \u00e0 puce pour ordinateur portable HP EliteBook 840 G1 (6050A2560401)"},"content":{"rendered":"<p>Am\u00e9liorez la s\u00e9curit\u00e9 de votre ordinateur portable HP EliteBook s\u00e9rie 840 G1 avec la carte lecteur de carte \u00e0 puce. Cette pi\u00e8ce de rechange HP d&rsquo;origine offre une protection et un confort accrus, vous permettant d&rsquo;am\u00e9liorer la s\u00e9curit\u00e9 de votre ordinateur portable.<\/p>\n<p>La technologie de carte \u00e0 puce offre une m\u00e9thode s\u00e9curis\u00e9e d&rsquo;authentification et de protection des donn\u00e9es, ce qui en fait un composant essentiel pour les particuliers et les entreprises qui accordent une grande importance \u00e0 la s\u00e9curit\u00e9 de leurs donn\u00e9es. La carte lecteur de carte \u00e0 puce est con\u00e7ue pour s&rsquo;int\u00e9grer parfaitement \u00e0 votre HP EliteBook 840 G1, vous permettant d&rsquo;acc\u00e9der facilement \u00e0 votre ordinateur portable tout en prot\u00e9geant vos informations sensibles.<\/p>\n<p>Gr\u00e2ce \u00e0 sa conception pr\u00e9cise et \u00e0 sa compatibilit\u00e9 avec votre mod\u00e8le d&rsquo;ordinateur portable, l&rsquo;installation est simple. Une fois install\u00e9e, vous pouvez utiliser la technologie de carte \u00e0 puce pour authentifier les utilisateurs et garantir que seules les personnes autoris\u00e9es acc\u00e8dent \u00e0 votre ordinateur portable et \u00e0 son contenu.<\/p>\n<p>Am\u00e9liorez la s\u00e9curit\u00e9 et la convivialit\u00e9 de votre ordinateur portable avec la carte lecteur de carte \u00e0 puce pour HP EliteBook s\u00e9rie 840 G1. Investissez dans une solution fiable et fiable qui vous offre une tranquillit\u00e9 d&rsquo;esprit et une protection renforc\u00e9e pour vos pr\u00e9cieuses donn\u00e9es.<\/p>\n","protected":false},"excerpt":{"rendered":"<p>Am\u00e9liorez la s\u00e9curit\u00e9 de votre ordinateur portable HP EliteBook s\u00e9rie 840 G1 gr\u00e2ce au lecteur de carte \u00e0 puce. Optimisez la protection des donn\u00e9es et l&rsquo;authentification des utilisateurs pour une plus grande tranquillit\u00e9 d&rsquo;esprit.<\/p>\n","protected":false},"featured_media":8889,"template":"","meta":[],"product_brand":[],"product_cat":[63],"product_tag":[61],"class_list":{"0":"post-8831","1":"product","2":"type-product","3":"status-publish","4":"has-post-thumbnail","6":"product_cat-motherboards-board-parts","7":"product_tag-hp","9":"first","10":"instock","11":"taxable","12":"shipping-taxable","13":"purchasable","14":"product-type-simple"},"_links":{"self":[{"href":"https:\/\/boreait.com\/fr\/wp-json\/wp\/v2\/product\/8831","targetHints":{"allow":["GET"]}}],"collection":[{"href":"https:\/\/boreait.com\/fr\/wp-json\/wp\/v2\/product"}],"about":[{"href":"https:\/\/boreait.com\/fr\/wp-json\/wp\/v2\/types\/product"}],"wp:featuredmedia":[{"embeddable":true,"href":"https:\/\/boreait.com\/fr\/wp-json\/wp\/v2\/media\/8889"}],"wp:attachment":[{"href":"https:\/\/boreait.com\/fr\/wp-json\/wp\/v2\/media?parent=8831"}],"wp:term":[{"taxonomy":"product_brand","embeddable":true,"href":"https:\/\/boreait.com\/fr\/wp-json\/wp\/v2\/product_brand?post=8831"},{"taxonomy":"product_cat","embeddable":true,"href":"https:\/\/boreait.com\/fr\/wp-json\/wp\/v2\/product_cat?post=8831"},{"taxonomy":"product_tag","embeddable":true,"href":"https:\/\/boreait.com\/fr\/wp-json\/wp\/v2\/product_tag?post=8831"}],"curies":[{"name":"wp","href":"https:\/\/api.w.org\/{rel}","templated":true}]}}