{"id":8829,"date":"2025-09-15T14:44:42","date_gmt":"2025-09-15T12:44:42","guid":{"rendered":"https:\/\/boreait.com\/fr\/?post_type=product&#038;p=8829"},"modified":"2025-09-15T14:46:11","modified_gmt":"2025-09-15T12:46:11","slug":"6050a2560301-pour-carte-mere-hp-elitebook-840-745-g1","status":"publish","type":"product","link":"https:\/\/boreait.com\/fr\/produit\/6050a2560301-pour-carte-mere-hp-elitebook-840-745-g1\/","title":{"rendered":"6050A2560301 pour carte m\u00e8re HP EliteBook 840 745 G1"},"content":{"rendered":"<p>Am\u00e9liorez votre ordinateur portable HP EliteBook 840 ou 745 G1 avec la carte du bouton d&rsquo;alimentation 6050A2560301. Cette pi\u00e8ce de rechange HP d&rsquo;origine est con\u00e7ue pour restaurer la fonctionnalit\u00e9 du bouton d&rsquo;alimentation de votre ordinateur portable, garantissant un fonctionnement fluide et r\u00e9actif.<\/p>\n<p>Le bouton d&rsquo;alimentation est un \u00e9l\u00e9ment essentiel de tout ordinateur portable\u00a0: il vous permet d&rsquo;allumer et d&rsquo;\u00e9teindre votre appareil sans effort. Avec le temps, l&rsquo;usure peut entra\u00eener une baisse des performances, voire un dysfonctionnement de ce bouton essentiel. Avec la carte du bouton d&rsquo;alimentation 6050A2560301, vous pouvez redonner vie \u00e0 votre ordinateur portable et lui redonner toutes ses fonctionnalit\u00e9s.<\/p>\n<p>L&rsquo;installation est simple et cette carte du bouton d&rsquo;alimentation est con\u00e7ue pour s&rsquo;adapter parfaitement \u00e0 votre ordinateur portable HP EliteBook 840 ou 745 G1, garantissant une int\u00e9gration parfaite au syst\u00e8me. Profitez du confort et de la tranquillit\u00e9 d&rsquo;esprit d&rsquo;un bouton d&rsquo;alimentation fiable \u00e0 port\u00e9e de main. <\/p>\n<p>Choisissez la carte de bouton d&rsquo;alimentation 6050A2560301 pour les ordinateurs portables HP EliteBook 840 et 745 G1 et b\u00e9n\u00e9ficiez d&rsquo;une gestion de l&rsquo;alimentation sans tracas pour les ann\u00e9es \u00e0 venir.<\/p>\n","protected":false},"excerpt":{"rendered":"<p>Redonnez vie \u00e0 votre ordinateur portable HP EliteBook 840 ou 745 G1 avec la carte de bouton d&rsquo;alimentation 6050A2560301. Retrouvez un fonctionnement fluide et r\u00e9actif du bouton d&rsquo;alimentation.<\/p>\n","protected":false},"featured_media":8886,"template":"","meta":[],"product_brand":[],"product_cat":[63],"product_tag":[61],"class_list":{"0":"post-8829","1":"product","2":"type-product","3":"status-publish","4":"has-post-thumbnail","6":"product_cat-motherboards-board-parts","7":"product_tag-hp","9":"first","10":"instock","11":"taxable","12":"shipping-taxable","13":"purchasable","14":"product-type-simple"},"_links":{"self":[{"href":"https:\/\/boreait.com\/fr\/wp-json\/wp\/v2\/product\/8829","targetHints":{"allow":["GET"]}}],"collection":[{"href":"https:\/\/boreait.com\/fr\/wp-json\/wp\/v2\/product"}],"about":[{"href":"https:\/\/boreait.com\/fr\/wp-json\/wp\/v2\/types\/product"}],"wp:featuredmedia":[{"embeddable":true,"href":"https:\/\/boreait.com\/fr\/wp-json\/wp\/v2\/media\/8886"}],"wp:attachment":[{"href":"https:\/\/boreait.com\/fr\/wp-json\/wp\/v2\/media?parent=8829"}],"wp:term":[{"taxonomy":"product_brand","embeddable":true,"href":"https:\/\/boreait.com\/fr\/wp-json\/wp\/v2\/product_brand?post=8829"},{"taxonomy":"product_cat","embeddable":true,"href":"https:\/\/boreait.com\/fr\/wp-json\/wp\/v2\/product_cat?post=8829"},{"taxonomy":"product_tag","embeddable":true,"href":"https:\/\/boreait.com\/fr\/wp-json\/wp\/v2\/product_tag?post=8829"}],"curies":[{"name":"wp","href":"https:\/\/api.w.org\/{rel}","templated":true}]}}