{"id":8828,"date":"2025-09-15T14:44:42","date_gmt":"2025-09-15T12:44:42","guid":{"rendered":"https:\/\/boreait.com\/fr\/?post_type=product&#038;p=8828"},"modified":"2026-01-07T14:55:23","modified_gmt":"2026-01-07T13:55:23","slug":"ensemble-de-haut-parleurs-internes-gauche-et-droit-pour-dell-latitude-e5440-tcn2t-0tcn2t-cn-0tcn2t-2","status":"publish","type":"product","link":"https:\/\/boreait.com\/fr\/produit\/ensemble-de-haut-parleurs-internes-gauche-et-droit-pour-dell-latitude-e5440-tcn2t-0tcn2t-cn-0tcn2t-2\/","title":{"rendered":"Ensemble de haut-parleurs internes gauche et droit pour Dell Latitude E5440 TCN2T 0TCN2T CN-0TCN2T"},"content":{"rendered":"<p>Am\u00e9liorez votre exp\u00e9rience audio avec le kit de haut-parleurs internes gauche et droit TCN2T 0TCN2T CN-0TCN2T pour Dell Latitude E5440. Con\u00e7u pour am\u00e9liorer la qualit\u00e9 sonore de votre ordinateur portable, ce kit d&rsquo;enceintes authentique offre un son clair et vibrant, donnant vie \u00e0 votre contenu multim\u00e9dia.<\/p>\n<p>Que vous regardiez des films, \u00e9coutiez de la musique ou participiez \u00e0 des appels vid\u00e9o, ces haut-parleurs offrent une sortie audio \u00e9quilibr\u00e9e et dynamique. La configuration des haut-parleurs gauche et droit garantit un spectre sonore complet, capturant chaque d\u00e9tail de votre contenu audio avec pr\u00e9cision.<\/p>\n<p>L&rsquo;installation est un jeu d&rsquo;enfant, car ce kit d&rsquo;enceintes est con\u00e7u pour s&rsquo;int\u00e9grer parfaitement \u00e0 votre ordinateur portable Dell Latitude E5440. Le kit comprend des haut-parleurs gauche et droit, garantissant des performances audio constantes sur tout le spectre st\u00e9r\u00e9o.<\/p>\n<p>Am\u00e9liorez les performances audio de votre ordinateur portable avec le kit de haut-parleurs internes gauche et droit TCN2T 0TCN2T CN-0TCN2T pour Dell Latitude E5440. Plongez dans une qualit\u00e9 audio riche qui ajoute une nouvelle dimension \u00e0 vos exp\u00e9riences de divertissement et de communication.<\/p>\n","protected":false},"excerpt":{"rendered":"<p>Am\u00e9liorez votre son avec le jeu de haut-parleurs internes gauche et droit TCN2T 0TCN2T CN-0TCN2T pour Dell Latitude E5440. Profitez d&rsquo;un son dynamique pour vos films, votre musique et vos appels.<\/p>\n","protected":false},"featured_media":8885,"template":"","meta":[],"product_brand":[],"product_cat":[54],"product_tag":[53],"class_list":{"0":"post-8828","1":"product","2":"type-product","3":"status-publish","4":"has-post-thumbnail","6":"product_cat-laptop-speakers","7":"product_tag-dell","9":"first","10":"instock","11":"taxable","12":"shipping-taxable","13":"purchasable","14":"product-type-simple"},"_links":{"self":[{"href":"https:\/\/boreait.com\/fr\/wp-json\/wp\/v2\/product\/8828","targetHints":{"allow":["GET"]}}],"collection":[{"href":"https:\/\/boreait.com\/fr\/wp-json\/wp\/v2\/product"}],"about":[{"href":"https:\/\/boreait.com\/fr\/wp-json\/wp\/v2\/types\/product"}],"wp:featuredmedia":[{"embeddable":true,"href":"https:\/\/boreait.com\/fr\/wp-json\/wp\/v2\/media\/8885"}],"wp:attachment":[{"href":"https:\/\/boreait.com\/fr\/wp-json\/wp\/v2\/media?parent=8828"}],"wp:term":[{"taxonomy":"product_brand","embeddable":true,"href":"https:\/\/boreait.com\/fr\/wp-json\/wp\/v2\/product_brand?post=8828"},{"taxonomy":"product_cat","embeddable":true,"href":"https:\/\/boreait.com\/fr\/wp-json\/wp\/v2\/product_cat?post=8828"},{"taxonomy":"product_tag","embeddable":true,"href":"https:\/\/boreait.com\/fr\/wp-json\/wp\/v2\/product_tag?post=8828"}],"curies":[{"name":"wp","href":"https:\/\/api.w.org\/{rel}","templated":true}]}}