{"id":8816,"date":"2025-09-15T14:44:15","date_gmt":"2025-09-15T12:44:15","guid":{"rendered":"https:\/\/boreait.com\/fr\/?post_type=product&#038;p=8816"},"modified":"2026-01-07T14:55:06","modified_gmt":"2026-01-07T13:55:06","slug":"ensemble-de-haut-parleurs-internes-gauche-et-droit-pour-dell-latitude-e5440-tcn2t-0tcn2t-cn-0tcn2t","status":"publish","type":"product","link":"https:\/\/boreait.com\/fr\/produit\/ensemble-de-haut-parleurs-internes-gauche-et-droit-pour-dell-latitude-e5440-tcn2t-0tcn2t-cn-0tcn2t\/","title":{"rendered":"Ensemble de haut-parleurs internes gauche et droit pour Dell Latitude E5440 TCN2T 0TCN2T CN-0TCN2T"},"content":{"rendered":"<p>Am\u00e9liorez votre exp\u00e9rience audio avec le kit de haut-parleurs internes gauche et droit TCN2T pour Dell Latitude E5440. Con\u00e7u pour offrir un son clair et net, ce kit de haut-parleurs d&rsquo;origine remplace parfaitement les haut-parleurs existants de votre ordinateur portable.<\/p>\n<p>Plongez dans un univers audio immersif avec ces haut-parleurs de haute qualit\u00e9. Que vous regardiez des films, \u00e9coutiez de la musique ou participiez \u00e0 des appels vid\u00e9o, le kit de haut-parleurs Dell Latitude E5440 TCN2T garantit une reproduction sonore pr\u00e9cise et profonde.<\/p>\n<p>La combinaison des haut-parleurs gauche et droit offre une sortie audio \u00e9quilibr\u00e9e, vous permettant de profiter d&rsquo;un spectre de fr\u00e9quences complet. Des basses profondes aux aigus d\u00e9taill\u00e9s, ces haut-parleurs offrent une exp\u00e9rience audio compl\u00e8te qui compl\u00e8te l&rsquo;\u00e9cran de votre ordinateur portable.<\/p>\n<p>L&rsquo;installation est simple et le kit est con\u00e7u pour s&rsquo;int\u00e9grer parfaitement \u00e0 votre ordinateur portable Dell Latitude E5440. Am\u00e9liorez votre sortie audio et transformez votre exp\u00e9rience multim\u00e9dia avec ce kit de haut-parleurs Dell d&rsquo;origine.<br \/>\nAm\u00e9liorez la qualit\u00e9 audio de votre ordinateur portable Dell Latitude E5440 gr\u00e2ce au jeu de haut-parleurs internes gauche et droit TCN2T. Optimisez vos divertissements et vos communications gr\u00e2ce \u00e0 ces haut-parleurs hautes performances qui ne manqueront pas de vous impressionner.<\/p>\n","protected":false},"excerpt":{"rendered":"<p>Am\u00e9liorez votre qualit\u00e9 audio avec le kit de haut-parleurs internes gauche et droit TCN2T pour Dell Latitude E5440. Profitez d&rsquo;une reproduction sonore immersive pour vos films, votre musique et vos appels gr\u00e2ce \u00e0 ce kit de haut-parleurs Dell d&rsquo;origine.<\/p>\n","protected":false},"featured_media":8883,"template":"","meta":[],"product_brand":[],"product_cat":[54],"product_tag":[],"class_list":{"0":"post-8816","1":"product","2":"type-product","3":"status-publish","4":"has-post-thumbnail","6":"product_cat-laptop-speakers","8":"first","9":"instock","10":"taxable","11":"shipping-taxable","12":"purchasable","13":"product-type-simple"},"_links":{"self":[{"href":"https:\/\/boreait.com\/fr\/wp-json\/wp\/v2\/product\/8816","targetHints":{"allow":["GET"]}}],"collection":[{"href":"https:\/\/boreait.com\/fr\/wp-json\/wp\/v2\/product"}],"about":[{"href":"https:\/\/boreait.com\/fr\/wp-json\/wp\/v2\/types\/product"}],"wp:featuredmedia":[{"embeddable":true,"href":"https:\/\/boreait.com\/fr\/wp-json\/wp\/v2\/media\/8883"}],"wp:attachment":[{"href":"https:\/\/boreait.com\/fr\/wp-json\/wp\/v2\/media?parent=8816"}],"wp:term":[{"taxonomy":"product_brand","embeddable":true,"href":"https:\/\/boreait.com\/fr\/wp-json\/wp\/v2\/product_brand?post=8816"},{"taxonomy":"product_cat","embeddable":true,"href":"https:\/\/boreait.com\/fr\/wp-json\/wp\/v2\/product_cat?post=8816"},{"taxonomy":"product_tag","embeddable":true,"href":"https:\/\/boreait.com\/fr\/wp-json\/wp\/v2\/product_tag?post=8816"}],"curies":[{"name":"wp","href":"https:\/\/api.w.org\/{rel}","templated":true}]}}