{"id":8809,"date":"2025-09-15T14:44:14","date_gmt":"2025-09-15T12:44:14","guid":{"rendered":"https:\/\/boreait.com\/fr\/?post_type=product&#038;p=8809"},"modified":"2025-09-15T14:45:47","modified_gmt":"2025-09-15T12:45:47","slug":"clavier-retroeclaire-hp-elitebook-8440p-avec-bouton-ls-4904p-rf-nbx0000g700","status":"publish","type":"product","link":"https:\/\/boreait.com\/fr\/produit\/clavier-retroeclaire-hp-elitebook-8440p-avec-bouton-ls-4904p-rf-nbx0000g700\/","title":{"rendered":"Clavier r\u00e9tro\u00e9clair\u00e9 HP EliteBook 8440P avec bouton LS-4904P (RF) NBX0000G700"},"content":{"rendered":"<p>Am\u00e9liorez les fonctionnalit\u00e9s et le confort de votre ordinateur portable HP EliteBook 8440P gr\u00e2ce au bouton de r\u00e9tro\u00e9clairage du clavier HP EliteBook 8440P LS-4904P (RF) NBX0000G700. Cette pi\u00e8ce de rechange d&rsquo;origine offre une solution simple pour restaurer ou mettre \u00e0 niveau le r\u00e9tro\u00e9clairage du clavier de votre ordinateur portable.<\/p>\n<p>Con\u00e7u avec pr\u00e9cision et r\u00e9pondant \u00e0 des normes de qualit\u00e9 strictes, le bouton de r\u00e9tro\u00e9clairage du clavier HP EliteBook 8440P LS-4904P (RF) NBX0000G700 restaure le r\u00e9tro\u00e9clairage de votre ordinateur portable. Ce bouton vous permet de contr\u00f4ler facilement le r\u00e9tro\u00e9clairage de votre clavier, ajoutant confort et \u00e9l\u00e9gance \u00e0 votre exp\u00e9rience informatique.<\/p>\n<p>Le remplacement du bouton de r\u00e9tro\u00e9clairage est une proc\u00e9dure simple, adapt\u00e9e aussi bien aux experts techniques qu&rsquo;aux bricoleurs. Avec le clavier r\u00e9tro\u00e9clair\u00e9 HP EliteBook 8440P LS-4904P (RF) NBX0000G700, profitez des avantages d&rsquo;un clavier bien \u00e9clair\u00e9, facilitant le travail dans des environnements peu \u00e9clair\u00e9s ou ajoutant une touche d&rsquo;\u00e9l\u00e9gance \u00e0 votre ordinateur portable.<\/p>\n<p>Am\u00e9liorez l&rsquo;esth\u00e9tique et l&rsquo;exp\u00e9rience utilisateur de votre ordinateur portable en choisissant le clavier r\u00e9tro\u00e9clair\u00e9 HP EliteBook 8440P LS-4904P (RF) NBX0000G700. Profitez d&rsquo;un contr\u00f4le optimal de votre clavier r\u00e9tro\u00e9clair\u00e9 et optimisez votre productivit\u00e9.<\/p>\n<p>Veuillez v\u00e9rifier la compatibilit\u00e9 avec votre mod\u00e8le HP EliteBook 8440P avant d&rsquo;acheter.<\/p>\n","protected":false},"excerpt":{"rendered":"<p>Am\u00e9liorez le clavier de votre ordinateur portable HP EliteBook 8440P avec le bouton r\u00e9tro\u00e9clair\u00e9 LS-4904P (RF) NBX0000G700. Cette pi\u00e8ce de rechange d&rsquo;origine redonne au clavier r\u00e9tro\u00e9clair\u00e9 son aspect pratique, am\u00e9liorant ainsi sa fonctionnalit\u00e9 et son esth\u00e9tique.<\/p>\n","protected":false},"featured_media":8867,"template":"","meta":[],"product_brand":[],"product_cat":[63],"product_tag":[61],"class_list":{"0":"post-8809","1":"product","2":"type-product","3":"status-publish","4":"has-post-thumbnail","6":"product_cat-motherboards-board-parts","7":"product_tag-hp","9":"first","10":"instock","11":"taxable","12":"shipping-taxable","13":"purchasable","14":"product-type-simple"},"_links":{"self":[{"href":"https:\/\/boreait.com\/fr\/wp-json\/wp\/v2\/product\/8809","targetHints":{"allow":["GET"]}}],"collection":[{"href":"https:\/\/boreait.com\/fr\/wp-json\/wp\/v2\/product"}],"about":[{"href":"https:\/\/boreait.com\/fr\/wp-json\/wp\/v2\/types\/product"}],"wp:featuredmedia":[{"embeddable":true,"href":"https:\/\/boreait.com\/fr\/wp-json\/wp\/v2\/media\/8867"}],"wp:attachment":[{"href":"https:\/\/boreait.com\/fr\/wp-json\/wp\/v2\/media?parent=8809"}],"wp:term":[{"taxonomy":"product_brand","embeddable":true,"href":"https:\/\/boreait.com\/fr\/wp-json\/wp\/v2\/product_brand?post=8809"},{"taxonomy":"product_cat","embeddable":true,"href":"https:\/\/boreait.com\/fr\/wp-json\/wp\/v2\/product_cat?post=8809"},{"taxonomy":"product_tag","embeddable":true,"href":"https:\/\/boreait.com\/fr\/wp-json\/wp\/v2\/product_tag?post=8809"}],"curies":[{"name":"wp","href":"https:\/\/api.w.org\/{rel}","templated":true}]}}