{"id":8782,"date":"2025-09-15T14:43:27","date_gmt":"2025-09-15T12:43:27","guid":{"rendered":"https:\/\/boreait.com\/fr\/?post_type=product&#038;p=8782"},"modified":"2026-01-07T14:46:31","modified_gmt":"2026-01-07T13:46:31","slug":"carte-de-commutation-sans-fil-ls-9414p-pour-dell-latitude-e6540-avec-cable","status":"publish","type":"product","link":"https:\/\/boreait.com\/fr\/produit\/carte-de-commutation-sans-fil-ls-9414p-pour-dell-latitude-e6540-avec-cable\/","title":{"rendered":"Carte de commutation sans fil LS-9414P pour Dell Latitude E6540 avec c\u00e2ble"},"content":{"rendered":"<p>Am\u00e9liorez la connectivit\u00e9 sans fil de votre ordinateur portable Dell Latitude E6540 avec la carte de commutation sans fil LS-9414P avec c\u00e2ble pour Dell Latitude E6540. Cet accessoire Dell d&rsquo;origine offre un moyen pratique de contr\u00f4ler et de g\u00e9rer les capacit\u00e9s sans fil de votre ordinateur portable, pour une exp\u00e9rience sans fil plus fluide et plus r\u00e9active.<\/p>\n<p>La carte de commutation sans fil LS-9414P avec c\u00e2ble pour Dell Latitude E6540 est con\u00e7ue pour s&rsquo;int\u00e9grer parfaitement \u00e0 votre ordinateur portable et offre une interface conviviale pour activer et d\u00e9sactiver vos connexions sans fil. Son commutateur et son c\u00e2ble int\u00e9gr\u00e9s garantissent des performances fiables et constantes, vous permettant de contr\u00f4ler facilement les fonctionnalit\u00e9s sans fil de votre ordinateur portable.<\/p>\n<p>Avec la qualit\u00e9 Dell authentique, la carte de commutation sans fil LS-9414P garantit durabilit\u00e9 et performances optimales. Le c\u00e2ble inclus est soigneusement con\u00e7u pour garantir des connexions s\u00e9curis\u00e9es et un fonctionnement fluide, vous assurant ainsi une connectivit\u00e9 sans fil ininterrompue \u00e0 tout moment. <\/p>\n<p>L&rsquo;installation est simple, et la carte et le c\u00e2ble sont con\u00e7us pour s&rsquo;ins\u00e9rer parfaitement dans l&#8217;emplacement pr\u00e9vu de votre ordinateur portable. Am\u00e9liorez votre Dell Latitude E6540 avec la carte de commutation sans fil LS-9414P Dell Latitude E6540 avec c\u00e2ble. Profitez d&rsquo;un contr\u00f4le sans fil simplifi\u00e9, d&rsquo;une gestion am\u00e9lior\u00e9e de la connectivit\u00e9 et d&rsquo;une exp\u00e9rience utilisateur optimis\u00e9e sur votre ordinateur portable.<\/p>\n<p>Veuillez v\u00e9rifier la compatibilit\u00e9 avec votre mod\u00e8le d&rsquo;ordinateur portable avant d&rsquo;effectuer votre achat.<\/p>\n","protected":false},"excerpt":{"rendered":"<p>Prenez le contr\u00f4le de la connectivit\u00e9 sans fil de votre ordinateur portable gr\u00e2ce \u00e0 la carte de commutation sans fil LS-9414P pour Dell Latitude E6540 avec c\u00e2ble. Activez et d\u00e9sactivez facilement vos connexions sans fil pour une exp\u00e9rience sans fil optimis\u00e9e. Am\u00e9liorez le contr\u00f4le sans fil de votre ordinateur portable d\u00e8s aujourd&rsquo;hui\u00a0!<\/p>\n","protected":false},"featured_media":8848,"template":"","meta":[],"product_brand":[],"product_cat":[63],"product_tag":[53],"class_list":{"0":"post-8782","1":"product","2":"type-product","3":"status-publish","4":"has-post-thumbnail","6":"product_cat-motherboards-board-parts","7":"product_tag-dell","9":"first","10":"instock","11":"taxable","12":"shipping-taxable","13":"purchasable","14":"product-type-simple"},"_links":{"self":[{"href":"https:\/\/boreait.com\/fr\/wp-json\/wp\/v2\/product\/8782","targetHints":{"allow":["GET"]}}],"collection":[{"href":"https:\/\/boreait.com\/fr\/wp-json\/wp\/v2\/product"}],"about":[{"href":"https:\/\/boreait.com\/fr\/wp-json\/wp\/v2\/types\/product"}],"wp:featuredmedia":[{"embeddable":true,"href":"https:\/\/boreait.com\/fr\/wp-json\/wp\/v2\/media\/8848"}],"wp:attachment":[{"href":"https:\/\/boreait.com\/fr\/wp-json\/wp\/v2\/media?parent=8782"}],"wp:term":[{"taxonomy":"product_brand","embeddable":true,"href":"https:\/\/boreait.com\/fr\/wp-json\/wp\/v2\/product_brand?post=8782"},{"taxonomy":"product_cat","embeddable":true,"href":"https:\/\/boreait.com\/fr\/wp-json\/wp\/v2\/product_cat?post=8782"},{"taxonomy":"product_tag","embeddable":true,"href":"https:\/\/boreait.com\/fr\/wp-json\/wp\/v2\/product_tag?post=8782"}],"curies":[{"name":"wp","href":"https:\/\/api.w.org\/{rel}","templated":true}]}}