{"id":8777,"date":"2025-09-15T14:43:26","date_gmt":"2025-09-15T12:43:26","guid":{"rendered":"https:\/\/boreait.com\/fr\/?post_type=product&#038;p=8777"},"modified":"2025-09-15T14:44:58","modified_gmt":"2025-09-15T12:44:58","slug":"clavier-hp-elitebook-840-g1-touches-simples-731179-b71-retroeclaire","status":"publish","type":"product","link":"https:\/\/boreait.com\/fr\/produit\/clavier-hp-elitebook-840-g1-touches-simples-731179-b71-retroeclaire\/","title":{"rendered":"Clavier HP EliteBook 840 G1 &#8211; Touches simples 731179-B71 (r\u00e9tro\u00e9clair\u00e9)"},"content":{"rendered":"<p>Vous recevrez la touche du clavier pr\u00e9sent\u00e9 sur la photo de l&rsquo;annonce\u00a0! Les touches disponibles sont indiqu\u00e9es sur l&rsquo;image\u00a0!<\/p>\n<p>Ceci est une offre de touches et charni\u00e8res de remplacement pour HP EliteBook 840 G1 K 731179-B71 (r\u00e9tro\u00e9clair\u00e9). Le vendeur fournit des informations importantes \u00e0 prendre en compte avant l&rsquo;achat du kit de touches de remplacement, notamment les variations de clips selon le fabricant du clavier. Il est conseill\u00e9 \u00e0 l&rsquo;acheteur de consulter les photos fournies pour s&rsquo;assurer que les clips des touches de remplacement correspondent \u00e0 ceux de son clavier. Pour plus de pr\u00e9cisions ou pour obtenir une photo de la touche, l&rsquo;acheteur peut contacter le vendeur via le lien \u00ab\u00a0Demander au vendeur\u00a0\u00bb et recevoir une r\u00e9ponse sous 24\u00a0heures.<\/p>\n<p>L&rsquo;acheteur recevra une touche de clavier avec des clips en plastique et une protection en caoutchouc sous la touche. Cependant, le vendeur insiste sur l&rsquo;importance de v\u00e9rifier la compatibilit\u00e9 avant l&rsquo;achat, car le fait d&rsquo;avoir le m\u00eame mod\u00e8le d&rsquo;ordinateur portable ou la m\u00eame r\u00e9f\u00e9rence de clavier ne garantit pas le fonctionnement des touches de remplacement. Il est conseill\u00e9 \u00e0 l&rsquo;acheteur de comparer le clip de sa cl\u00e9 actuelle avec les photos fournies et, en cas de doute, d&rsquo;en envoyer une au vendeur pour \u00e9valuation.<\/p>\n<p>Pour acheter des cl\u00e9s de remplacement, l&rsquo;acheteur doit indiquer au vendeur la cl\u00e9 qu&rsquo;il souhaite acheter. La liste des cl\u00e9s disponibles est fournie dans l&rsquo;annonce. L&rsquo;acheteur peut \u00e9crire un message au vendeur lors du paiement ou le contacter apr\u00e8s avoir finalis\u00e9 sa commande via l&rsquo;historique des achats eBay. Il est conseill\u00e9 \u00e0 l&rsquo;acheteur d&rsquo;indiquer s&rsquo;il ach\u00e8te une touche Maj, Ctrl ou Alt gauche ou droite, et s&rsquo;il ach\u00e8te des touches du haut ou des touches du pav\u00e9 num\u00e9rique s&rsquo;il ach\u00e8te des touches num\u00e9riques. Si l&rsquo;acheteur omet d&rsquo;indiquer au vendeur la cl\u00e9 qu&rsquo;il souhaite acheter, la commande ne sera pas trait\u00e9e. <\/p>\n<p><strong>Disposition\u00a0: Royaume-Uni<\/strong><\/p>\n<p><strong>R\u00e9f\u00e9rences suppl\u00e9mentaires\u00a0: 736654-b71 nsk-cp2bc<\/strong><\/p>\n<p>Nous avons actuellement toutes les touches en stock, comme indiqu\u00e9 sur la photo de la liste, y compris\u00a0:<\/p>\n<p>esc f1 f2 f3 f4 f5 f6 f8 f9 f10 f11 f12 \u00ab\u00a0d\u00e9filement\u00a0\u00bb \u00ab\u00a0pause\u00a0\u00bb \u00ab\u00a0insertion\u00a0\u00bb \u00ab\u00a0supprimer\u00a0\u00bb<\/p>\n<p>tilde 2 3 4 5 6 7 8 9 0 &#8211; = retour arri\u00e8re \u00ab\u00a0accueil\u00a0\u00bb<\/p>\n<p>tab w e r y i o p [ ]  \u00ab\u00a0page pr\u00e9c\u00e9dente\u00a0\u00bb<\/p>\n<p>verr maj s f j l ; &lsquo; \u00ab\u00a0entr\u00e9e\u00a0\u00bb \u00ab\u00a0page suivante\u00a0\u00bb<\/p>\n<p>maj gauche z x c . \/ \u00ab\u00a0Maj droite\u00a0\u00bb \u00ab\u00a0Fin\u00a0\u00bb<\/p>\n<p>\u00ab\u00a0Fn\u00a0\u00bb \u00ab\u00a0Fen\u00eatres\u00a0\u00bb \u00ab\u00a0Alt gauche\u00a0\u00bb \u00ab\u00a0Alt droite\u00a0\u00bb \u00ab\u00a0Menu\u00a0\u00bb \u00ab\u00a0Contr\u00f4le droit\u00a0\u00bb<\/p>\n<p>\u00ab\u00a0Droite\u00a0\u00bb<\/p>\n","protected":false},"excerpt":{"rendered":"<p>#VALUE!<\/p>\n","protected":false},"featured_media":8836,"template":"","meta":[],"product_brand":[],"product_cat":[60],"product_tag":[61],"class_list":{"0":"post-8777","1":"product","2":"type-product","3":"status-publish","4":"has-post-thumbnail","6":"product_cat-individual-keyboard-keys","7":"product_tag-hp","9":"first","10":"instock","11":"taxable","12":"shipping-taxable","13":"purchasable","14":"product-type-simple"},"_links":{"self":[{"href":"https:\/\/boreait.com\/fr\/wp-json\/wp\/v2\/product\/8777","targetHints":{"allow":["GET"]}}],"collection":[{"href":"https:\/\/boreait.com\/fr\/wp-json\/wp\/v2\/product"}],"about":[{"href":"https:\/\/boreait.com\/fr\/wp-json\/wp\/v2\/types\/product"}],"wp:featuredmedia":[{"embeddable":true,"href":"https:\/\/boreait.com\/fr\/wp-json\/wp\/v2\/media\/8836"}],"wp:attachment":[{"href":"https:\/\/boreait.com\/fr\/wp-json\/wp\/v2\/media?parent=8777"}],"wp:term":[{"taxonomy":"product_brand","embeddable":true,"href":"https:\/\/boreait.com\/fr\/wp-json\/wp\/v2\/product_brand?post=8777"},{"taxonomy":"product_cat","embeddable":true,"href":"https:\/\/boreait.com\/fr\/wp-json\/wp\/v2\/product_cat?post=8777"},{"taxonomy":"product_tag","embeddable":true,"href":"https:\/\/boreait.com\/fr\/wp-json\/wp\/v2\/product_tag?post=8777"}],"curies":[{"name":"wp","href":"https:\/\/api.w.org\/{rel}","templated":true}]}}