{"id":8729,"date":"2025-09-15T14:42:19","date_gmt":"2025-09-15T12:42:19","guid":{"rendered":"https:\/\/boreait.com\/fr\/?post_type=product&#038;p=8729"},"modified":"2026-01-07T09:36:21","modified_gmt":"2026-01-07T08:36:21","slug":"carte-bluetooth-sans-fil-hp-15-cs0053cl-dorigine-915620-001-u98h132","status":"publish","type":"product","link":"https:\/\/boreait.com\/fr\/produit\/carte-bluetooth-sans-fil-hp-15-cs0053cl-dorigine-915620-001-u98h132\/","title":{"rendered":"Carte Bluetooth sans fil HP 15-CS0053CL d&rsquo;origine 915620-001 U98H132"},"content":{"rendered":"<p>Am\u00e9liorez la connectivit\u00e9 sans fil et Bluetooth de votre ordinateur portable avec la carte Bluetooth sans fil HP 15-CS0053CL authentique, r\u00e9f\u00e9rence 915620-001 U98H132. Con\u00e7ue pour offrir des capacit\u00e9s de communication sans fil am\u00e9lior\u00e9es, cette carte offre une solution fiable et authentique pour un acc\u00e8s Internet fluide et une connectivit\u00e9 am\u00e9lior\u00e9e.<\/p>\n<p>Fabriqu\u00e9e par HP, une marque de confiance dans l&rsquo;informatique et la technologie, la carte Bluetooth sans fil HP 15-CS0053CL authentique est soigneusement con\u00e7ue pour s&rsquo;int\u00e9grer parfaitement \u00e0 votre ordinateur portable. Cette carte joue un r\u00f4le essentiel dans la stabilit\u00e9 des connexions sans fil et Bluetooth, offrant des avantages pratiques et une meilleure convivialit\u00e9.<\/p>\n<p>Que vous soyez \u00e0 la maison, au travail ou en d\u00e9placement, cette carte garantit une connectivit\u00e9 fiable et un transfert de donn\u00e9es fluide sur les r\u00e9seaux sans fil et Bluetooth. Gr\u00e2ce \u00e0 sa prise en charge des normes Wi-Fi et Bluetooth, elle offre une solution fiable pour divers besoins de communication. <\/p>\n<p>L&rsquo;installation est simple\u00a0: la carte Bluetooth sans fil HP 15-CS0053CL authentique est con\u00e7ue pour s&rsquo;ins\u00e9rer dans l&#8217;emplacement pr\u00e9vu \u00e0 cet effet sur votre ordinateur portable. En choisissant des pi\u00e8ces HP authentiques, vous investissez dans la qualit\u00e9, la fiabilit\u00e9 et les fonctionnalit\u00e9s sans fil et Bluetooth am\u00e9lior\u00e9es de votre ordinateur portable.<\/p>\n<p>Am\u00e9liorez la connectivit\u00e9 sans fil et Bluetooth de votre ordinateur portable avec la carte Bluetooth sans fil HP 15-CS0053CL authentique. B\u00e9n\u00e9ficiez d&rsquo;une communication sans fil et d&rsquo;une connectivit\u00e9 Bluetooth stables et efficaces pour une exp\u00e9rience en ligne optimis\u00e9e.<\/p>\n<p>Veuillez v\u00e9rifier la compatibilit\u00e9 avec votre mod\u00e8le d&rsquo;ordinateur portable avant d&rsquo;effectuer votre achat.<\/p>\n","protected":false},"excerpt":{"rendered":"<p>Am\u00e9liorez la connectivit\u00e9 sans fil et Bluetooth de votre ordinateur portable avec la carte Bluetooth sans fil HP 15-CS0053CL d&rsquo;origine, r\u00e9f\u00e9rence 915620-001 U98H132. Profitez d&rsquo;une communication sans fil et d&rsquo;une connectivit\u00e9 Bluetooth stables et efficaces pour une exp\u00e9rience en ligne optimis\u00e9e.<\/p>\n","protected":false},"featured_media":8786,"template":"","meta":[],"product_brand":[],"product_cat":[63],"product_tag":[61],"class_list":{"0":"post-8729","1":"product","2":"type-product","3":"status-publish","4":"has-post-thumbnail","6":"product_cat-motherboards-board-parts","7":"product_tag-hp","9":"first","10":"instock","11":"taxable","12":"shipping-taxable","13":"purchasable","14":"product-type-simple"},"_links":{"self":[{"href":"https:\/\/boreait.com\/fr\/wp-json\/wp\/v2\/product\/8729","targetHints":{"allow":["GET"]}}],"collection":[{"href":"https:\/\/boreait.com\/fr\/wp-json\/wp\/v2\/product"}],"about":[{"href":"https:\/\/boreait.com\/fr\/wp-json\/wp\/v2\/types\/product"}],"wp:featuredmedia":[{"embeddable":true,"href":"https:\/\/boreait.com\/fr\/wp-json\/wp\/v2\/media\/8786"}],"wp:attachment":[{"href":"https:\/\/boreait.com\/fr\/wp-json\/wp\/v2\/media?parent=8729"}],"wp:term":[{"taxonomy":"product_brand","embeddable":true,"href":"https:\/\/boreait.com\/fr\/wp-json\/wp\/v2\/product_brand?post=8729"},{"taxonomy":"product_cat","embeddable":true,"href":"https:\/\/boreait.com\/fr\/wp-json\/wp\/v2\/product_cat?post=8729"},{"taxonomy":"product_tag","embeddable":true,"href":"https:\/\/boreait.com\/fr\/wp-json\/wp\/v2\/product_tag?post=8729"}],"curies":[{"name":"wp","href":"https:\/\/api.w.org\/{rel}","templated":true}]}}