{"id":8677,"date":"2025-09-15T14:41:08","date_gmt":"2025-09-15T12:41:08","guid":{"rendered":"https:\/\/boreait.com\/fr\/?post_type=product&#038;p=8677"},"modified":"2026-01-07T09:02:57","modified_gmt":"2026-01-07T08:02:57","slug":"carte-wi-fi-sans-fil-rtl8723be-pour-ordinateur-portable-lenovo-ideapad-z50-70-156-pouces","status":"publish","type":"product","link":"https:\/\/boreait.com\/fr\/produit\/carte-wi-fi-sans-fil-rtl8723be-pour-ordinateur-portable-lenovo-ideapad-z50-70-156-pouces\/","title":{"rendered":"Carte Wi-Fi sans fil RTL8723BE pour ordinateur portable Lenovo Ideapad Z50-70 15,6 pouces"},"content":{"rendered":"<p>Am\u00e9liorez la connectivit\u00e9 sans fil de votre ordinateur portable Lenovo Ideapad Z50-70 gr\u00e2ce \u00e0 la carte Wi-Fi RTL8723BE pour ordinateur portable Lenovo Ideapad Z50-70 15,6 pouces. Con\u00e7ue pour une connexion sans fil fiable et fluide, cette carte Wi-Fi offre une solution fiable pour un acc\u00e8s et une connectivit\u00e9 Internet am\u00e9lior\u00e9s.<\/p>\n<p>Fabriqu\u00e9e par Lenovo, leader reconnu en mati\u00e8re de technologies informatiques, la carte Wi-Fi RTL8723BE pour ordinateur portable Lenovo Ideapad Z50-70 15,6 pouces est soigneusement con\u00e7ue pour s&rsquo;int\u00e9grer parfaitement \u00e0 votre ordinateur portable. Composant essentiel de la connexion sans fil, cette carte offre \u00e0 la fois des avantages pratiques et une connectivit\u00e9 am\u00e9lior\u00e9e.<\/p>\n<p>Que vous naviguiez sur le Web, regardiez du contenu en streaming ou partagiez des conversations avec vos coll\u00e8gues et amis, cette carte Wi-Fi vous garantit un acc\u00e8s Internet stable et constant. Sa construction de haute qualit\u00e9 garantit un signal fiable et une transmission de donn\u00e9es efficace, m\u00eame dans les environnements sans fil difficiles. <\/p>\n<p>L&rsquo;installation est simple, car cette carte sans fil est con\u00e7ue pour remplacer la carte existante de votre ordinateur portable sans difficult\u00e9. En choisissant des pi\u00e8ces Lenovo authentiques, vous investissez dans la qualit\u00e9, la fiabilit\u00e9 et une connectivit\u00e9 sans fil am\u00e9lior\u00e9e pour votre ordinateur portable.<\/p>\n<p>Am\u00e9liorez la connectivit\u00e9 sans fil de votre ordinateur portable avec la carte sans fil Wi-Fi RTL8723BE pour ordinateur portable Lenovo Ideapad Z50-70 15,6 pouces. Profitez d&rsquo;un acc\u00e8s Internet stable et efficace pour une exp\u00e9rience en ligne am\u00e9lior\u00e9e.<\/p>\n<p>Veuillez v\u00e9rifier la compatibilit\u00e9 avec votre mod\u00e8le d&rsquo;ordinateur portable avant d&rsquo;effectuer un achat.<\/p>\n","protected":false},"excerpt":{"rendered":"<p>Am\u00e9liorez la connectivit\u00e9 sans fil de votre ordinateur portable Lenovo Ideapad Z50-70 avec la carte Wi-Fi sans fil RTL8723BE pour ordinateur portable Lenovo Ideapad Z50-70 15,6&Prime;. Profitez d&rsquo;un acc\u00e8s Internet stable et performant pour une exp\u00e9rience en ligne optimale.<\/p>\n","protected":false},"featured_media":8739,"template":"","meta":[],"product_brand":[],"product_cat":[63],"product_tag":[62],"class_list":{"0":"post-8677","1":"product","2":"type-product","3":"status-publish","4":"has-post-thumbnail","6":"product_cat-motherboards-board-parts","7":"product_tag-lenovo","9":"first","10":"instock","11":"taxable","12":"shipping-taxable","13":"purchasable","14":"product-type-simple"},"_links":{"self":[{"href":"https:\/\/boreait.com\/fr\/wp-json\/wp\/v2\/product\/8677","targetHints":{"allow":["GET"]}}],"collection":[{"href":"https:\/\/boreait.com\/fr\/wp-json\/wp\/v2\/product"}],"about":[{"href":"https:\/\/boreait.com\/fr\/wp-json\/wp\/v2\/types\/product"}],"wp:featuredmedia":[{"embeddable":true,"href":"https:\/\/boreait.com\/fr\/wp-json\/wp\/v2\/media\/8739"}],"wp:attachment":[{"href":"https:\/\/boreait.com\/fr\/wp-json\/wp\/v2\/media?parent=8677"}],"wp:term":[{"taxonomy":"product_brand","embeddable":true,"href":"https:\/\/boreait.com\/fr\/wp-json\/wp\/v2\/product_brand?post=8677"},{"taxonomy":"product_cat","embeddable":true,"href":"https:\/\/boreait.com\/fr\/wp-json\/wp\/v2\/product_cat?post=8677"},{"taxonomy":"product_tag","embeddable":true,"href":"https:\/\/boreait.com\/fr\/wp-json\/wp\/v2\/product_tag?post=8677"}],"curies":[{"name":"wp","href":"https:\/\/api.w.org\/{rel}","templated":true}]}}