{"id":8651,"date":"2025-09-15T14:40:21","date_gmt":"2025-09-15T12:40:21","guid":{"rendered":"https:\/\/boreait.com\/fr\/?post_type=product&#038;p=8651"},"modified":"2025-09-15T14:42:17","modified_gmt":"2025-09-15T12:42:17","slug":"haut-parleurs-lenovo-g50-80-dorigine-pk23000jz00","status":"publish","type":"product","link":"https:\/\/boreait.com\/fr\/produit\/haut-parleurs-lenovo-g50-80-dorigine-pk23000jz00\/","title":{"rendered":"Haut-parleurs Lenovo G50-80 d&rsquo;origine PK23000JZ00"},"content":{"rendered":"<p>Am\u00e9liorez votre exp\u00e9rience audio sur votre ordinateur portable Lenovo G50-80 d&rsquo;origine gr\u00e2ce aux haut-parleurs Lenovo G50-80 PK23000JZ00. Con\u00e7us pour offrir un son clair et immersif, ces haut-parleurs constituent une solution fiable et authentique pour remplacer ou am\u00e9liorer le syst\u00e8me audio de votre ordinateur portable.<\/p>\n<p>Fabriqu\u00e9s par Lenovo, une marque de confiance dans le domaine des technologies informatiques, les haut-parleurs Lenovo G50-80 PK23000JZ00 d&rsquo;origine sont con\u00e7us avec pr\u00e9cision pour s&rsquo;int\u00e9grer parfaitement au design de votre ordinateur portable. Composants essentiels pour la sortie audio, ces haut-parleurs offrent \u00e0 la fois des avantages pratiques et une qualit\u00e9 sonore am\u00e9lior\u00e9e.<\/p>\n<p>Que vous regardiez des films, \u00e9coutiez de la musique ou participiez \u00e0 des appels vid\u00e9o, ces haut-parleurs vous garantissent un son riche et d\u00e9taill\u00e9. Gr\u00e2ce \u00e0 leur fabrication de haute qualit\u00e9, ils reproduisent une large gamme de fr\u00e9quences, offrant un profil sonore \u00e9quilibr\u00e9 et complet.<\/p>\n<p>L&rsquo;installation est simple, car ces haut-parleurs sont con\u00e7us pour s&rsquo;ins\u00e9rer directement dans les emplacements pr\u00e9vus \u00e0 cet effet de votre ordinateur portable. En choisissant des pi\u00e8ces Lenovo authentiques, vous investissez dans la qualit\u00e9, la fiabilit\u00e9 et les performances audio am\u00e9lior\u00e9es de votre ordinateur portable.<\/p>\n<p>Am\u00e9liorez votre exp\u00e9rience audio avec les haut-parleurs Lenovo G50-80 PK23000JZ00 d&rsquo;origine. Profitez d&rsquo;un son clair et immersif pour une exp\u00e9rience multim\u00e9dia et de communication optimis\u00e9e.<\/p>\n<p>Veuillez v\u00e9rifier la compatibilit\u00e9 avec votre mod\u00e8le d&rsquo;ordinateur portable avant d&rsquo;effectuer un achat.<\/p>\n","protected":false},"excerpt":{"rendered":"<p>Am\u00e9liorez votre exp\u00e9rience audio sur l&rsquo;ordinateur portable Lenovo G50-80 d&rsquo;origine gr\u00e2ce aux haut-parleurs Lenovo G50-80 d&rsquo;origine PK23000JZ00. Profitez d&rsquo;un son clair et immersif pour une exp\u00e9rience multim\u00e9dia et de communication optimis\u00e9e.<\/p>\n","protected":false},"featured_media":8727,"template":"","meta":[],"product_brand":[],"product_cat":[54],"product_tag":[62],"class_list":{"0":"post-8651","1":"product","2":"type-product","3":"status-publish","4":"has-post-thumbnail","6":"product_cat-laptop-speakers","7":"product_tag-lenovo","9":"first","10":"instock","11":"taxable","12":"shipping-taxable","13":"purchasable","14":"product-type-simple"},"_links":{"self":[{"href":"https:\/\/boreait.com\/fr\/wp-json\/wp\/v2\/product\/8651","targetHints":{"allow":["GET"]}}],"collection":[{"href":"https:\/\/boreait.com\/fr\/wp-json\/wp\/v2\/product"}],"about":[{"href":"https:\/\/boreait.com\/fr\/wp-json\/wp\/v2\/types\/product"}],"wp:featuredmedia":[{"embeddable":true,"href":"https:\/\/boreait.com\/fr\/wp-json\/wp\/v2\/media\/8727"}],"wp:attachment":[{"href":"https:\/\/boreait.com\/fr\/wp-json\/wp\/v2\/media?parent=8651"}],"wp:term":[{"taxonomy":"product_brand","embeddable":true,"href":"https:\/\/boreait.com\/fr\/wp-json\/wp\/v2\/product_brand?post=8651"},{"taxonomy":"product_cat","embeddable":true,"href":"https:\/\/boreait.com\/fr\/wp-json\/wp\/v2\/product_cat?post=8651"},{"taxonomy":"product_tag","embeddable":true,"href":"https:\/\/boreait.com\/fr\/wp-json\/wp\/v2\/product_tag?post=8651"}],"curies":[{"name":"wp","href":"https:\/\/api.w.org\/{rel}","templated":true}]}}