{"id":8650,"date":"2025-09-15T14:40:21","date_gmt":"2025-09-15T12:40:21","guid":{"rendered":"https:\/\/boreait.com\/fr\/?post_type=product&#038;p=8650"},"modified":"2025-09-15T14:42:15","modified_gmt":"2025-09-15T12:42:15","slug":"charnieres-de-remplacement-pour-ordinateur-portable-lenovo-g50-g50-30-g50-45-g50-70-g50-75-g50-80-z50-z50-45-z50-70","status":"publish","type":"product","link":"https:\/\/boreait.com\/fr\/produit\/charnieres-de-remplacement-pour-ordinateur-portable-lenovo-g50-g50-30-g50-45-g50-70-g50-75-g50-80-z50-z50-45-z50-70\/","title":{"rendered":"Charni\u00e8res de remplacement pour ordinateur portable Lenovo G50 G50 30 G50 45 G50 70 G50 75 G50-80 Z50 Z50 45 Z50 70"},"content":{"rendered":"<p>Am\u00e9liorez la stabilit\u00e9 et les fonctionnalit\u00e9s de votre ordinateur portable gr\u00e2ce \u00e0 ces charni\u00e8res de remplacement con\u00e7ues pour les mod\u00e8les Lenovo G50, G50-30, G50-45, G50-70, G50-75, G50-80, Z50, Z50-45 et Z50-70. Ces charni\u00e8res sont con\u00e7ues pour assurer une connexion s\u00fbre et fiable entre l&rsquo;\u00e9cran et le ch\u00e2ssis de votre ordinateur portable, garantissant des mouvements d&rsquo;ouverture et de fermeture fluides tout en am\u00e9liorant l&rsquo;int\u00e9grit\u00e9 structurelle globale de votre ordinateur.<\/p>\n<p>Fabriqu\u00e9es selon des normes de qualit\u00e9 rigoureuses, ces charni\u00e8res de remplacement offrent une solution fiable pour ceux qui recherchent une durabilit\u00e9 et des performances accrues. Con\u00e7ues pour remplacer directement les charni\u00e8res existantes de votre ordinateur portable, elles offrent une installation simple et s&rsquo;alignent parfaitement avec les composants d&rsquo;origine de votre ordinateur portable.<\/p>\n<p>Que vous utilisiez votre ordinateur portable pour le travail, les loisirs ou vos projets cr\u00e9atifs, des charni\u00e8res fiables sont essentielles pour \u00e9viter que l&rsquo;\u00e9cran ne vacille, ne se d\u00e9cale ou ne s&rsquo;ab\u00eeme lors d&rsquo;une utilisation r\u00e9guli\u00e8re. Ces charni\u00e8res de remplacement maintiennent un alignement et une stabilit\u00e9 corrects, vous permettant d&rsquo;utiliser votre ordinateur portable en toute confiance et facilit\u00e9.<\/p>\n<p>Avec ces charni\u00e8res de remplacement, vous investissez dans la fonctionnalit\u00e9 \u00e0 long terme et l&rsquo;int\u00e9grit\u00e9 structurelle de votre ordinateur portable. Am\u00e9liorez votre exp\u00e9rience utilisateur en profitant d&rsquo;une ouverture et d&rsquo;une fermeture plus fluides, d&rsquo;une stabilit\u00e9 accrue et d&rsquo;une utilisation prolong\u00e9e de votre appareil.<\/p>\n<p>Veuillez v\u00e9rifier la compatibilit\u00e9 avec votre mod\u00e8le d&rsquo;ordinateur portable avant d&rsquo;effectuer un achat.<\/p>\n","protected":false},"excerpt":{"rendered":"<p>Am\u00e9liorez la stabilit\u00e9 et les fonctionnalit\u00e9s de votre ordinateur portable Lenovo G50, G50-30, G50-45, G50-70, G50-75, G50-80, Z50, Z50-45 ou Z50-70 gr\u00e2ce \u00e0 ces charni\u00e8res de remplacement. Profitez d&rsquo;un \u00e9cran plus fluide et d&rsquo;une int\u00e9grit\u00e9 structurelle renforc\u00e9e pour une exp\u00e9rience utilisateur optimale.<\/p>\n","protected":false},"featured_media":8726,"template":"","meta":[],"product_brand":[],"product_cat":[55],"product_tag":[62],"class_list":{"0":"post-8650","1":"product","2":"type-product","3":"status-publish","4":"has-post-thumbnail","6":"product_cat-screen-hinge","7":"product_tag-lenovo","9":"first","10":"instock","11":"taxable","12":"shipping-taxable","13":"purchasable","14":"product-type-simple"},"_links":{"self":[{"href":"https:\/\/boreait.com\/fr\/wp-json\/wp\/v2\/product\/8650","targetHints":{"allow":["GET"]}}],"collection":[{"href":"https:\/\/boreait.com\/fr\/wp-json\/wp\/v2\/product"}],"about":[{"href":"https:\/\/boreait.com\/fr\/wp-json\/wp\/v2\/types\/product"}],"wp:featuredmedia":[{"embeddable":true,"href":"https:\/\/boreait.com\/fr\/wp-json\/wp\/v2\/media\/8726"}],"wp:attachment":[{"href":"https:\/\/boreait.com\/fr\/wp-json\/wp\/v2\/media?parent=8650"}],"wp:term":[{"taxonomy":"product_brand","embeddable":true,"href":"https:\/\/boreait.com\/fr\/wp-json\/wp\/v2\/product_brand?post=8650"},{"taxonomy":"product_cat","embeddable":true,"href":"https:\/\/boreait.com\/fr\/wp-json\/wp\/v2\/product_cat?post=8650"},{"taxonomy":"product_tag","embeddable":true,"href":"https:\/\/boreait.com\/fr\/wp-json\/wp\/v2\/product_tag?post=8650"}],"curies":[{"name":"wp","href":"https:\/\/api.w.org\/{rel}","templated":true}]}}