{"id":8550,"date":"2025-09-15T14:38:19","date_gmt":"2025-09-15T12:38:19","guid":{"rendered":"https:\/\/boreait.com\/fr\/?post_type=product&#038;p=8550"},"modified":"2025-09-15T14:39:26","modified_gmt":"2025-09-15T12:39:26","slug":"couvercle-arriere-de-lecran-lcd-de-lordinateur-portable-lenovo-thinkpad-60-4ra08-011-fru04w6895","status":"publish","type":"product","link":"https:\/\/boreait.com\/fr\/produit\/couvercle-arriere-de-lecran-lcd-de-lordinateur-portable-lenovo-thinkpad-60-4ra08-011-fru04w6895\/","title":{"rendered":"Couvercle arri\u00e8re de l&rsquo;\u00e9cran LCD de l&rsquo;ordinateur portable Lenovo ThinkPad 60.4RA08.011 FRU04W6895"},"content":{"rendered":"<p>Am\u00e9liorez l&rsquo;esth\u00e9tique et la protection de votre ordinateur portable Lenovo ThinkPad avec le cache arri\u00e8re pour ordinateur portable LCD Lenovo ThinkPad 60.4RA08.011 FRU04W6895. Con\u00e7u pour offrir une apparence soign\u00e9e et professionnelle, ce cache arri\u00e8re d&rsquo;origine apporte une touche d&rsquo;\u00e9l\u00e9gance \u00e0 votre ordinateur portable tout en pr\u00e9servant son \u00e9cran et ses composants internes.<\/p>\n<p>Fabriqu\u00e9 par Lenovo, leader reconnu en mati\u00e8re de technologies informatiques, le cache arri\u00e8re pour ordinateur portable LCD Lenovo ThinkPad 60.4RA08.011 FRU04W6895 s&rsquo;int\u00e8gre parfaitement au design de votre ordinateur portable. \u00c9l\u00e9ment essentiel de l&rsquo;ext\u00e9rieur de votre ordinateur portable, ce cache arri\u00e8re allie \u00e9l\u00e9gance et praticit\u00e9.<\/p>\n<p>Que vous utilisiez votre ordinateur portable pour le travail, les loisirs ou la communication, ce cache arri\u00e8re prot\u00e8ge l&rsquo;\u00e9cran et les composants internes de la poussi\u00e8re, de la salet\u00e9 et des chocs mineurs. Sa conception de pr\u00e9cision garantit un ajustement parfait et une int\u00e9gration parfaite, am\u00e9liorant ainsi la durabilit\u00e9 globale de votre ordinateur portable. <\/p>\n<p>L&rsquo;installation est simple gr\u00e2ce \u00e0 sa conception compatible avec les composants d&rsquo;origine de votre ordinateur portable. En choisissant des pi\u00e8ces Lenovo authentiques, vous investissez dans la qualit\u00e9 et la fiabilit\u00e9 de la protection ext\u00e9rieure de votre ordinateur portable.<\/p>\n<p>Am\u00e9liorez l&rsquo;apparence et la protection de votre ordinateur portable avec le capot arri\u00e8re LCD pour ordinateur portable Lenovo ThinkPad 60.4RA08.011 FRU04W6895. Profitez d&rsquo;un look soign\u00e9 et professionnel, ainsi que d&rsquo;une protection am\u00e9lior\u00e9e de l&rsquo;\u00e9cran et des composants internes de votre ordinateur portable ThinkPad. Am\u00e9liorez votre exp\u00e9rience informatique avec ce capot arri\u00e8re fiable et efficace.<\/p>\n<p>Veuillez v\u00e9rifier la compatibilit\u00e9 avec votre mod\u00e8le d&rsquo;ordinateur portable avant d&rsquo;acheter. Remarque\u00a0: les antennes et c\u00e2bles Wi-Fi ne sont pas inclus\u00a0!<\/p>\n","protected":false},"excerpt":{"rendered":"<p>Am\u00e9liorez l&rsquo;apparence et la protection de votre ordinateur portable Lenovo ThinkPad avec le cache arri\u00e8re LCD 60.4RA08.011 FRU04W6895. Profitez d&rsquo;un look soign\u00e9 et professionnel, ainsi que d&rsquo;une protection renforc\u00e9e de l&rsquo;\u00e9cran et des composants internes.<\/p>\n","protected":false},"featured_media":8603,"template":"","meta":[],"product_brand":[],"product_cat":[52],"product_tag":[62],"class_list":{"0":"post-8550","1":"product","2":"type-product","3":"status-publish","4":"has-post-thumbnail","6":"product_cat-laptop-housing","7":"product_tag-lenovo","9":"first","10":"instock","11":"taxable","12":"shipping-taxable","13":"purchasable","14":"product-type-simple"},"_links":{"self":[{"href":"https:\/\/boreait.com\/fr\/wp-json\/wp\/v2\/product\/8550","targetHints":{"allow":["GET"]}}],"collection":[{"href":"https:\/\/boreait.com\/fr\/wp-json\/wp\/v2\/product"}],"about":[{"href":"https:\/\/boreait.com\/fr\/wp-json\/wp\/v2\/types\/product"}],"wp:featuredmedia":[{"embeddable":true,"href":"https:\/\/boreait.com\/fr\/wp-json\/wp\/v2\/media\/8603"}],"wp:attachment":[{"href":"https:\/\/boreait.com\/fr\/wp-json\/wp\/v2\/media?parent=8550"}],"wp:term":[{"taxonomy":"product_brand","embeddable":true,"href":"https:\/\/boreait.com\/fr\/wp-json\/wp\/v2\/product_brand?post=8550"},{"taxonomy":"product_cat","embeddable":true,"href":"https:\/\/boreait.com\/fr\/wp-json\/wp\/v2\/product_cat?post=8550"},{"taxonomy":"product_tag","embeddable":true,"href":"https:\/\/boreait.com\/fr\/wp-json\/wp\/v2\/product_tag?post=8550"}],"curies":[{"name":"wp","href":"https:\/\/api.w.org\/{rel}","templated":true}]}}