{"id":8490,"date":"2025-09-15T14:37:09","date_gmt":"2025-09-15T12:37:09","guid":{"rendered":"https:\/\/boreait.com\/fr\/?post_type=product&#038;p=8490"},"modified":"2026-01-14T09:08:40","modified_gmt":"2026-01-14T08:08:40","slug":"carte-haut-debit-mobile-3g-hp-2760p-8460w-8760w-2560-8460p-f5521-hs2340-632155-001","status":"publish","type":"product","link":"https:\/\/boreait.com\/fr\/produit\/carte-haut-debit-mobile-3g-hp-2760p-8460w-8760w-2560-8460p-f5521-hs2340-632155-001\/","title":{"rendered":"Carte haut d\u00e9bit mobile 3G HP 2760P 8460W 8760W 2560 8460P F5521 HS2340 632155-001"},"content":{"rendered":"<p>Am\u00e9liorez la connectivit\u00e9 de votre ordinateur portable avec la carte haut d\u00e9bit mobile 3G HP 2760P 8460W 8760W 2560 8460P F5521 HS2340 632155-001. Con\u00e7ue pour offrir des fonctionnalit\u00e9s 3G haut d\u00e9bit \u00e0 votre ordinateur portable, cette carte haut d\u00e9bit mobile HP authentique offre une solution fluide et fiable pour rester connect\u00e9 en d\u00e9placement.<\/p>\n<p>Que vous soyez un professionnel en d\u00e9placement ou un \u00e9tudiant souhaitant rester productif en dehors de chez vous ou du bureau, cette carte haut d\u00e9bit mobile vous offre la libert\u00e9 d&rsquo;acc\u00e9der \u00e0 Internet et \u00e0 vos ressources en ligne o\u00f9 que vous soyez. Gr\u00e2ce \u00e0 sa compatibilit\u00e9 avec de nombreux mod\u00e8les d&rsquo;ordinateurs portables HP, notamment les mod\u00e8les 2760P, 8460W, 8760W, 2560 et 8460P, vous pouvez facilement am\u00e9liorer la connectivit\u00e9 de votre ordinateur portable sans compromettre ses performances. <\/p>\n<p>La carte haut d\u00e9bit mobile F5521 HS2340 b\u00e9n\u00e9ficie d&rsquo;une technologie avanc\u00e9e garantissant des connexions 3G stables et rapides. Naviguez sur le Web, envoyez des e-mails et participez \u00e0 des visioconf\u00e9rences en toute simplicit\u00e9, tout en b\u00e9n\u00e9ficiant de performances r\u00e9seau constantes et fiables. Cette carte vous permet de travailler efficacement, de collaborer avec vos coll\u00e8gues et de rester connect\u00e9 \u00e0 vos proches, m\u00eame lorsque les r\u00e9seaux Wi-Fi traditionnels sont hors de port\u00e9e.<\/p>\n<p>L&rsquo;installation est un jeu d&rsquo;enfant gr\u00e2ce \u00e0 la conception intuitive de la carte haut d\u00e9bit mobile 3G HP 2760P 8460W 8760W 2560 8460P F5521 HS2340. Une fois install\u00e9e, vous pouvez activer et configurer les param\u00e8tres du haut d\u00e9bit mobile selon vos pr\u00e9f\u00e9rences, pour une connexion encore plus facile lors de vos d\u00e9placements. <\/p>\n<p>Investissez dans la carte haut d\u00e9bit mobile 3G HP 2760P 8460W 8760W 2560 8460P F5521 HS2340 632155-001 et profitez d&rsquo;une mobilit\u00e9, d&rsquo;une productivit\u00e9 et d&rsquo;une connectivit\u00e9 accrues. Gardez une longueur d&rsquo;avance en \u00e9quipant votre ordinateur portable de cette solution haut d\u00e9bit mobile fiable et efficace et assurez-vous d&rsquo;\u00eatre toujours connect\u00e9, o\u00f9 que vous soyez en Europe.<\/p>\n<p>Remarque\u00a0: V\u00e9rifiez la compatibilit\u00e9 avec votre mod\u00e8le d&rsquo;ordinateur portable avant l&rsquo;achat.<\/p>\n","protected":false},"excerpt":{"rendered":"<p>Am\u00e9liorez la connectivit\u00e9 de votre ordinateur portable avec la carte haut d\u00e9bit mobile 3G HP 2760P 8460W 8760W 2560 8460P F5521 HS2340. Restez connect\u00e9 o\u00f9 que vous soyez gr\u00e2ce \u00e0 la 3G haut d\u00e9bit, pour une navigation et des communications fluides. Optimisez votre ordinateur portable avec cette carte haut d\u00e9bit mobile HP d&rsquo;origine pour une mobilit\u00e9 et une productivit\u00e9 accrues.<\/p>\n","protected":false},"featured_media":8541,"template":"","meta":[],"product_brand":[],"product_cat":[63],"product_tag":[61],"class_list":{"0":"post-8490","1":"product","2":"type-product","3":"status-publish","4":"has-post-thumbnail","6":"product_cat-motherboards-board-parts","7":"product_tag-hp","9":"first","10":"instock","11":"taxable","12":"shipping-taxable","13":"purchasable","14":"product-type-simple"},"_links":{"self":[{"href":"https:\/\/boreait.com\/fr\/wp-json\/wp\/v2\/product\/8490","targetHints":{"allow":["GET"]}}],"collection":[{"href":"https:\/\/boreait.com\/fr\/wp-json\/wp\/v2\/product"}],"about":[{"href":"https:\/\/boreait.com\/fr\/wp-json\/wp\/v2\/types\/product"}],"wp:featuredmedia":[{"embeddable":true,"href":"https:\/\/boreait.com\/fr\/wp-json\/wp\/v2\/media\/8541"}],"wp:attachment":[{"href":"https:\/\/boreait.com\/fr\/wp-json\/wp\/v2\/media?parent=8490"}],"wp:term":[{"taxonomy":"product_brand","embeddable":true,"href":"https:\/\/boreait.com\/fr\/wp-json\/wp\/v2\/product_brand?post=8490"},{"taxonomy":"product_cat","embeddable":true,"href":"https:\/\/boreait.com\/fr\/wp-json\/wp\/v2\/product_cat?post=8490"},{"taxonomy":"product_tag","embeddable":true,"href":"https:\/\/boreait.com\/fr\/wp-json\/wp\/v2\/product_tag?post=8490"}],"curies":[{"name":"wp","href":"https:\/\/api.w.org\/{rel}","templated":true}]}}