{"id":8489,"date":"2025-09-15T14:37:09","date_gmt":"2025-09-15T12:37:09","guid":{"rendered":"https:\/\/boreait.com\/fr\/?post_type=product&#038;p=8489"},"modified":"2026-01-09T13:16:41","modified_gmt":"2026-01-09T12:16:41","slug":"am0vm000400-am0vm000300-kit-de-charnieres-oem-dell-petit-latitude-e7240","status":"publish","type":"product","link":"https:\/\/boreait.com\/fr\/produit\/am0vm000400-am0vm000300-kit-de-charnieres-oem-dell-petit-latitude-e7240\/","title":{"rendered":"AM0VM000400 AM0VM000300 KIT DE CHARNI\u00c8RES OEM DELL PETIT LATITUDE E7240"},"content":{"rendered":"<p>Kit de charni\u00e8res Dell d&rsquo;origine AM0VM000400 AM0VM000300 pour Latitude E7240<\/p>\n<p>Am\u00e9liorez les fonctionnalit\u00e9s et la durabilit\u00e9 de votre ordinateur portable Dell Latitude E7240 gr\u00e2ce \u00e0 ce kit de charni\u00e8res Dell d&rsquo;origine AM0VM000400 AM0VM000300. Con\u00e7u pour r\u00e9pondre aux normes \u00e9lev\u00e9es de Dell, ce kit de charni\u00e8res OEM garantit un ajustement parfait et des performances optimales.<\/p>\n<p>Con\u00e7u pour la s\u00e9rie Latitude E7240, ce kit de charni\u00e8res comprend les charni\u00e8res gauche et droite, offrant un support complet pour l&rsquo;\u00e9cran. Que vous remplaciez des charni\u00e8res endommag\u00e9es ou que vous mettiez \u00e0 niveau les composants de votre ordinateur portable, ce kit de charni\u00e8res d&rsquo;origine garantit un ajustement parfait et un fonctionnement fiable.<\/p>\n<p>Am\u00e9liorez votre ordinateur portable avec ce kit de charni\u00e8res Dell d&rsquo;origine et pr\u00e9servez l&rsquo;int\u00e9grit\u00e9 structurelle de votre appareil. Ne faites aucun compromis sur la qualit\u00e9\u00a0: choisissez le kit de charni\u00e8res Dell AM0VM000400 AM0VM000300 d&rsquo;origine pour Latitude E7240 et b\u00e9n\u00e9ficiez d&rsquo;une solution s\u00fbre et durable.<\/p>\n<p>Assurez un ajustement parfait et des performances optimales \u00e0 votre ordinateur portable en choisissant des pi\u00e8ces de rechange Dell d&rsquo;origine. Commandez votre kit de charni\u00e8res Dell AM0VM000400 AM0VM000300 d\u00e8s aujourd&rsquo;hui et profitez de la tranquillit\u00e9 d&rsquo;esprit que procurent des composants authentiques.<\/p>\n","protected":false},"excerpt":{"rendered":"<p>Kit de charni\u00e8res Dell d&rsquo;origine pour Latitude E7240 &#8211; AM0VM000400 AM0VM000300<\/p>\n","protected":false},"featured_media":8540,"template":"","meta":[],"product_brand":[],"product_cat":[55],"product_tag":[],"class_list":{"0":"post-8489","1":"product","2":"type-product","3":"status-publish","4":"has-post-thumbnail","6":"product_cat-screen-hinge","8":"first","9":"instock","10":"taxable","11":"shipping-taxable","12":"purchasable","13":"product-type-simple"},"_links":{"self":[{"href":"https:\/\/boreait.com\/fr\/wp-json\/wp\/v2\/product\/8489","targetHints":{"allow":["GET"]}}],"collection":[{"href":"https:\/\/boreait.com\/fr\/wp-json\/wp\/v2\/product"}],"about":[{"href":"https:\/\/boreait.com\/fr\/wp-json\/wp\/v2\/types\/product"}],"wp:featuredmedia":[{"embeddable":true,"href":"https:\/\/boreait.com\/fr\/wp-json\/wp\/v2\/media\/8540"}],"wp:attachment":[{"href":"https:\/\/boreait.com\/fr\/wp-json\/wp\/v2\/media?parent=8489"}],"wp:term":[{"taxonomy":"product_brand","embeddable":true,"href":"https:\/\/boreait.com\/fr\/wp-json\/wp\/v2\/product_brand?post=8489"},{"taxonomy":"product_cat","embeddable":true,"href":"https:\/\/boreait.com\/fr\/wp-json\/wp\/v2\/product_cat?post=8489"},{"taxonomy":"product_tag","embeddable":true,"href":"https:\/\/boreait.com\/fr\/wp-json\/wp\/v2\/product_tag?post=8489"}],"curies":[{"name":"wp","href":"https:\/\/api.w.org\/{rel}","templated":true}]}}