{"id":8488,"date":"2025-09-15T14:37:08","date_gmt":"2025-09-15T12:37:08","guid":{"rendered":"https:\/\/boreait.com\/fr\/?post_type=product&#038;p=8488"},"modified":"2026-01-14T09:07:39","modified_gmt":"2026-01-14T08:07:39","slug":"carte-dalimentation-dorigine-hp-elitebook-840-850-g1-zbook-14-series-6050a2560301","status":"publish","type":"product","link":"https:\/\/boreait.com\/fr\/produit\/carte-dalimentation-dorigine-hp-elitebook-840-850-g1-zbook-14-series-6050a2560301\/","title":{"rendered":"Carte d&rsquo;alimentation d&rsquo;origine HP EliteBook 840 850 G1 ZBook 14 Series 6050A2560301"},"content":{"rendered":"<p>Am\u00e9liorez les fonctionnalit\u00e9s de votre ordinateur portable avec la carte d&rsquo;alimentation HP EliteBook 840 850 G1 ZBook s\u00e9rie 14. Con\u00e7ue pour s&rsquo;int\u00e9grer parfaitement \u00e0 votre appareil, cet accessoire HP authentique garantit fiabilit\u00e9 et performances.<\/p>\n<p>Am\u00e9liorez votre ordinateur portable avec cette carte d&rsquo;alimentation pour un acc\u00e8s facile aux fonctions d&rsquo;alimentation de votre appareil. Fabriqu\u00e9e selon les normes HP les plus strictes, elle garantit compatibilit\u00e9 et installation facile. Optimisez votre exp\u00e9rience informatique avec cette carte d&rsquo;alimentation d&rsquo;origine.<\/p>\n","protected":false},"excerpt":{"rendered":"<p>Carte bouton d&rsquo;alimentation d&rsquo;origine pour HP EliteBook 840 850 G1 ZBook 14<\/p>\n","protected":false},"featured_media":8539,"template":"","meta":[],"product_brand":[],"product_cat":[63],"product_tag":[61],"class_list":{"0":"post-8488","1":"product","2":"type-product","3":"status-publish","4":"has-post-thumbnail","6":"product_cat-motherboards-board-parts","7":"product_tag-hp","9":"first","10":"instock","11":"taxable","12":"shipping-taxable","13":"purchasable","14":"product-type-simple"},"_links":{"self":[{"href":"https:\/\/boreait.com\/fr\/wp-json\/wp\/v2\/product\/8488","targetHints":{"allow":["GET"]}}],"collection":[{"href":"https:\/\/boreait.com\/fr\/wp-json\/wp\/v2\/product"}],"about":[{"href":"https:\/\/boreait.com\/fr\/wp-json\/wp\/v2\/types\/product"}],"wp:featuredmedia":[{"embeddable":true,"href":"https:\/\/boreait.com\/fr\/wp-json\/wp\/v2\/media\/8539"}],"wp:attachment":[{"href":"https:\/\/boreait.com\/fr\/wp-json\/wp\/v2\/media?parent=8488"}],"wp:term":[{"taxonomy":"product_brand","embeddable":true,"href":"https:\/\/boreait.com\/fr\/wp-json\/wp\/v2\/product_brand?post=8488"},{"taxonomy":"product_cat","embeddable":true,"href":"https:\/\/boreait.com\/fr\/wp-json\/wp\/v2\/product_cat?post=8488"},{"taxonomy":"product_tag","embeddable":true,"href":"https:\/\/boreait.com\/fr\/wp-json\/wp\/v2\/product_tag?post=8488"}],"curies":[{"name":"wp","href":"https:\/\/api.w.org\/{rel}","templated":true}]}}