{"id":8474,"date":"2025-09-15T14:36:45","date_gmt":"2025-09-15T12:36:45","guid":{"rendered":"https:\/\/boreait.com\/fr\/?post_type=product&#038;p=8474"},"modified":"2026-01-14T09:07:21","modified_gmt":"2026-01-14T08:07:21","slug":"lecteur-de-cartes-express-ls-9415p-02t2yc-pour-dell-precision-m2800","status":"publish","type":"product","link":"https:\/\/boreait.com\/fr\/produit\/lecteur-de-cartes-express-ls-9415p-02t2yc-pour-dell-precision-m2800\/","title":{"rendered":"Lecteur de cartes Express LS-9415P &#8211; 02T2YC pour Dell Precision M2800"},"content":{"rendered":"<p>Am\u00e9liorez les capacit\u00e9s de votre ordinateur portable DELL Precision M2800 avec le lecteur de carte Express Card LS-9415P. Con\u00e7u pour offrir une connectivit\u00e9 et une polyvalence optimales, ce lecteur de carte vous permet d&rsquo;acc\u00e9der et d&rsquo;utiliser facilement divers p\u00e9riph\u00e9riques Express Card, am\u00e9liorant ainsi les fonctionnalit\u00e9s de votre ordinateur portable.<\/p>\n<p>Le lecteur de carte Express Card LS-9415P ajoute une touche de confort \u00e0 votre ordinateur portable. En ins\u00e9rant simplement des p\u00e9riph\u00e9riques Express Card compatibles, vous pouvez \u00e9tendre les capacit\u00e9s de votre DELL Precision M2800. Qu&rsquo;il s&rsquo;agisse de stockage suppl\u00e9mentaire, de connectivit\u00e9 sp\u00e9cialis\u00e9e ou de fonctionnalit\u00e9s audio et vid\u00e9o am\u00e9lior\u00e9es, ce lecteur de carte vous permet de personnaliser votre ordinateur portable pour r\u00e9pondre \u00e0 vos besoins sp\u00e9cifiques.<\/p>\n<p>Gr\u00e2ce \u00e0 son installation facile, le lecteur de carte Express Card LS-9415P s&rsquo;int\u00e8gre facilement \u00e0 votre DELL Precision M2800. Ins\u00e9rez simplement le lecteur de carte dans l&#8217;emplacement pr\u00e9vu \u00e0 cet effet et il est pr\u00eat \u00e0 l&#8217;emploi. Cette configuration simplifi\u00e9e vous permet de profiter imm\u00e9diatement des avantages d&rsquo;une connectivit\u00e9 \u00e9tendue.<\/p>\n<p>Le lecteur de carte Express Card assure un transfert de donn\u00e9es fiable et s\u00e9curis\u00e9, garantissant le bon fonctionnement de vos p\u00e9riph\u00e9riques connect\u00e9s. Il est particuli\u00e8rement utile pour les professionnels et les utilisateurs n\u00e9cessitant un acc\u00e8s \u00e0 du mat\u00e9riel sp\u00e9cialis\u00e9 ou \u00e0 des solutions de stockage suppl\u00e9mentaires. Le lecteur de carte Express Card LS-9415P permet \u00e0 votre ordinateur portable de r\u00e9pondre \u00e0 vos besoins.<\/p>\n<p>Profitez d&rsquo;une productivit\u00e9 et d&rsquo;une polyvalence accrues avec le lecteur de carte Express Card LS-9415P pour votre DELL Precision M2800. Lib\u00e9rez le potentiel de votre ordinateur portable en le rendant compatible avec une large gamme de p\u00e9riph\u00e9riques Express Card. Que vous soyez un professionnel de la cr\u00e9ation, un utilisateur professionnel ou un \u00e9tudiant, ce lecteur de carte offre un moyen efficace et performant d&rsquo;\u00e9tendre les capacit\u00e9s de votre ordinateur portable.<\/p>\n","protected":false},"excerpt":{"rendered":"<p>Am\u00e9liorez la connectivit\u00e9 de votre ordinateur portable DELL Precision M2800 gr\u00e2ce au lecteur de carte Express Card LS-9415P. Ce lecteur offre un acc\u00e8s pratique \u00e0 divers p\u00e9riph\u00e9riques Express Card, \u00e9tendant ainsi les fonctionnalit\u00e9s de votre ordinateur portable.<\/p>\n","protected":false},"featured_media":8536,"template":"","meta":[],"product_brand":[],"product_cat":[63],"product_tag":[53],"class_list":{"0":"post-8474","1":"product","2":"type-product","3":"status-publish","4":"has-post-thumbnail","6":"product_cat-motherboards-board-parts","7":"product_tag-dell","9":"first","10":"instock","11":"taxable","12":"shipping-taxable","13":"purchasable","14":"product-type-simple"},"_links":{"self":[{"href":"https:\/\/boreait.com\/fr\/wp-json\/wp\/v2\/product\/8474","targetHints":{"allow":["GET"]}}],"collection":[{"href":"https:\/\/boreait.com\/fr\/wp-json\/wp\/v2\/product"}],"about":[{"href":"https:\/\/boreait.com\/fr\/wp-json\/wp\/v2\/types\/product"}],"wp:featuredmedia":[{"embeddable":true,"href":"https:\/\/boreait.com\/fr\/wp-json\/wp\/v2\/media\/8536"}],"wp:attachment":[{"href":"https:\/\/boreait.com\/fr\/wp-json\/wp\/v2\/media?parent=8474"}],"wp:term":[{"taxonomy":"product_brand","embeddable":true,"href":"https:\/\/boreait.com\/fr\/wp-json\/wp\/v2\/product_brand?post=8474"},{"taxonomy":"product_cat","embeddable":true,"href":"https:\/\/boreait.com\/fr\/wp-json\/wp\/v2\/product_cat?post=8474"},{"taxonomy":"product_tag","embeddable":true,"href":"https:\/\/boreait.com\/fr\/wp-json\/wp\/v2\/product_tag?post=8474"}],"curies":[{"name":"wp","href":"https:\/\/api.w.org\/{rel}","templated":true}]}}