{"id":8471,"date":"2025-09-15T14:36:45","date_gmt":"2025-09-15T12:36:45","guid":{"rendered":"https:\/\/boreait.com\/fr\/?post_type=product&#038;p=8471"},"modified":"2026-01-09T13:42:21","modified_gmt":"2026-01-09T12:42:21","slug":"carte-webcam-pour-dell-latitude-e5550-e5450-e3340-e7250-e7450-fhkk7-0fhkk7-2","status":"publish","type":"product","link":"https:\/\/boreait.com\/fr\/produit\/carte-webcam-pour-dell-latitude-e5550-e5450-e3340-e7250-e7450-fhkk7-0fhkk7-2\/","title":{"rendered":"Carte webcam pour Dell Latitude E5550 E5450 E3340 E7250 E7450 FHKK7 0FHKK7"},"content":{"rendered":"<p>Am\u00e9liorez les capacit\u00e9s de communication de votre ordinateur portable avec la carte webcam pour Dell Latitude E5550, E5450, E3340, E7250 et E7450 FHKK7 0FHKK7. Cette pi\u00e8ce de rechange Dell d&rsquo;origine vous permet de mettre \u00e0 niveau ou de remplacer la carte webcam existante de votre ordinateur portable, garantissant ainsi une exp\u00e9rience de visioconf\u00e9rence claire et fiable.<\/p>\n<p>Sp\u00e9cialement con\u00e7ue pour les mod\u00e8les Dell Latitude compatibles, notamment les mod\u00e8les E5550, E5450, E3340, E7250 et E7450, cette carte webcam offre une image de haute qualit\u00e9 et une capture vid\u00e9o sup\u00e9rieure. Que vous utilisiez votre ordinateur portable pour des r\u00e9unions professionnelles, des cours en ligne ou des conversations vid\u00e9o personnelles, cette pi\u00e8ce de rechange garantit des performances optimales de votre cam\u00e9ra, offrant des images nettes et d\u00e9taill\u00e9es. <\/p>\n<p>L&rsquo;installation de la carte webcam FHKK7 0FHKK7 pour Dell Latitude E5550, E5450, E3340, E7250, E7450 est simple et rapide, gr\u00e2ce \u00e0 sa conception pr\u00e9cise, conforme aux sp\u00e9cifications du composant d&rsquo;origine. C&rsquo;est la solution id\u00e9ale si vous rencontrez des probl\u00e8mes avec la cam\u00e9ra de votre ordinateur portable ou si vous souhaitez simplement la mettre \u00e0 niveau pour une meilleure qualit\u00e9 vid\u00e9o.<\/p>\n<p>Avec la carte webcam FHKK7 0FHKK7, vous pouvez communiquer en toute confiance par vid\u00e9o sans vous soucier des images floues ou pixellis\u00e9es. Restez en contact avec vos amis, votre famille, vos coll\u00e8gues et vos clients de mani\u00e8re plus engageante et professionnelle gr\u00e2ce aux performances am\u00e9lior\u00e9es de la cam\u00e9ra offertes par cette pi\u00e8ce de rechange Dell d&rsquo;origine.<\/p>\n","protected":false},"excerpt":{"rendered":"<p>Mettez \u00e0 niveau ou remplacez la carte de cam\u00e9ra webcam de votre ordinateur portable par la carte de cam\u00e9ra webcam pour Dell Latitude E5550 E5450 E3340 E7250 E7450 FHKK7 0FHKK7 pour profiter de vid\u00e9oconf\u00e9rences et de communications de haute qualit\u00e9.<\/p>\n","protected":false},"featured_media":8522,"template":"","meta":[],"product_brand":[],"product_cat":[59],"product_tag":[53],"class_list":{"0":"post-8471","1":"product","2":"type-product","3":"status-publish","4":"has-post-thumbnail","6":"product_cat-laptop-camera","7":"product_tag-dell","9":"first","10":"instock","11":"taxable","12":"shipping-taxable","13":"purchasable","14":"product-type-simple"},"_links":{"self":[{"href":"https:\/\/boreait.com\/fr\/wp-json\/wp\/v2\/product\/8471","targetHints":{"allow":["GET"]}}],"collection":[{"href":"https:\/\/boreait.com\/fr\/wp-json\/wp\/v2\/product"}],"about":[{"href":"https:\/\/boreait.com\/fr\/wp-json\/wp\/v2\/types\/product"}],"wp:featuredmedia":[{"embeddable":true,"href":"https:\/\/boreait.com\/fr\/wp-json\/wp\/v2\/media\/8522"}],"wp:attachment":[{"href":"https:\/\/boreait.com\/fr\/wp-json\/wp\/v2\/media?parent=8471"}],"wp:term":[{"taxonomy":"product_brand","embeddable":true,"href":"https:\/\/boreait.com\/fr\/wp-json\/wp\/v2\/product_brand?post=8471"},{"taxonomy":"product_cat","embeddable":true,"href":"https:\/\/boreait.com\/fr\/wp-json\/wp\/v2\/product_cat?post=8471"},{"taxonomy":"product_tag","embeddable":true,"href":"https:\/\/boreait.com\/fr\/wp-json\/wp\/v2\/product_tag?post=8471"}],"curies":[{"name":"wp","href":"https:\/\/api.w.org\/{rel}","templated":true}]}}