{"id":8469,"date":"2025-09-15T14:36:45","date_gmt":"2025-09-15T12:36:45","guid":{"rendered":"https:\/\/boreait.com\/fr\/?post_type=product&#038;p=8469"},"modified":"2025-09-15T14:37:48","modified_gmt":"2025-09-15T12:37:48","slug":"commutateur-wi-fi-de-sourdine-pour-hp-elitebook-folio-1040-g3-dorigine-da0y0fpiah1","status":"publish","type":"product","link":"https:\/\/boreait.com\/fr\/produit\/commutateur-wi-fi-de-sourdine-pour-hp-elitebook-folio-1040-g3-dorigine-da0y0fpiah1\/","title":{"rendered":"Commutateur Wi-Fi de sourdine pour HP EliteBook Folio 1040 G3 d&rsquo;origine (DA0Y0FPIAH1)"},"content":{"rendered":"<p>Restaurez les fonctionnalit\u00e9s de votre ordinateur portable HP EliteBook Folio 1040 G3 gr\u00e2ce au commutateur Wi-Fi de coupure du volume (DA0Y0FPIAH1) d&rsquo;origine. Ce composant de remplacement est un composant authentique con\u00e7u par HP pour garantir la compatibilit\u00e9 et l&rsquo;int\u00e9gration avec votre mod\u00e8le d&rsquo;ordinateur portable.<\/p>\n<p>Le commutateur Wi-Fi de coupure du volume (DA0Y0FPIAH1) est un composant essentiel qui contr\u00f4le des fonctions essentielles comme le r\u00e9glage du volume, la coupure du son et la connectivit\u00e9 Wi-Fi. Si l&rsquo;une de ces fonctions est compromise par l&rsquo;usure ou d&rsquo;autres probl\u00e8mes, ce commutateur de remplacement d&rsquo;origine peut la r\u00e9tablir.<\/p>\n<p>Con\u00e7u avec pr\u00e9cision, le commutateur Wi-Fi de coupure du volume (DA0Y0FPIAH1) d&rsquo;origine pour HP EliteBook Folio 1040 G3 est con\u00e7u pour une installation facile et une interaction fluide avec le mat\u00e9riel et les logiciels de votre ordinateur portable. Cela garantit des performances et une exp\u00e9rience utilisateur optimales. <\/p>\n<p>Restaurez le confort du contr\u00f4le du volume, de la coupure du son et de la connectivit\u00e9 Wi-Fi sur votre ordinateur portable HP EliteBook Folio s\u00e9rie 1040 G3 gr\u00e2ce au commutateur Wi-Fi de coupure du volume d&rsquo;origine (DA0Y0FPIAH1). Assurez le bon fonctionnement de votre ordinateur portable en rempla\u00e7ant les composants us\u00e9s ou d\u00e9fectueux par cette pi\u00e8ce de rechange HP authentique.<\/p>\n","protected":false},"excerpt":{"rendered":"<p>Le commutateur WiFi de sourdine de volume HP EliteBook Folio 1040 G3 Series authentique (DA0Y0FPIAH1) est une pi\u00e8ce de rechange authentique qui restaure les fonctions essentielles de votre ordinateur portable.<\/p>\n","protected":false},"featured_media":8520,"template":"","meta":[],"product_brand":[],"product_cat":[63],"product_tag":[61],"class_list":{"0":"post-8469","1":"product","2":"type-product","3":"status-publish","4":"has-post-thumbnail","6":"product_cat-motherboards-board-parts","7":"product_tag-hp","9":"first","10":"instock","11":"taxable","12":"shipping-taxable","13":"purchasable","14":"product-type-simple"},"_links":{"self":[{"href":"https:\/\/boreait.com\/fr\/wp-json\/wp\/v2\/product\/8469","targetHints":{"allow":["GET"]}}],"collection":[{"href":"https:\/\/boreait.com\/fr\/wp-json\/wp\/v2\/product"}],"about":[{"href":"https:\/\/boreait.com\/fr\/wp-json\/wp\/v2\/types\/product"}],"wp:featuredmedia":[{"embeddable":true,"href":"https:\/\/boreait.com\/fr\/wp-json\/wp\/v2\/media\/8520"}],"wp:attachment":[{"href":"https:\/\/boreait.com\/fr\/wp-json\/wp\/v2\/media?parent=8469"}],"wp:term":[{"taxonomy":"product_brand","embeddable":true,"href":"https:\/\/boreait.com\/fr\/wp-json\/wp\/v2\/product_brand?post=8469"},{"taxonomy":"product_cat","embeddable":true,"href":"https:\/\/boreait.com\/fr\/wp-json\/wp\/v2\/product_cat?post=8469"},{"taxonomy":"product_tag","embeddable":true,"href":"https:\/\/boreait.com\/fr\/wp-json\/wp\/v2\/product_tag?post=8469"}],"curies":[{"name":"wp","href":"https:\/\/api.w.org\/{rel}","templated":true}]}}