{"id":8468,"date":"2025-09-15T14:36:44","date_gmt":"2025-09-15T12:36:44","guid":{"rendered":"https:\/\/boreait.com\/fr\/?post_type=product&#038;p=8468"},"modified":"2025-09-15T14:37:47","modified_gmt":"2025-09-15T12:37:47","slug":"carte-de-connecteur-ssd-hd-oem-dell-7nfcy-ls-9593p-latitude-e7440-p40g","status":"publish","type":"product","link":"https:\/\/boreait.com\/fr\/produit\/carte-de-connecteur-ssd-hd-oem-dell-7nfcy-ls-9593p-latitude-e7440-p40g\/","title":{"rendered":"Carte de connecteur SSD HD OEM Dell 7NFCY LS-9593P LATITUDE E7440 P40G"},"content":{"rendered":"<p>Am\u00e9liorez les capacit\u00e9s de stockage de votre ordinateur portable Dell Latitude E7440 P40G avec la carte de connexion Dell SSD HD OEM (7NFCY LS-9593P). Sp\u00e9cialement con\u00e7ue, cette carte est un composant essentiel pour ceux qui souhaitent am\u00e9liorer la capacit\u00e9 de stockage et les performances de leur ordinateur portable.<\/p>\n<p>La carte de connexion 7NFCY LS-9593P est un composant OEM (Original Equipment Manufacturer), garantissant la compatibilit\u00e9 et l&rsquo;int\u00e9gration transparente avec votre ordinateur portable Dell Latitude E7440 P40G. Si vous souhaitez ajouter ou remplacer un SSD ou un disque dur, cette carte de connexion est essentielle pour une connectivit\u00e9 s\u00e9curis\u00e9e et efficace.<\/p>\n<p>Con\u00e7ue pour s&rsquo;int\u00e9grer parfaitement \u00e0 la structure de votre ordinateur portable, la carte de connexion 7NFCY LS-9593P est facile \u00e0 installer et vous permet d&rsquo;augmenter vos capacit\u00e9s de stockage sans effort. Que vous soyez un professionnel \u00e0 la recherche de plus d&rsquo;espace de stockage pour vos fichiers professionnels ou un utilisateur occasionnel ayant besoin d&rsquo;espace suppl\u00e9mentaire pour son contenu multim\u00e9dia, cette carte de connexion est la solution.<\/p>\n<p>\u00c9quipez votre ordinateur portable Dell Latitude E7440 P40G de la carte connecteur SSD HD Dell OEM (7NFCY LS-9593P) pour optimiser ses capacit\u00e9s de stockage et ses performances. B\u00e9n\u00e9ficiez d&rsquo;un espace de stockage accru et d&rsquo;une efficacit\u00e9 accrue pour toutes vos t\u00e2ches informatiques.<\/p>\n","protected":false},"excerpt":{"rendered":"<p>La carte de connexion OEM Dell SSD HD (7NFCY LS-9593P) est un composant essentiel pour am\u00e9liorer les capacit\u00e9s de stockage de votre ordinateur portable Latitude E7440 P40G.<\/p>\n","protected":false},"featured_media":8519,"template":"","meta":[],"product_brand":[],"product_cat":[63],"product_tag":[61],"class_list":{"0":"post-8468","1":"product","2":"type-product","3":"status-publish","4":"has-post-thumbnail","6":"product_cat-motherboards-board-parts","7":"product_tag-hp","9":"first","10":"instock","11":"taxable","12":"shipping-taxable","13":"purchasable","14":"product-type-simple"},"_links":{"self":[{"href":"https:\/\/boreait.com\/fr\/wp-json\/wp\/v2\/product\/8468","targetHints":{"allow":["GET"]}}],"collection":[{"href":"https:\/\/boreait.com\/fr\/wp-json\/wp\/v2\/product"}],"about":[{"href":"https:\/\/boreait.com\/fr\/wp-json\/wp\/v2\/types\/product"}],"wp:featuredmedia":[{"embeddable":true,"href":"https:\/\/boreait.com\/fr\/wp-json\/wp\/v2\/media\/8519"}],"wp:attachment":[{"href":"https:\/\/boreait.com\/fr\/wp-json\/wp\/v2\/media?parent=8468"}],"wp:term":[{"taxonomy":"product_brand","embeddable":true,"href":"https:\/\/boreait.com\/fr\/wp-json\/wp\/v2\/product_brand?post=8468"},{"taxonomy":"product_cat","embeddable":true,"href":"https:\/\/boreait.com\/fr\/wp-json\/wp\/v2\/product_cat?post=8468"},{"taxonomy":"product_tag","embeddable":true,"href":"https:\/\/boreait.com\/fr\/wp-json\/wp\/v2\/product_tag?post=8468"}],"curies":[{"name":"wp","href":"https:\/\/api.w.org\/{rel}","templated":true}]}}