{"id":8467,"date":"2025-09-15T14:36:44","date_gmt":"2025-09-15T12:36:44","guid":{"rendered":"https:\/\/boreait.com\/fr\/?post_type=product&#038;p=8467"},"modified":"2025-09-15T14:37:45","modified_gmt":"2025-09-15T12:37:45","slug":"pour-hp-probook-470-g2-petite-carte-dinterface-de-lecteur-optique-integree-ls-b186p","status":"publish","type":"product","link":"https:\/\/boreait.com\/fr\/produit\/pour-hp-probook-470-g2-petite-carte-dinterface-de-lecteur-optique-integree-ls-b186p\/","title":{"rendered":"Pour HP ProBook 470 G2, petite carte d&rsquo;interface de lecteur optique int\u00e9gr\u00e9e LS-B186P"},"content":{"rendered":"<p>Am\u00e9liorez les capacit\u00e9s de votre HP ProBook 470 G2 avec la petite carte d&rsquo;interface pour lecteur optique int\u00e9gr\u00e9 LS-B186P. Cette carte innovante est sp\u00e9cialement con\u00e7ue pour am\u00e9liorer les fonctionnalit\u00e9s et la connectivit\u00e9 de votre ordinateur portable, ce qui en fait un compl\u00e9ment id\u00e9al pour les utilisateurs souhaitant optimiser leur exp\u00e9rience informatique.<\/p>\n<p>La petite carte d&rsquo;interface pour lecteur optique int\u00e9gr\u00e9 LS-B186P s&rsquo;int\u00e8gre parfaitement \u00e0 votre HP ProBook 470 G2, vous permettant de connecter et d&rsquo;utiliser des lecteurs optiques sans effort. Que vous ayez besoin d&rsquo;acc\u00e9der \u00e0 des DVD, des CD ou d&rsquo;autres supports optiques, cette carte assure une communication fluide et fiable entre votre ordinateur portable et le lecteur optique.<\/p>\n<p>Avec sa conception compacte et performante, la carte LS-B186P est facile \u00e0 installer et offre une solution simplifi\u00e9e aux utilisateurs qui appr\u00e9cient la polyvalence de leurs ordinateurs portables. En \u00e9quipant votre ordinateur portable de cette carte, vous pourrez exploiter pleinement les capacit\u00e9s de votre HP ProBook 470 G2 et profiter d&rsquo;une exp\u00e9rience informatique plus compl\u00e8te.<\/p>\n<p>Mettez \u00e0 niveau votre HP ProBook 470 G2 avec la petite carte d&rsquo;interface de lecteur optique int\u00e9gr\u00e9 LS-B186P d\u00e8s aujourd&rsquo;hui et profitez d&rsquo;une connectivit\u00e9 et de fonctionnalit\u00e9s am\u00e9lior\u00e9es pour votre ordinateur portable.<\/p>\n","protected":false},"excerpt":{"rendered":"<p>Mettez \u00e0 niveau votre HP ProBook 470 G2 avec la petite carte d&rsquo;interface de lecteur optique int\u00e9gr\u00e9 LS-B186P, con\u00e7ue pour am\u00e9liorer les fonctionnalit\u00e9s et la connectivit\u00e9 de votre ordinateur portable.<\/p>\n","protected":false},"featured_media":8518,"template":"","meta":[],"product_brand":[],"product_cat":[63],"product_tag":[61],"class_list":{"0":"post-8467","1":"product","2":"type-product","3":"status-publish","4":"has-post-thumbnail","6":"product_cat-motherboards-board-parts","7":"product_tag-hp","9":"first","10":"instock","11":"taxable","12":"shipping-taxable","13":"purchasable","14":"product-type-simple"},"_links":{"self":[{"href":"https:\/\/boreait.com\/fr\/wp-json\/wp\/v2\/product\/8467","targetHints":{"allow":["GET"]}}],"collection":[{"href":"https:\/\/boreait.com\/fr\/wp-json\/wp\/v2\/product"}],"about":[{"href":"https:\/\/boreait.com\/fr\/wp-json\/wp\/v2\/types\/product"}],"wp:featuredmedia":[{"embeddable":true,"href":"https:\/\/boreait.com\/fr\/wp-json\/wp\/v2\/media\/8518"}],"wp:attachment":[{"href":"https:\/\/boreait.com\/fr\/wp-json\/wp\/v2\/media?parent=8467"}],"wp:term":[{"taxonomy":"product_brand","embeddable":true,"href":"https:\/\/boreait.com\/fr\/wp-json\/wp\/v2\/product_brand?post=8467"},{"taxonomy":"product_cat","embeddable":true,"href":"https:\/\/boreait.com\/fr\/wp-json\/wp\/v2\/product_cat?post=8467"},{"taxonomy":"product_tag","embeddable":true,"href":"https:\/\/boreait.com\/fr\/wp-json\/wp\/v2\/product_tag?post=8467"}],"curies":[{"name":"wp","href":"https:\/\/api.w.org\/{rel}","templated":true}]}}