{"id":8451,"date":"2025-09-15T14:36:21","date_gmt":"2025-09-15T12:36:21","guid":{"rendered":"https:\/\/boreait.com\/fr\/?post_type=product&#038;p=8451"},"modified":"2026-01-09T13:15:30","modified_gmt":"2026-01-09T12:15:30","slug":"ensemble-de-haut-parleurs-gauche-et-droit-pour-ordinateur-portable-dell-latitude-e5450-gkvp1-0gkvp1-cn-0gkvp1","status":"publish","type":"product","link":"https:\/\/boreait.com\/fr\/produit\/ensemble-de-haut-parleurs-gauche-et-droit-pour-ordinateur-portable-dell-latitude-e5450-gkvp1-0gkvp1-cn-0gkvp1\/","title":{"rendered":"Ensemble de haut-parleurs gauche et droit pour ordinateur portable Dell Latitude E5450 GKVP1 0GKVP1 CN-0GKVP1"},"content":{"rendered":"<p>Optimisez les performances audio de votre ordinateur portable Dell Latitude E5450 gr\u00e2ce au kit de haut-parleurs gauche et droit GKVP1. Con\u00e7us pour vous offrir une exp\u00e9rience audio sup\u00e9rieure, ces haut-parleurs Dell d&rsquo;origine d\u00e9livrent un son de haute qualit\u00e9 qui optimise vos activit\u00e9s multim\u00e9dias, vos divertissements et vos communications.<\/p>\n<p>Le kit de haut-parleurs gauche et droit GKVP1 est soigneusement con\u00e7u pour s&rsquo;int\u00e9grer parfaitement \u00e0 votre ordinateur portable Dell Latitude E5450. Gr\u00e2ce \u00e0 cet accessoire, profitez d&rsquo;un son clair et \u00e9quilibr\u00e9, que vous regardiez des films, \u00e9coutiez de la musique ou participiez \u00e0 des visioconf\u00e9rences. Les haut-parleurs sont con\u00e7us pour reproduire un son d&rsquo;une clart\u00e9 exceptionnelle, vous garantissant une \u00e9coute parfaite des moindres d\u00e9tails.<\/p>\n<p>Con\u00e7u pour une installation facile, le kit de haut-parleurs gauche et droit GKVP1 s&rsquo;int\u00e8gre facilement \u00e0 votre ordinateur portable Dell Latitude E5450. Sa compatibilit\u00e9 avec votre mod\u00e8le d&rsquo;ordinateur portable est garantie gr\u00e2ce \u00e0 son origine Dell.<\/p>\n<p>Que vous soyez un professionnel \u00e0 la recherche d&rsquo;un son clair lors de vos appels professionnels ou un passionn\u00e9 de divertissement recherchant un son immersif pour regarder des films, le jeu de haut-parleurs gauche et droit GKVP1 est un atout pr\u00e9cieux pour votre ordinateur portable Dell Latitude E5450. Profitez d&rsquo;un son riche, vibrant et r\u00e9aliste, qui optimisera chaque aspect de votre exp\u00e9rience informatique.<\/p>\n<p>Am\u00e9liorez les capacit\u00e9s audio de votre ordinateur portable Dell Latitude E5450 avec le jeu de haut-parleurs gauche et droit GKVP1. Profitez d&rsquo;une qualit\u00e9 sonore am\u00e9lior\u00e9e qui ajoute profondeur et dimension \u00e0 vos activit\u00e9s multim\u00e9dias et \u00e0 vos communications. Investissez dans la qualit\u00e9 Dell authentique pour une exp\u00e9rience audio am\u00e9lior\u00e9e, parfaitement adapt\u00e9e aux performances et au design de votre ordinateur portable.<\/p>\n","protected":false},"excerpt":{"rendered":"<p>Am\u00e9liorez l&rsquo;exp\u00e9rience audio de votre ordinateur portable Dell Latitude E5450 gr\u00e2ce au jeu de haut-parleurs gauche et droit GKVP1. Cet accessoire Dell d&rsquo;origine garantit un son clair et immersif, id\u00e9al pour les activit\u00e9s multim\u00e9dias et les visioconf\u00e9rences.<\/p>\n","protected":false},"featured_media":8502,"template":"","meta":[],"product_brand":[],"product_cat":[54],"product_tag":[53],"class_list":{"0":"post-8451","1":"product","2":"type-product","3":"status-publish","4":"has-post-thumbnail","6":"product_cat-laptop-speakers","7":"product_tag-dell","9":"first","10":"instock","11":"taxable","12":"shipping-taxable","13":"purchasable","14":"product-type-simple"},"_links":{"self":[{"href":"https:\/\/boreait.com\/fr\/wp-json\/wp\/v2\/product\/8451","targetHints":{"allow":["GET"]}}],"collection":[{"href":"https:\/\/boreait.com\/fr\/wp-json\/wp\/v2\/product"}],"about":[{"href":"https:\/\/boreait.com\/fr\/wp-json\/wp\/v2\/types\/product"}],"wp:featuredmedia":[{"embeddable":true,"href":"https:\/\/boreait.com\/fr\/wp-json\/wp\/v2\/media\/8502"}],"wp:attachment":[{"href":"https:\/\/boreait.com\/fr\/wp-json\/wp\/v2\/media?parent=8451"}],"wp:term":[{"taxonomy":"product_brand","embeddable":true,"href":"https:\/\/boreait.com\/fr\/wp-json\/wp\/v2\/product_brand?post=8451"},{"taxonomy":"product_cat","embeddable":true,"href":"https:\/\/boreait.com\/fr\/wp-json\/wp\/v2\/product_cat?post=8451"},{"taxonomy":"product_tag","embeddable":true,"href":"https:\/\/boreait.com\/fr\/wp-json\/wp\/v2\/product_tag?post=8451"}],"curies":[{"name":"wp","href":"https:\/\/api.w.org\/{rel}","templated":true}]}}