{"id":8385,"date":"2025-09-15T14:34:47","date_gmt":"2025-09-15T12:34:47","guid":{"rendered":"https:\/\/boreait.com\/fr\/?post_type=product&#038;p=8385"},"modified":"2026-01-09T13:11:18","modified_gmt":"2026-01-09T12:11:18","slug":"carte-mere-dell-latitude-e5450-r22th-testee-et-garantie","status":"publish","type":"product","link":"https:\/\/boreait.com\/fr\/produit\/carte-mere-dell-latitude-e5450-r22th-testee-et-garantie\/","title":{"rendered":"Carte m\u00e8re Dell Latitude E5450 R22TH test\u00e9e et garantie"},"content":{"rendered":"<p>Remplacez votre carte \u00e0 puce endommag\u00e9e ou d\u00e9fectueuse par la carte \u00e0 puce Dell Latitude E5450 R22TH d&rsquo;origine. Cette carte est sp\u00e9cialement con\u00e7ue pour l&rsquo;ordinateur portable Dell Latitude E5450 et a \u00e9t\u00e9 test\u00e9e pour garantir sa compatibilit\u00e9 et son bon fonctionnement.<\/p>\n<p>Une carte \u00e0 puce est un composant essentiel de votre ordinateur portable, surtout si vous utilisez fr\u00e9quemment des cartes \u00e0 puce \u00e0 des fins d&rsquo;authentification ou de s\u00e9curit\u00e9. Avec la carte \u00e0 puce Dell Latitude E5450 R22TH, vous avez l&rsquo;assurance que les fonctionnalit\u00e9s de votre ordinateur portable fonctionneront parfaitement.<\/p>\n<p>En achetant la carte \u00e0 puce Dell Latitude E5450 R22TH, vous avez l&rsquo;assurance d&rsquo;acqu\u00e9rir un produit de qualit\u00e9. Elle est soumise \u00e0 des tests rigoureux pour r\u00e9pondre aux normes de qualit\u00e9 Dell et est garantie contre tout d\u00e9faut ou probl\u00e8me potentiel.<\/p>\n<p>L&rsquo;installation de la carte \u00e0 puce est simple et vous pouvez facilement remplacer l&rsquo;ancienne carte ou la carte d\u00e9fectueuse par la nouvelle. Il est essentiel de garantir le bon fonctionnement de votre ordinateur portable, surtout si l&rsquo;authentification par carte \u00e0 puce fait partie int\u00e9grante de votre flux de travail.<\/p>\n<p>Assurez le bon fonctionnement et la s\u00e9curit\u00e9 de votre ordinateur portable Dell Latitude E5450 gr\u00e2ce \u00e0 la carte \u00e0 puce R22TH pour Dell Latitude E5450. Gr\u00e2ce \u00e0 ses performances test\u00e9es et \u00e0 sa garantie, vous pouvez \u00eatre s\u00fbr que cette carte de remplacement r\u00e9pondra \u00e0 vos besoins et \u00e0 vos attentes.<\/p>\n","protected":false},"excerpt":{"rendered":"<p>La carte m\u00e8re R22TH pour Dell Latitude E5450 est une pi\u00e8ce de rechange d&rsquo;origine et test\u00e9e pour votre ordinateur portable Dell Latitude E5450. Elle est garantie pour plus de tranquillit\u00e9 d&rsquo;esprit, garantissant qualit\u00e9 et fonctionnalit\u00e9.<\/p>\n","protected":false},"featured_media":8455,"template":"","meta":[],"product_brand":[],"product_cat":[63],"product_tag":[53],"class_list":{"0":"post-8385","1":"product","2":"type-product","3":"status-publish","4":"has-post-thumbnail","6":"product_cat-motherboards-board-parts","7":"product_tag-dell","9":"first","10":"instock","11":"taxable","12":"shipping-taxable","13":"purchasable","14":"product-type-simple"},"_links":{"self":[{"href":"https:\/\/boreait.com\/fr\/wp-json\/wp\/v2\/product\/8385","targetHints":{"allow":["GET"]}}],"collection":[{"href":"https:\/\/boreait.com\/fr\/wp-json\/wp\/v2\/product"}],"about":[{"href":"https:\/\/boreait.com\/fr\/wp-json\/wp\/v2\/types\/product"}],"wp:featuredmedia":[{"embeddable":true,"href":"https:\/\/boreait.com\/fr\/wp-json\/wp\/v2\/media\/8455"}],"wp:attachment":[{"href":"https:\/\/boreait.com\/fr\/wp-json\/wp\/v2\/media?parent=8385"}],"wp:term":[{"taxonomy":"product_brand","embeddable":true,"href":"https:\/\/boreait.com\/fr\/wp-json\/wp\/v2\/product_brand?post=8385"},{"taxonomy":"product_cat","embeddable":true,"href":"https:\/\/boreait.com\/fr\/wp-json\/wp\/v2\/product_cat?post=8385"},{"taxonomy":"product_tag","embeddable":true,"href":"https:\/\/boreait.com\/fr\/wp-json\/wp\/v2\/product_tag?post=8385"}],"curies":[{"name":"wp","href":"https:\/\/api.w.org\/{rel}","templated":true}]}}