{"id":8384,"date":"2025-09-15T14:34:47","date_gmt":"2025-09-15T12:34:47","guid":{"rendered":"https:\/\/boreait.com\/fr\/?post_type=product&#038;p=8384"},"modified":"2025-09-15T14:36:19","modified_gmt":"2025-09-15T12:36:19","slug":"memoire-ram-pour-ordinateur-portable-hynix-1x4gb-4gb-hmt351s6cfr8c-ddr3-4gb-2rx8-pc3-10600s","status":"publish","type":"product","link":"https:\/\/boreait.com\/fr\/produit\/memoire-ram-pour-ordinateur-portable-hynix-1x4gb-4gb-hmt351s6cfr8c-ddr3-4gb-2rx8-pc3-10600s\/","title":{"rendered":"M\u00e9moire RAM pour ordinateur portable HYNIX 1X4GB 4GB HMT351S6CFR8C DDR3 4GB 2Rx8 PC3 10600S"},"content":{"rendered":"<p>Am\u00e9liorez les performances de votre ordinateur portable avec le module de m\u00e9moire RAM DDR3 Hynix HMT351S6CFR8C. D&rsquo;une capacit\u00e9 de 4 Go, ce module est con\u00e7u pour am\u00e9liorer les capacit\u00e9s multit\u00e2ches de votre ordinateur portable et vous permettre d&rsquo;ex\u00e9cuter plusieurs applications de mani\u00e8re fluide et efficace.<\/p>\n<p>Le module Hynix HMT351S6CFR8C fonctionne \u00e0 une fr\u00e9quence PC3-10600S, soit une fr\u00e9quence m\u00e9moire de 1333 MHz. Cette m\u00e9moire haute vitesse garantit un acc\u00e8s plus rapide aux donn\u00e9es et une meilleure r\u00e9activit\u00e9 du syst\u00e8me, ce qui le rend id\u00e9al pour les t\u00e2ches exigeantes et les applications gourmandes en ressources.<\/p>\n<p>L&rsquo;installation du module de m\u00e9moire Hynix HMT351S6CFR8C est un moyen simple et efficace d&rsquo;optimiser les performances de votre ordinateur portable. Compatible avec les emplacements m\u00e9moire DDR3, ce module RAM de 4 Go s&rsquo;ins\u00e8re facilement dans l&#8217;emplacement m\u00e9moire de votre ordinateur portable pour une mise \u00e0 niveau instantan\u00e9e.<\/p>\n<p>Que vous soyez un utilisateur occasionnel ou exp\u00e9riment\u00e9, la m\u00e9moire DDR3 Hynix HMT351S6CFR8C am\u00e9liorera consid\u00e9rablement les performances globales de votre ordinateur portable. Profitez d&rsquo;un traitement des donn\u00e9es plus rapide, de temps de chargement r\u00e9duits et d&rsquo;un multit\u00e2che plus fluide, pour travailler et jouer plus efficacement.<\/p>\n<p>Hynix est une marque de confiance, reconnue pour la fiabilit\u00e9 et la qualit\u00e9 de ses produits m\u00e9moire. Le module m\u00e9moire HMT351S6CFR8C ne fait pas exception\u00a0: il est soumis \u00e0 des tests et \u00e0 un contr\u00f4le qualit\u00e9 rigoureux pour garantir des performances et une fiabilit\u00e9 optimales.<\/p>\n<p>Mettez \u00e0 niveau la m\u00e9moire de votre ordinateur portable avec le module RAM DDR3 Hynix HMT351S6CFR8C de 4\u00a0Go et b\u00e9n\u00e9ficiez d&rsquo;une am\u00e9lioration significative de ses performances. Que vous utilisiez votre ordinateur portable pour le travail, les loisirs ou les deux, ce module m\u00e9moire am\u00e9liorera votre exp\u00e9rience informatique et vous permettra d&rsquo;en faire plus facilement.<\/p>\n","protected":false},"excerpt":{"rendered":"<p>Le module de m\u00e9moire RAM Hynix HMT351S6CFR8C pour ordinateur portable de haute qualit\u00e9 offre des performances accrues et des capacit\u00e9s multit\u00e2ches optimis\u00e9es. Avec une capacit\u00e9 de 4 Go et une fr\u00e9quence PC3-10600S, cette m\u00e9moire DDR3 est id\u00e9ale pour booster les performances globales de votre ordinateur portable.<\/p>\n","protected":false},"featured_media":8445,"template":"","meta":[],"product_brand":[],"product_cat":[73,72],"product_tag":[],"class_list":{"0":"post-8384","1":"product","2":"type-product","3":"status-publish","4":"has-post-thumbnail","6":"product_cat-ddr3-ddr3l","7":"product_cat-ram-memory","9":"first","10":"instock","11":"taxable","12":"shipping-taxable","13":"purchasable","14":"product-type-simple"},"_links":{"self":[{"href":"https:\/\/boreait.com\/fr\/wp-json\/wp\/v2\/product\/8384","targetHints":{"allow":["GET"]}}],"collection":[{"href":"https:\/\/boreait.com\/fr\/wp-json\/wp\/v2\/product"}],"about":[{"href":"https:\/\/boreait.com\/fr\/wp-json\/wp\/v2\/types\/product"}],"wp:featuredmedia":[{"embeddable":true,"href":"https:\/\/boreait.com\/fr\/wp-json\/wp\/v2\/media\/8445"}],"wp:attachment":[{"href":"https:\/\/boreait.com\/fr\/wp-json\/wp\/v2\/media?parent=8384"}],"wp:term":[{"taxonomy":"product_brand","embeddable":true,"href":"https:\/\/boreait.com\/fr\/wp-json\/wp\/v2\/product_brand?post=8384"},{"taxonomy":"product_cat","embeddable":true,"href":"https:\/\/boreait.com\/fr\/wp-json\/wp\/v2\/product_cat?post=8384"},{"taxonomy":"product_tag","embeddable":true,"href":"https:\/\/boreait.com\/fr\/wp-json\/wp\/v2\/product_tag?post=8384"}],"curies":[{"name":"wp","href":"https:\/\/api.w.org\/{rel}","templated":true}]}}