{"id":8322,"date":"2025-09-15T14:33:07","date_gmt":"2025-09-15T12:33:07","guid":{"rendered":"https:\/\/boreait.com\/fr\/?post_type=product&#038;p=8322"},"modified":"2025-09-15T14:35:22","modified_gmt":"2025-09-15T12:35:22","slug":"prise-dalimentation-cc-50-4kt06-002-pour-hp-probook-6360t","status":"publish","type":"product","link":"https:\/\/boreait.com\/fr\/produit\/prise-dalimentation-cc-50-4kt06-002-pour-hp-probook-6360t\/","title":{"rendered":"Prise d&rsquo;alimentation CC 50.4KT06.002 pour HP ProBook 6360T"},"content":{"rendered":"<p>Sur notre boutique en ligne europ\u00e9enne, nous nous engageons \u00e0 vous fournir des pi\u00e8ces d\u00e9tach\u00e9es d&rsquo;occasion de qualit\u00e9 sup\u00e9rieure pour ordinateur portable afin de r\u00e9pondre \u00e0 tous vos besoins de r\u00e9paration. Si vous recherchez une pi\u00e8ce de rechange fiable pour la prise d&rsquo;alimentation CC du HP ProBook 6360T (r\u00e9f\u00e9rence\u00a0: 50.4KT06.002), ne cherchez plus\u00a0! Notre collection de pi\u00e8ces d\u00e9tach\u00e9es d&rsquo;origine pour ordinateur portable a \u00e9t\u00e9 soigneusement s\u00e9lectionn\u00e9e et test\u00e9e afin de garantir des performances et une compatibilit\u00e9 optimales avec votre appareil.<\/p>\n<p>Une prise d&rsquo;alimentation CC d\u00e9fectueuse peut \u00eatre un probl\u00e8me frustrant, emp\u00eachant souvent l&rsquo;ordinateur portable de se charger ou de s&rsquo;allumer. Au lieu d&rsquo;investir dans un ordinateur portable neuf et co\u00fbteux, faites confiance \u00e0 nos pi\u00e8ces d\u00e9tach\u00e9es d&rsquo;occasion haut de gamme pour remettre votre HP ProBook 6360T en \u00e9tat de marche \u00e0 moindre co\u00fbt. Chaque prise d&rsquo;alimentation est soumise \u00e0 des tests rigoureux afin de garantir sa conformit\u00e9 \u00e0 nos normes de qualit\u00e9 \u00e9lev\u00e9es, vous garantissant ainsi sa fiabilit\u00e9 et sa durabilit\u00e9.<\/p>\n<p>Nous comprenons l&rsquo;importance d&rsquo;une exp\u00e9rience d&rsquo;achat fluide, c&rsquo;est pourquoi nous nous effor\u00e7ons de proposer une plateforme conviviale avec des options de paiement s\u00e9curis\u00e9es et des services de livraison rapides. Notre \u00e9quipe d&rsquo;experts est \u00e9galement \u00e0 votre disposition pour r\u00e9pondre \u00e0 toutes vos questions et pr\u00e9occupations, afin que vous puissiez prendre une d\u00e9cision \u00e9clair\u00e9e.<\/p>\n<p>En achetant chez nous, vous n&rsquo;achetez pas seulement une pi\u00e8ce de rechange\u00a0; vous b\u00e9n\u00e9ficiez de notre engagement envers la satisfaction client et l&rsquo;excellence de nos produits. Dites adieu aux probl\u00e8mes d&rsquo;alimentation de votre ordinateur portable et retrouvez le plein potentiel de votre HP ProBook 6360T gr\u00e2ce \u00e0 la prise d&rsquo;alimentation CC 50.4KT06.002 d&rsquo;origine, disponible dans notre boutique de confiance.<\/p>\n","protected":false},"excerpt":{"rendered":"<p>Retrouvez la prise d&rsquo;alimentation CC authentique pour HP ProBook 6360T (r\u00e9f\u00e9rence 50.4KT06.002) sur notre boutique en ligne europ\u00e9enne. Notre collection de pi\u00e8ces d\u00e9tach\u00e9es d&rsquo;occasion haut de gamme garantit fiabilit\u00e9 et compatibilit\u00e9, offrant une solution \u00e9conomique pour la r\u00e9paration de vos ordinateurs portables. Remettez votre ordinateur portable en \u00e9tat de marche gr\u00e2ce \u00e0 cette prise d&rsquo;alimentation CC d&rsquo;origine.<\/p>\n","protected":false},"featured_media":8404,"template":"","meta":[],"product_brand":[],"product_cat":[56],"product_tag":[61],"class_list":{"0":"post-8322","1":"product","2":"type-product","3":"status-publish","4":"has-post-thumbnail","6":"product_cat-cables","7":"product_tag-hp","9":"first","10":"instock","11":"taxable","12":"shipping-taxable","13":"purchasable","14":"product-type-simple"},"_links":{"self":[{"href":"https:\/\/boreait.com\/fr\/wp-json\/wp\/v2\/product\/8322","targetHints":{"allow":["GET"]}}],"collection":[{"href":"https:\/\/boreait.com\/fr\/wp-json\/wp\/v2\/product"}],"about":[{"href":"https:\/\/boreait.com\/fr\/wp-json\/wp\/v2\/types\/product"}],"wp:featuredmedia":[{"embeddable":true,"href":"https:\/\/boreait.com\/fr\/wp-json\/wp\/v2\/media\/8404"}],"wp:attachment":[{"href":"https:\/\/boreait.com\/fr\/wp-json\/wp\/v2\/media?parent=8322"}],"wp:term":[{"taxonomy":"product_brand","embeddable":true,"href":"https:\/\/boreait.com\/fr\/wp-json\/wp\/v2\/product_brand?post=8322"},{"taxonomy":"product_cat","embeddable":true,"href":"https:\/\/boreait.com\/fr\/wp-json\/wp\/v2\/product_cat?post=8322"},{"taxonomy":"product_tag","embeddable":true,"href":"https:\/\/boreait.com\/fr\/wp-json\/wp\/v2\/product_tag?post=8322"}],"curies":[{"name":"wp","href":"https:\/\/api.w.org\/{rel}","templated":true}]}}