{"id":8285,"date":"2025-09-15T14:32:16","date_gmt":"2025-09-15T12:32:16","guid":{"rendered":"https:\/\/boreait.com\/fr\/?post_type=product&#038;p=8285"},"modified":"2026-01-07T08:53:36","modified_gmt":"2026-01-07T07:53:36","slug":"535769-001-6070b0347301-cadre-decran-lcd-hp-dorigine-probook-4710s","status":"publish","type":"product","link":"https:\/\/boreait.com\/fr\/produit\/535769-001-6070b0347301-cadre-decran-lcd-hp-dorigine-probook-4710s\/","title":{"rendered":"535769-001 6070B0347301 CADRE D&rsquo;\u00c9CRAN LCD HP D&rsquo;ORIGINE PROBOOK 4710S"},"content":{"rendered":"<p>Le cadre d&rsquo;\u00e9cran LCD HP 535769-001 6070B0347301 d&rsquo;origine est sp\u00e9cialement con\u00e7u pour l&rsquo;ordinateur portable ProBook 4710S. Cette pi\u00e8ce de rechange de haute qualit\u00e9 est con\u00e7ue pour sublimer l&rsquo;esth\u00e9tique de votre ordinateur portable et assurer un ajustement parfait \u00e0 l&rsquo;\u00e9cran LCD.<\/p>\n<p>Produit HP d&rsquo;origine, le cadre d&rsquo;\u00e9cran LCD 535769-001 6070B0347301 r\u00e9pond \u00e0 des normes de qualit\u00e9 strictes et est fabriqu\u00e9 avec des mat\u00e9riaux durables. Il assure un ajustement parfait et s\u00e9curis\u00e9 autour de l&rsquo;\u00e9cran LCD, emp\u00eachant la poussi\u00e8re et les d\u00e9bris de p\u00e9n\u00e9trer et prot\u00e9geant l&rsquo;\u00e9cran des rayures et dommages accidentels.<\/p>\n<p>Remplacer votre cadre d&rsquo;\u00e9cran LCD ancien ou endommag\u00e9 par le cadre d&rsquo;\u00e9cran LCD 535769-001 6070B0347301 am\u00e9liore non seulement l&rsquo;apparence de votre ProBook 4710S, mais garantit \u00e9galement un maintien parfait de l&rsquo;\u00e9cran, minimisant ainsi les risques de probl\u00e8mes d&rsquo;\u00e9cran et am\u00e9liorant ses performances globales.<\/p>\n<p>Facile \u00e0 installer, ce cadre d&rsquo;\u00e9cran LCD HP d&rsquo;origine est con\u00e7u pour un remplacement simple et rapide, vous permettant de restaurer facilement votre ordinateur portable \u00e0 son \u00e9tat d&rsquo;origine. Son ajustement pr\u00e9cis et sa fabrication de haute qualit\u00e9 garantissent un maintien parfait, pour une int\u00e9gration parfaite avec votre ProBook 4710S.<\/p>\n<p>Am\u00e9liorez votre ProBook 4710S avec le cadre d&rsquo;\u00e9cran LCD HP d&rsquo;origine 535769-001 6070B0347301 et profitez d&rsquo;un ordinateur portable remis \u00e0 neuf et bien prot\u00e9g\u00e9. Am\u00e9liorez votre exp\u00e9rience informatique avec un \u00e9cran LCD parfaitement s\u00e9curis\u00e9 et esth\u00e9tique, gr\u00e2ce \u00e0 cette pi\u00e8ce de rechange HP fiable.<\/p>\n","protected":false},"excerpt":{"rendered":"<p>Le cadre d&rsquo;\u00e9cran LCD HP 535769-001 6070B0347301 d&rsquo;origine est con\u00e7u pour l&rsquo;ordinateur portable ProBook 4710S. Cette pi\u00e8ce de rechange de haute qualit\u00e9 am\u00e9liore l&rsquo;apparence de votre ordinateur portable et maintient l&rsquo;\u00e9cran LCD en place.<\/p>\n","protected":false},"featured_media":8360,"template":"","meta":[],"product_brand":[],"product_cat":[52],"product_tag":[61],"class_list":{"0":"post-8285","1":"product","2":"type-product","3":"status-publish","4":"has-post-thumbnail","6":"product_cat-laptop-housing","7":"product_tag-hp","9":"first","10":"instock","11":"taxable","12":"shipping-taxable","13":"purchasable","14":"product-type-simple"},"_links":{"self":[{"href":"https:\/\/boreait.com\/fr\/wp-json\/wp\/v2\/product\/8285","targetHints":{"allow":["GET"]}}],"collection":[{"href":"https:\/\/boreait.com\/fr\/wp-json\/wp\/v2\/product"}],"about":[{"href":"https:\/\/boreait.com\/fr\/wp-json\/wp\/v2\/types\/product"}],"wp:featuredmedia":[{"embeddable":true,"href":"https:\/\/boreait.com\/fr\/wp-json\/wp\/v2\/media\/8360"}],"wp:attachment":[{"href":"https:\/\/boreait.com\/fr\/wp-json\/wp\/v2\/media?parent=8285"}],"wp:term":[{"taxonomy":"product_brand","embeddable":true,"href":"https:\/\/boreait.com\/fr\/wp-json\/wp\/v2\/product_brand?post=8285"},{"taxonomy":"product_cat","embeddable":true,"href":"https:\/\/boreait.com\/fr\/wp-json\/wp\/v2\/product_cat?post=8285"},{"taxonomy":"product_tag","embeddable":true,"href":"https:\/\/boreait.com\/fr\/wp-json\/wp\/v2\/product_tag?post=8285"}],"curies":[{"name":"wp","href":"https:\/\/api.w.org\/{rel}","templated":true}]}}