{"id":8283,"date":"2025-09-15T14:32:16","date_gmt":"2025-09-15T12:32:16","guid":{"rendered":"https:\/\/boreait.com\/fr\/?post_type=product&#038;p=8283"},"modified":"2026-01-07T08:53:19","modified_gmt":"2026-01-07T07:53:19","slug":"coque-inferieure-pour-ordinateur-portable-lenovo-miix-320-10icr-101-pouces-8s1102-02661","status":"publish","type":"product","link":"https:\/\/boreait.com\/fr\/produit\/coque-inferieure-pour-ordinateur-portable-lenovo-miix-320-10icr-101-pouces-8s1102-02661\/","title":{"rendered":"Coque inf\u00e9rieure pour ordinateur portable Lenovo MIIX 320-10ICR 10,1 pouces (8S1102-02661)"},"content":{"rendered":"<p>Le cache inf\u00e9rieur pour tablette Lenovo MIIX 320-10ICR 10,1&Prime; est une pi\u00e8ce de rechange de haute qualit\u00e9, sp\u00e9cialement con\u00e7ue pour la tablette Lenovo MIIX 320-10ICR 10,1&Prime;. Con\u00e7u pour s&rsquo;adapter parfaitement \u00e0 votre tablette et la prot\u00e9ger de la poussi\u00e8re, des rayures et des chocs mineurs, ce cache inf\u00e9rieur est con\u00e7u pour une protection optimale.<\/p>\n<p>Fabriqu\u00e9e avec pr\u00e9cision et durabilit\u00e9, cette pi\u00e8ce de rechange d&rsquo;origine Lenovo s&rsquo;adapte parfaitement \u00e0 votre tablette et pr\u00e9serve son esth\u00e9tique d&rsquo;origine. Facile \u00e0 installer, il vous permet de remplacer le cache inf\u00e9rieur vous-m\u00eame, sans l&rsquo;aide d&rsquo;un professionnel. En choisissant la coque inf\u00e9rieure pour Lenovo MIIX 320-10ICR 10,1&Prime;, vous avez confiance en sa qualit\u00e9 et sa fiabilit\u00e9, car elle est fabriqu\u00e9e par Lenovo, le fabricant d&rsquo;origine. Cela garantit que cette pi\u00e8ce de rechange r\u00e9pond aux normes de qualit\u00e9 strictes du fabricant et est con\u00e7ue pour durer.<\/p>\n<p>\u00c9quip\u00e9e de la coque inf\u00e9rieure Lenovo d&rsquo;origine, votre tablette Lenovo MIIX 320-10ICR 10,1&Prime; est prot\u00e9g\u00e9e, tout en pr\u00e9servant son esth\u00e9tique et ses fonctionnalit\u00e9s. Ayez l&rsquo;esprit tranquille\u00a0: votre tablette est parfaitement prot\u00e9g\u00e9e gr\u00e2ce \u00e0 cette pi\u00e8ce de rechange Lenovo de qualit\u00e9 sup\u00e9rieure.<\/p>\n<p>Investissez dans la coque inf\u00e9rieure pour Lenovo MIIX 320-10ICR 10,1&Prime; 8S1102-02661 et prolongez la dur\u00e9e de vie de votre tablette en la prot\u00e9geant de l&rsquo;usure quotidienne. Pr\u00e9servez l&rsquo;aspect neuf et les performances optimales de votre appareil gr\u00e2ce \u00e0 cette pi\u00e8ce de rechange Lenovo d&rsquo;origine.<\/p>\n","protected":false},"excerpt":{"rendered":"<p>Le couvercle de base inf\u00e9rieur Lenovo MIIX 320-10ICR 10,1&Prime; est une pi\u00e8ce de rechange d&rsquo;origine con\u00e7ue pour prot\u00e9ger et couvrir la partie inf\u00e9rieure de votre tablette Lenovo MIIX 320-10ICR 10,1&Prime;.<\/p>\n","protected":false},"featured_media":8350,"template":"","meta":[],"product_brand":[],"product_cat":[52],"product_tag":[62],"class_list":{"0":"post-8283","1":"product","2":"type-product","3":"status-publish","4":"has-post-thumbnail","6":"product_cat-laptop-housing","7":"product_tag-lenovo","9":"first","10":"instock","11":"taxable","12":"shipping-taxable","13":"purchasable","14":"product-type-simple"},"_links":{"self":[{"href":"https:\/\/boreait.com\/fr\/wp-json\/wp\/v2\/product\/8283","targetHints":{"allow":["GET"]}}],"collection":[{"href":"https:\/\/boreait.com\/fr\/wp-json\/wp\/v2\/product"}],"about":[{"href":"https:\/\/boreait.com\/fr\/wp-json\/wp\/v2\/types\/product"}],"wp:featuredmedia":[{"embeddable":true,"href":"https:\/\/boreait.com\/fr\/wp-json\/wp\/v2\/media\/8350"}],"wp:attachment":[{"href":"https:\/\/boreait.com\/fr\/wp-json\/wp\/v2\/media?parent=8283"}],"wp:term":[{"taxonomy":"product_brand","embeddable":true,"href":"https:\/\/boreait.com\/fr\/wp-json\/wp\/v2\/product_brand?post=8283"},{"taxonomy":"product_cat","embeddable":true,"href":"https:\/\/boreait.com\/fr\/wp-json\/wp\/v2\/product_cat?post=8283"},{"taxonomy":"product_tag","embeddable":true,"href":"https:\/\/boreait.com\/fr\/wp-json\/wp\/v2\/product_tag?post=8283"}],"curies":[{"name":"wp","href":"https:\/\/api.w.org\/{rel}","templated":true}]}}