{"id":8251,"date":"2025-09-15T14:31:28","date_gmt":"2025-09-15T12:31:28","guid":{"rendered":"https:\/\/boreait.com\/fr\/?post_type=product&#038;p=8251"},"modified":"2026-01-09T10:19:00","modified_gmt":"2026-01-09T09:19:00","slug":"carte-de-connecteur-de-disque-dur-sata-dell-latitude-e7450-authentique-2n4j0-02n4j0","status":"publish","type":"product","link":"https:\/\/boreait.com\/fr\/produit\/carte-de-connecteur-de-disque-dur-sata-dell-latitude-e7450-authentique-2n4j0-02n4j0\/","title":{"rendered":"CARTE DE CONNECTEUR DE DISQUE DUR SATA DELL LATITUDE E7450 AUTHENTIQUE 2N4J0 02N4J0"},"content":{"rendered":"<p>La carte de connexion du disque dur SATA est un composant essentiel qui permet \u00e0 votre ordinateur portable de communiquer avec le disque dur, permettant ainsi le transfert et le stockage des donn\u00e9es. Avec le temps, les connecteurs peuvent s&rsquo;user ou s&rsquo;endommager, entra\u00eenant des probl\u00e8mes de transfert de donn\u00e9es, voire une panne compl\u00e8te du disque dur. Ne faites aucun compromis sur les performances et ne risquez pas de perdre vos pr\u00e9cieuses donn\u00e9es\u00a0: remplacez votre ancienne carte de connexion par la carte Dell 2N4J0 (02N4J0) d&rsquo;origine et profitez de la tranquillit\u00e9 d&rsquo;esprit que procurent des solutions de stockage fiables.<\/p>\n<p>Con\u00e7ue et fabriqu\u00e9e par Dell, cette carte de connexion du disque dur SATA est une pi\u00e8ce d&rsquo;origine authentique, garantissant une compatibilit\u00e9 et des performances optimales pour votre ordinateur portable Latitude E7450. Avec le mod\u00e8le 2N4J0 (02N4J0), vous avez l&rsquo;assurance qu&rsquo;il s&rsquo;adaptera parfaitement et fonctionnera parfaitement avec le mat\u00e9riel de votre ordinateur portable.<\/p>\n<p>L&rsquo;installation est un jeu d&rsquo;enfant, m\u00eame pour les personnes sans expertise technique approfondie. Il suffit de retirer l&rsquo;ancienne carte de connexion et de la remplacer par la carte de connexion du disque dur SATA Dell 2N4J0 (02N4J0) d&rsquo;origine. Inutile de vous soucier de la compatibilit\u00e9 ou des proc\u00e9dures complexes\u00a0: la mise \u00e0 niveau est simple et fluide.<\/p>\n<p>Optimisez le fonctionnement de votre Dell Latitude E7450 en investissant dans la carte de connecteur de disque dur SATA Dell authentique 2N4J0 (02N4J0). Restaurez des capacit\u00e9s de transfert de donn\u00e9es et de stockage optimales, garantissant ainsi des performances optimales pour votre ordinateur portable. Ne vous contentez pas de moins pour les composants essentiels de votre ordinateur portable\u00a0: choisissez la carte Dell authentique 2N4J0 (02N4J0) et constatez la diff\u00e9rence en termes de fiabilit\u00e9 et de performances.<\/p>\n","protected":false},"excerpt":{"rendered":"<p>Exploitez tout le potentiel de votre Dell Latitude E7450 avec la carte de connexion pour disque dur SATA Dell d&rsquo;origine 2N4J0 (02N4J0). Cette carte de connexion de haute qualit\u00e9 remplace parfaitement votre carte actuelle et assure une connectivit\u00e9 fluide et fiable entre le disque dur de votre ordinateur portable et la carte m\u00e8re.<\/p>\n","protected":false},"featured_media":8310,"template":"","meta":[],"product_brand":[],"product_cat":[63],"product_tag":[53],"class_list":{"0":"post-8251","1":"product","2":"type-product","3":"status-publish","4":"has-post-thumbnail","6":"product_cat-motherboards-board-parts","7":"product_tag-dell","9":"first","10":"instock","11":"taxable","12":"shipping-taxable","13":"purchasable","14":"product-type-simple"},"_links":{"self":[{"href":"https:\/\/boreait.com\/fr\/wp-json\/wp\/v2\/product\/8251","targetHints":{"allow":["GET"]}}],"collection":[{"href":"https:\/\/boreait.com\/fr\/wp-json\/wp\/v2\/product"}],"about":[{"href":"https:\/\/boreait.com\/fr\/wp-json\/wp\/v2\/types\/product"}],"wp:featuredmedia":[{"embeddable":true,"href":"https:\/\/boreait.com\/fr\/wp-json\/wp\/v2\/media\/8310"}],"wp:attachment":[{"href":"https:\/\/boreait.com\/fr\/wp-json\/wp\/v2\/media?parent=8251"}],"wp:term":[{"taxonomy":"product_brand","embeddable":true,"href":"https:\/\/boreait.com\/fr\/wp-json\/wp\/v2\/product_brand?post=8251"},{"taxonomy":"product_cat","embeddable":true,"href":"https:\/\/boreait.com\/fr\/wp-json\/wp\/v2\/product_cat?post=8251"},{"taxonomy":"product_tag","embeddable":true,"href":"https:\/\/boreait.com\/fr\/wp-json\/wp\/v2\/product_tag?post=8251"}],"curies":[{"name":"wp","href":"https:\/\/api.w.org\/{rel}","templated":true}]}}